{"id":4615,"date":"2024-01-10T14:26:44","date_gmt":"2024-01-10T20:26:44","guid":{"rendered":"https:\/\/www.compumashn.net\/inicio\/?page_id=4615"},"modified":"2025-03-27T15:28:54","modified_gmt":"2025-03-27T21:28:54","slug":"cobertura","status":"publish","type":"page","link":"https:\/\/www.compumashn.net\/inicio\/cobertura\/","title":{"rendered":"Cobertura"},"content":{"rendered":"\n<div class=\"wp-block-stackable-columns stk-block-columns stk-block stk-1f13f13\" data-block-id=\"1f13f13\"><style>.stk-1f13f13 {margin-bottom:16px !important;}<\/style><div class=\"stk-row stk-inner-blocks stk-block-content stk-content-align stk-1f13f13-column\">\n<div class=\"wp-block-stackable-column stk-block-column stk-column stk-block stk-e873caf\" data-v=\"4\" data-block-id=\"e873caf\"><style>@media screen and (min-width: 768px){.stk-e873caf {flex:var(--stk-flex-grow, 1) 1 66.7% !important;}}<\/style><div class=\"stk-column-wrapper stk-block-column__content stk-container stk-e873caf-container stk--no-background stk--no-padding\"><div class=\"stk-block-content stk-inner-blocks stk-e873caf-inner-blocks\">\n<div class=\"wp-block-stackable-image stk-block-image stk-block stk-5a03102\" data-block-id=\"5a03102\"><style>.stk-5a03102 .stk-img-wrapper img{border-radius:11px !important;}<\/style><figure><span class=\"stk-img-wrapper stk-image--shape-stretch\"><img loading=\"lazy\" decoding=\"async\" class=\"stk-img wp-image-4617\" src=\"https:\/\/www.compumashn.net\/inicio\/wp-content\/uploads\/2024\/01\/Diseno-sin-titulo.png\" width=\"2841\" height=\"2015\" srcset=\"https:\/\/www.compumashn.net\/inicio\/wp-content\/uploads\/2024\/01\/Diseno-sin-titulo.png 2841w, https:\/\/www.compumashn.net\/inicio\/wp-content\/uploads\/2024\/01\/Diseno-sin-titulo-300x213.png 300w, https:\/\/www.compumashn.net\/inicio\/wp-content\/uploads\/2024\/01\/Diseno-sin-titulo-1024x726.png 1024w, https:\/\/www.compumashn.net\/inicio\/wp-content\/uploads\/2024\/01\/Diseno-sin-titulo-768x545.png 768w, https:\/\/www.compumashn.net\/inicio\/wp-content\/uploads\/2024\/01\/Diseno-sin-titulo-1536x1089.png 1536w, https:\/\/www.compumashn.net\/inicio\/wp-content\/uploads\/2024\/01\/Diseno-sin-titulo-2048x1453.png 2048w, https:\/\/www.compumashn.net\/inicio\/wp-content\/uploads\/2024\/01\/Diseno-sin-titulo-600x426.png 600w\" sizes=\"auto, (max-width: 2841px) 100vw, 2841px\" \/><\/span><\/figure><\/div>\n<\/div><\/div><\/div>\n\n\n\n<div class=\"wp-block-stackable-column stk-block-column stk-column stk-block stk-d069e64\" data-v=\"4\" data-block-id=\"d069e64\"><style>@media screen and (min-width: 768px){.stk-d069e64 {flex:var(--stk-flex-grow, 1) 1 33.3% !important;}}<\/style><div class=\"stk-column-wrapper stk-block-column__content stk-container stk-d069e64-container stk--no-background stk--no-padding\"><div class=\"stk-block-content stk-inner-blocks stk-d069e64-inner-blocks\">\n<div style=\"height:100px\" aria-hidden=\"true\" class=\"wp-block-spacer\"><\/div>\n\n\n\n<div class=\"wp-block-stackable-heading stk-block-heading stk-block-heading--v2 stk-block stk-d9c171d\" id=\"strong-span-style-color-c-2-ae-00-class-stk-highlight-con-sucursales-en-span-strong\" data-block-id=\"d9c171d\"><style>.stk-d9c171d .stk-block-heading__text{font-size:38px !important;}@media screen and (max-width: 1023px){.stk-d9c171d .stk-block-heading__text{font-size:38px !important;}}<\/style><h1 class=\"stk-block-heading__text\"><strong><span style=\"color: #c2ae00;\" class=\"stk-highlight\">Con sucursales en:<\/span><\/strong><\/h1><\/div>\n\n\n\n<div class=\"wp-block-stackable-text stk-block-text stk-block stk-64b2b37\" data-block-id=\"64b2b37\"><style>.stk-64b2b37 {margin-bottom:15px !important;}<\/style><p class=\"stk-block-text__text\"><strong><span style=\"color: #033772;\" class=\"stk-highlight\">&#8211; El Progreso, Yoro.<\/span><\/strong><\/p><\/div>\n\n\n\n<div class=\"wp-block-stackable-text stk-block-text stk-block stk-088524e\" data-block-id=\"088524e\"><style>.stk-088524e {margin-bottom:15px !important;}<\/style><p class=\"stk-block-text__text\"><strong><span style=\"color: #033772;\" class=\"stk-highlight\">&#8211; Santa Rosa, Cop\u00e1n.<\/span><\/strong><\/p><\/div>\n\n\n\n<div class=\"wp-block-stackable-text stk-block-text stk-block stk-b58978d\" data-block-id=\"b58978d\"><style>.stk-b58978d {margin-bottom:15px !important;}<\/style><p class=\"stk-block-text__text\"><strong><span style=\"color: #033772;\" class=\"stk-highlight\">&#8211; Olanchito, Yoro.<\/span><\/strong><\/p><\/div>\n\n\n\n<div class=\"wp-block-stackable-text stk-block-text stk-block stk-592315f\" data-block-id=\"592315f\"><style>.stk-592315f {margin-bottom:15px !important;}<\/style><p class=\"stk-block-text__text\"><strong><span style=\"color: #033772;\" class=\"stk-highlight\">&#8211; Tocoa, Col\u00f3n.<\/span><\/strong><\/p><\/div>\n\n\n\n<div class=\"wp-block-stackable-text stk-block-text stk-block stk-8d0edad\" data-block-id=\"8d0edad\"><style>.stk-8d0edad {margin-bottom:15px !important;}<\/style><p class=\"stk-block-text__text\"><strong><span style=\"color: #033772;\" class=\"stk-highlight\">&#8211; Gracias, Lempira.<\/span><\/strong><\/p><\/div>\n\n\n\n<div class=\"wp-block-stackable-text stk-block-text stk-block stk-9391fdd\" data-block-id=\"9391fdd\"><p class=\"stk-block-text__text\"><strong><span style=\"color: #033772;\" class=\"stk-highlight\">&#8211; Urraco, Yoro.<\/span><\/strong><\/p><\/div>\n\n\n\n<div class=\"wp-block-stackable-text stk-block-text stk-block stk-484b4d8\" data-block-id=\"484b4d8\"><p class=\"stk-block-text__text\"><strong><span style=\"color: #033772;\" class=\"stk-highlight\">&#8211; Sabanagrande, Francisco Moraz\u00e1n.<\/span><\/strong><\/p><\/div>\n\n\n\n<div class=\"wp-block-stackable-text stk-block-text stk-block stk-d1229d3\" data-block-id=\"d1229d3\"><p class=\"stk-block-text__text\"><strong><span style=\"color: #033772;\" class=\"stk-highlight\">&#8211; Dos Caminos, Villanueva, Cort\u00e9s.<\/span><\/strong><\/p><\/div>\n<\/div><\/div><\/div>\n<\/div><\/div>\n\n\n\n<p><\/p>\n","protected":false},"excerpt":{"rendered":"<p>Con sucursales en: &#8211; El Progreso, Yoro. &#8211; Santa Rosa, Cop\u00e1n. &#8211; Olanchito, Yoro. &#8211; Tocoa, Col\u00f3n. &#8211; Gracias, Lempira. &#8211; Urraco, Yoro. &#8211; Sabanagrande, Francisco Moraz\u00e1n. &#8211; Dos Caminos, Villanueva, Cort\u00e9s.<\/p>\n","protected":false},"author":1,"featured_media":0,"parent":0,"menu_order":0,"comment_status":"closed","ping_status":"closed","template":"","meta":{"_monsterinsights_skip_tracking":false,"_monsterinsights_sitenote_active":false,"_monsterinsights_sitenote_note":"","_monsterinsights_sitenote_category":0,"footnotes":""},"class_list":["post-4615","page","type-page","status-publish","hentry","notblog"],"_links":{"self":[{"href":"https:\/\/www.compumashn.net\/inicio\/wp-json\/wp\/v2\/pages\/4615","targetHints":{"allow":["GET"]}}],"collection":[{"href":"https:\/\/www.compumashn.net\/inicio\/wp-json\/wp\/v2\/pages"}],"about":[{"href":"https:\/\/www.compumashn.net\/inicio\/wp-json\/wp\/v2\/types\/page"}],"author":[{"embeddable":true,"href":"https:\/\/www.compumashn.net\/inicio\/wp-json\/wp\/v2\/users\/1"}],"replies":[{"embeddable":true,"href":"https:\/\/www.compumashn.net\/inicio\/wp-json\/wp\/v2\/comments?post=4615"}],"version-history":[{"count":8,"href":"https:\/\/www.compumashn.net\/inicio\/wp-json\/wp\/v2\/pages\/4615\/revisions"}],"predecessor-version":[{"id":5109,"href":"https:\/\/www.compumashn.net\/inicio\/wp-json\/wp\/v2\/pages\/4615\/revisions\/5109"}],"wp:attachment":[{"href":"https:\/\/www.compumashn.net\/inicio\/wp-json\/wp\/v2\/media?parent=4615"}],"curies":[{"name":"wp","href":"https:\/\/api.w.org\/{rel}","templated":true}]}}