{"id":4764,"date":"2024-03-26T11:39:35","date_gmt":"2024-03-26T17:39:35","guid":{"rendered":"https:\/\/www.compumashn.net\/inicio\/?page_id=4764"},"modified":"2025-08-04T09:18:16","modified_gmt":"2025-08-04T15:18:16","slug":"dulce-nombre","status":"publish","type":"page","link":"https:\/\/www.compumashn.net\/inicio\/dulce-nombre\/","title":{"rendered":"Dulce Nombre"},"content":{"rendered":"\n<div class=\"wp-block-stackable-image stk-block-image stk-block stk-6dfea3b\" data-block-id=\"6dfea3b\"><style>.stk-6dfea3b {margin-bottom:30px !important;}<\/style><figure><span class=\"stk-img-wrapper stk-image--shape-stretch\"><img loading=\"lazy\" decoding=\"async\" class=\"stk-img wp-image-3010\" src=\"https:\/\/www.compumashn.net\/inicio\/wp-content\/uploads\/2023\/01\/Internet-Residencial-banner.png\" width=\"1574\" height=\"281\" srcset=\"https:\/\/www.compumashn.net\/inicio\/wp-content\/uploads\/2023\/01\/Internet-Residencial-banner.png 1574w, https:\/\/www.compumashn.net\/inicio\/wp-content\/uploads\/2023\/01\/Internet-Residencial-banner-300x54.png 300w, https:\/\/www.compumashn.net\/inicio\/wp-content\/uploads\/2023\/01\/Internet-Residencial-banner-1024x183.png 1024w, https:\/\/www.compumashn.net\/inicio\/wp-content\/uploads\/2023\/01\/Internet-Residencial-banner-768x137.png 768w, https:\/\/www.compumashn.net\/inicio\/wp-content\/uploads\/2023\/01\/Internet-Residencial-banner-1536x274.png 1536w, https:\/\/www.compumashn.net\/inicio\/wp-content\/uploads\/2023\/01\/Internet-Residencial-banner-600x107.png 600w\" sizes=\"auto, (max-width: 1574px) 100vw, 1574px\" \/><\/span><\/figure><\/div>\n\n\n\n<div class=\"wp-block-stackable-subtitle stk-block-subtitle stk-block stk-efab5b0\" data-block-id=\"efab5b0\"><style>.stk-efab5b0 {margin-bottom:0px !important;}.stk-efab5b0 .stk-block-subtitle__text{font-size:28px !important;color:#033772 !important;}@media screen and (max-width: 1023px){.stk-efab5b0 .stk-block-subtitle__text{font-size:28px !important;}}<\/style><p class=\"stk-block-subtitle__text stk-subtitle has-text-color has-secondary-color has-text-align-center\"><strong>PLANES DE INTERNET + TV DIGITAL<\/strong><\/p><\/div>\n\n\n<div class=\"standard \">\n<div class=\"pricing-table-header-standard\">\n<h2 style=\"padding-left: 40px;\">L 505.00\/mes<\/h2>\n<\/div>\n<div class=\"pricing-table-features\">\n<p><strong>25<\/strong> Megas<\/p>\n<p><b>Televisi\u00f3n <\/b>Digital<\/p>\n<p><b>M\u00e1s de 100 <\/b>canales<\/p>\n<p><b>Instalaci\u00f3n <\/b>gratis<\/p>\n<p><strong>Internet<\/strong> por fibra \u00f3ptica<\/p>\n<p><strong>Soporte t\u00e9cnico: <\/strong>7a.m. &#8211; 11p.m.<\/p>\n<\/div>\n<div class=\"pricing-table-signup-standard\">\n<p><a href=\"https:\/\/www.compumashn.net\/inicio\/honduras\/\">\u00a0 \u00a0 \u00a0 \u00a0 Solicitar<\/a><\/p>\n<\/div>\n<\/div>\n<div class=\"premium\">\n<div class=\"pricing-table-header-premium\">\n<h2 style=\"padding-left: 40px;\">L 601.00\/mes<\/h2>\n<\/div>\n<div class=\"pricing-table-features\">\n<p><strong>35<\/strong> Megas<\/p>\n<p><b>Televisi\u00f3n <\/b>Digital<\/p>\n<p><b>M\u00e1s de 100 <\/b>canales<\/p>\n<p><b>Instalaci\u00f3n <\/b>gratis<\/p>\n<p><strong>Internet<\/strong> por fibra \u00f3ptica<\/p>\n<p><strong>Soporte t\u00e9cnico: <\/strong>7a.m. &#8211; 11p.m.<\/p>\n<\/div>\n<div class=\"pricing-table-signup-premium\">\n<p><a href=\"https:\/\/www.compumashn.net\/inicio\/honduras\/\">\u00a0 \u00a0 \u00a0 \u00a0 Solicitar<\/a><\/p>\n<\/div>\n<\/div>\n<div class=\"professional\">\n<div class=\"pricing-table-header-professional\">\n<h2 style=\"padding-left: 40px;\">L 721.00\/mes<\/h2>\n<\/div>\n<div class=\"pricing-table-features\">\n<p><strong>50<\/strong> Megas<\/p>\n<p><b>Televisi\u00f3n <\/b>Digital<\/p>\n<p><b>M\u00e1s de 100 <\/b>canales<\/p>\n<p><b>Instalaci\u00f3n <\/b>gratis<\/p>\n<p><strong>Internet<\/strong> por fibra \u00f3ptica<\/p>\n<p><strong>Soporte t\u00e9cnico: <\/strong>7a.m. &#8211; 11p.m.<\/p>\n<\/div>\n<div class=\"pricing-table-signup-professional\">\n<p><a href=\"https:\/\/www.compumashn.net\/inicio\/honduras\/\">\u00a0 \u00a0 \u00a0 \u00a0 Solicitar<\/a><\/p>\n<\/div>\n<\/div>\n\n\n<figure class=\"wp-block-image size-full\"><a href=\"https:\/\/www.compumashn.net\/inicio\/wp-content\/uploads\/2023\/01\/Blanco-largo-1.jpg\"><img loading=\"lazy\" decoding=\"async\" width=\"840\" height=\"30\" src=\"https:\/\/www.compumashn.net\/inicio\/wp-content\/uploads\/2023\/01\/Blanco-largo-1.jpg\" alt=\"\" class=\"wp-image-3186\" srcset=\"https:\/\/www.compumashn.net\/inicio\/wp-content\/uploads\/2023\/01\/Blanco-largo-1.jpg 840w, https:\/\/www.compumashn.net\/inicio\/wp-content\/uploads\/2023\/01\/Blanco-largo-1-300x11.jpg 300w, https:\/\/www.compumashn.net\/inicio\/wp-content\/uploads\/2023\/01\/Blanco-largo-1-768x27.jpg 768w, https:\/\/www.compumashn.net\/inicio\/wp-content\/uploads\/2023\/01\/Blanco-largo-1-600x21.jpg 600w\" sizes=\"auto, (max-width: 840px) 100vw, 840px\" \/><\/a><\/figure>\n\n\n\n<div class=\"wp-block-stackable-subtitle stk-block-subtitle stk-block stk-91e00fd\" data-block-id=\"91e00fd\"><style>.stk-91e00fd {margin-bottom:0px !important;}.stk-91e00fd .stk-block-subtitle__text{font-size:28px !important;color:#033772 !important;}@media screen and (max-width: 1023px){.stk-91e00fd .stk-block-subtitle__text{font-size:28px !important;}}<\/style><p class=\"stk-block-subtitle__text stk-subtitle has-text-color has-secondary-color has-text-align-center\"><strong><strong><strong>PLANES DE SOLO INTERNET<\/strong><\/strong><\/strong><\/p><\/div>\n\n\n<div class=\"standard \">\n<div class=\"pricing-table-header-standard\">\n<h2 style=\"padding-left: 40px;\">L 500.00\/mes<\/h2>\n<\/div>\n<div class=\"pricing-table-features\">\n<p><strong>35<\/strong> Megas<\/p>\n<p><b>Instalaci\u00f3n <\/b>gratis<\/p>\n<p><strong>Internet<\/strong> por fibra \u00f3ptica<\/p>\n<p><strong>Soporte t\u00e9cnico: <\/strong>7a.m. &#8211; 11p.m.<\/p>\n<\/div>\n<div class=\"pricing-table-signup-standard\">\n<p><a href=\"https:\/\/www.compumashn.net\/inicio\/honduras\/\">\u00a0 \u00a0 \u00a0 \u00a0 Solicita<\/a><\/p>\n<\/div>\n<\/div>","protected":false},"excerpt":{"rendered":"<p>PLANES DE INTERNET + TV DIGITAL L 505.00\/mes 25 Megas Televisi\u00f3n Digital M\u00e1s de 100 canales Instalaci\u00f3n gratis Internet por fibra \u00f3ptica Soporte t\u00e9cnico: 7a.m. &#8211; 11p.m. \u00a0 \u00a0 \u00a0 \u00a0 Solicitar L 601.00\/mes 35 Megas Televisi\u00f3n Digital M\u00e1s de 100 canales Instalaci\u00f3n gratis Internet por fibra \u00f3ptica Soporte t\u00e9cnico: 7a.m. &#8211; 11p.m. \u00a0 \u00a0 [&hellip;]<\/p>\n","protected":false},"author":1,"featured_media":0,"parent":0,"menu_order":0,"comment_status":"closed","ping_status":"closed","template":"","meta":{"_monsterinsights_skip_tracking":false,"_monsterinsights_sitenote_active":false,"_monsterinsights_sitenote_note":"","_monsterinsights_sitenote_category":0,"footnotes":""},"class_list":["post-4764","page","type-page","status-publish","hentry","notblog"],"_links":{"self":[{"href":"https:\/\/www.compumashn.net\/inicio\/wp-json\/wp\/v2\/pages\/4764","targetHints":{"allow":["GET"]}}],"collection":[{"href":"https:\/\/www.compumashn.net\/inicio\/wp-json\/wp\/v2\/pages"}],"about":[{"href":"https:\/\/www.compumashn.net\/inicio\/wp-json\/wp\/v2\/types\/page"}],"author":[{"embeddable":true,"href":"https:\/\/www.compumashn.net\/inicio\/wp-json\/wp\/v2\/users\/1"}],"replies":[{"embeddable":true,"href":"https:\/\/www.compumashn.net\/inicio\/wp-json\/wp\/v2\/comments?post=4764"}],"version-history":[{"count":2,"href":"https:\/\/www.compumashn.net\/inicio\/wp-json\/wp\/v2\/pages\/4764\/revisions"}],"predecessor-version":[{"id":5192,"href":"https:\/\/www.compumashn.net\/inicio\/wp-json\/wp\/v2\/pages\/4764\/revisions\/5192"}],"wp:attachment":[{"href":"https:\/\/www.compumashn.net\/inicio\/wp-json\/wp\/v2\/media?parent=4764"}],"curies":[{"name":"wp","href":"https:\/\/api.w.org\/{rel}","templated":true}]}}