{"id":4766,"date":"2024-03-26T11:39:09","date_gmt":"2024-03-26T17:39:09","guid":{"rendered":"https:\/\/www.compumashn.net\/inicio\/?page_id=4766"},"modified":"2026-01-07T18:14:15","modified_gmt":"2026-01-08T00:14:15","slug":"sabanagrande","status":"publish","type":"page","link":"https:\/\/www.compumashn.net\/inicio\/sabanagrande\/","title":{"rendered":"Sabanagrande"},"content":{"rendered":"\n<div class=\"wp-block-stackable-image stk-block-image stk-block stk-12f577e\" data-block-id=\"12f577e\"><style>.stk-12f577e {margin-bottom:30px !important;}.stk-12f577e .stk-img-wrapper{height:150px !important;}<\/style><figure><span class=\"stk-img-wrapper stk-image--shape-stretch\"><img loading=\"lazy\" decoding=\"async\" class=\"stk-img wp-image-3010\" src=\"https:\/\/www.compumashn.net\/inicio\/wp-content\/uploads\/2023\/01\/Internet-Residencial-banner.png\" width=\"1574\" height=\"281\" srcset=\"https:\/\/www.compumashn.net\/inicio\/wp-content\/uploads\/2023\/01\/Internet-Residencial-banner.png 1574w, https:\/\/www.compumashn.net\/inicio\/wp-content\/uploads\/2023\/01\/Internet-Residencial-banner-300x54.png 300w, https:\/\/www.compumashn.net\/inicio\/wp-content\/uploads\/2023\/01\/Internet-Residencial-banner-1024x183.png 1024w, https:\/\/www.compumashn.net\/inicio\/wp-content\/uploads\/2023\/01\/Internet-Residencial-banner-768x137.png 768w, https:\/\/www.compumashn.net\/inicio\/wp-content\/uploads\/2023\/01\/Internet-Residencial-banner-1536x274.png 1536w, https:\/\/www.compumashn.net\/inicio\/wp-content\/uploads\/2023\/01\/Internet-Residencial-banner-600x107.png 600w\" sizes=\"auto, (max-width: 1574px) 100vw, 1574px\" \/><\/span><\/figure><\/div>\n\n\n\n<div class=\"wp-block-stackable-subtitle stk-block-subtitle stk-block stk-4d44087\" data-block-id=\"4d44087\"><style>.stk-4d44087 {margin-bottom:0px !important;}.stk-4d44087 .stk-block-subtitle__text{font-size:28px !important;color:#033772 !important;}@media screen and (max-width: 1023px){.stk-4d44087 .stk-block-subtitle__text{font-size:28px !important;}}<\/style><p class=\"stk-block-subtitle__text stk-subtitle has-text-color has-secondary-color has-text-align-center\"><strong>PLANES DE INTERNET + TV B\u00c1SICA<\/strong><\/p><\/div>\n\n\n<div class=\"standard \">\n<div class=\"pricing-table-header-standard\">\n<h2 style=\"padding-left: 40px;\">L 930.00\/mes<\/h2>\n<\/div>\n<div class=\"pricing-table-features\">\n<p><strong>150<\/strong>\u00a0Megas<\/p>\n<p><b>Televisi\u00f3n <\/b>SD<\/p>\n<p><b>M\u00e1s de 100 <\/b>canales<\/p>\n<p><b>Instalaci\u00f3n <\/b>gratis<\/p>\n<p><strong>Internet<\/strong> por fibra \u00f3ptica<\/p>\n<p><strong>Soporte t\u00e9cnico: <\/strong>7a.m. &#8211; 11p.m.<\/p>\n<\/div>\n<div class=\"pricing-table-signup-standard\">\n<p><a href=\"https:\/\/www.compumashn.net\/inicio\/honduras\/\">\u00a0 \u00a0 \u00a0 \u00a0 Solicitar<\/a><\/p>\n<\/div>\n<\/div>\n<div class=\"premium\">\n<div class=\"pricing-table-header-premium\">\n<h2 style=\"padding-left: 40px;\">L 1,165.00\/mes<\/h2>\n<\/div>\n<div class=\"pricing-table-features\">\n<p><strong>200<\/strong> Megas<\/p>\n<p><b>Televisi\u00f3n <\/b>SD<\/p>\n<p><b>M\u00e1s de 100 <\/b>canales<\/p>\n<p><b>Instalaci\u00f3n <\/b>gratis<\/p>\n<p><strong>Internet<\/strong> por fibra \u00f3ptica<\/p>\n<p><strong>Soporte t\u00e9cnico: <\/strong>7a.m. &#8211; 11p.m.<\/p>\n<\/div>\n<div class=\"pricing-table-signup-premium\">\n<p><a href=\"https:\/\/www.compumashn.net\/inicio\/honduras\/\">\u00a0 \u00a0 \u00a0 \u00a0 Solicitar<\/a><\/p>\n<\/div>\n<\/div>\n<div class=\"professional\">\n<div class=\"pricing-table-header-professional\">\n<h2 style=\"padding-left: 40px;\">L 1,400.00\/mes<\/h2>\n<\/div>\n<div class=\"pricing-table-features\">\n<p><strong>220<\/strong> Megas<\/p>\n<p><b>Televisi\u00f3n <\/b>SD<\/p>\n<p><b>M\u00e1s de 100 <\/b>canales<\/p>\n<p><b>Instalaci\u00f3n <\/b>gratis<\/p>\n<p><strong>Internet<\/strong> por fibra \u00f3ptica<\/p>\n<p><strong>Soporte t\u00e9cnicoe: <\/strong>7a.m. &#8211; 11p.m.<\/p>\n<\/div>\n<div class=\"pricing-table-signup-professional\">\n<p><a href=\"https:\/\/www.compumashn.net\/inicio\/honduras\/\">\u00a0 \u00a0 \u00a0 \u00a0 Solicitar<\/a><\/p>\n<\/div>\n<\/div>\n<div class=\"maximum\">\n<div class=\"pricing-table-header-maximum\">\n<h2 style=\"padding-left: 40px;\">L 1,635.00\/mes<\/h2>\n<\/div>\n<div class=\"pricing-table-features\">\n<p><strong>250<\/strong> Megas<\/p>\n<p><b>Televisi\u00f3n <\/b>SD<\/p>\n<p><b>M\u00e1s de 100 <\/b>canales<\/p>\n<p><b>Instalaci\u00f3n <\/b>gratis<\/p>\n<p><strong>Internet<\/strong> por fibra \u00f3ptica<\/p>\n<p><strong>Soporte t\u00e9cnico: <\/strong>7a.m. &#8211; 11p.m.<\/p>\n<\/div>\n<div class=\"pricing-table-signup-maximum\">\n<p><a href=\"https:\/\/www.compumashn.net\/inicio\/honduras\/\">\u00a0 \u00a0 \u00a0 \u00a0 Solicitar<\/a><\/p>\n<\/div>\n<\/div>\n\n\n<figure class=\"wp-block-image size-full\"><img loading=\"lazy\" decoding=\"async\" width=\"840\" height=\"30\" src=\"https:\/\/www.compumashn.net\/inicio\/wp-content\/uploads\/2023\/01\/Blanco-largo.jpg\" alt=\"\" class=\"wp-image-3183\" srcset=\"https:\/\/www.compumashn.net\/inicio\/wp-content\/uploads\/2023\/01\/Blanco-largo.jpg 840w, https:\/\/www.compumashn.net\/inicio\/wp-content\/uploads\/2023\/01\/Blanco-largo-300x11.jpg 300w, https:\/\/www.compumashn.net\/inicio\/wp-content\/uploads\/2023\/01\/Blanco-largo-768x27.jpg 768w, https:\/\/www.compumashn.net\/inicio\/wp-content\/uploads\/2023\/01\/Blanco-largo-600x21.jpg 600w\" sizes=\"auto, (max-width: 840px) 100vw, 840px\" \/><\/figure>\n\n\n\n<div class=\"wp-block-stackable-subtitle stk-block-subtitle stk-block stk-dfb9c84\" data-block-id=\"dfb9c84\"><style>.stk-dfb9c84 {margin-bottom:0px !important;}.stk-dfb9c84 .stk-block-subtitle__text{font-size:28px !important;color:#033772 !important;}@media screen and (max-width: 1023px){.stk-dfb9c84 .stk-block-subtitle__text{font-size:28px !important;}}<\/style><p class=\"stk-block-subtitle__text stk-subtitle has-text-color has-secondary-color has-text-align-center\"><strong>PLANES DE INTERNET + TV DIGITAL<\/strong><\/p><\/div>\n\n\n<div class=\"standard \">\n<div class=\"pricing-table-header-standard\">\n<h2 style=\"padding-left: 40px;\">L 775.00\/mes<\/h2>\n<\/div>\n<div class=\"pricing-table-features\">\n<p><strong>100<\/strong> Megas<\/p>\n<p><b>Televisi\u00f3n <\/b>Digital<\/p>\n<p><b>M\u00e1s de 100 <\/b>canales<\/p>\n<p><b>Instalaci\u00f3n <\/b>gratis<\/p>\n<p><strong>Internet<\/strong> por fibra \u00f3ptica<\/p>\n<p><strong>Soporte t\u00e9cnico: <\/strong>7a.m. &#8211; 11p.m.<\/p>\n<\/div>\n<div class=\"pricing-table-signup-standard\">\n<p><a href=\"https:\/\/www.compumashn.net\/inicio\/honduras\/\">\u00a0 \u00a0 \u00a0 \u00a0 Solicitar<\/a><\/p>\n<\/div>\n<\/div>\n<div class=\"premium\">\n<div class=\"pricing-table-header-premium\">\n<h2 style=\"padding-left: 40px;\">L 955.00\/mes<\/h2>\n<\/div>\n<div class=\"pricing-table-features\">\n<p><strong>150<\/strong>\u00a0Megas<\/p>\n<p><b>Televisi\u00f3n <\/b>Digital<\/p>\n<p><b>M\u00e1s de 100 <\/b>canales<\/p>\n<p><b>Instalaci\u00f3n <\/b>gratis<\/p>\n<p><strong>Internet<\/strong> por fibra \u00f3ptica<\/p>\n<p><strong>Soporte t\u00e9cnico: <\/strong>7a.m. &#8211; 11p.m.<\/p>\n<\/div>\n<div class=\"pricing-table-signup-premium\">\n<p><a href=\"https:\/\/www.compumashn.net\/inicio\/honduras\/\">\u00a0 \u00a0 \u00a0 \u00a0 Solicitar<\/a><\/p>\n<\/div>\n<\/div>\n<div class=\"professional\">\n<div class=\"pricing-table-header-professional\">\n<h2 style=\"padding-left: 40px;\">L 1,190.00\/mes<\/h2>\n<\/div>\n<div class=\"pricing-table-features\">\n<p><strong>200<\/strong> Megas<\/p>\n<p><b>Televisi\u00f3n <\/b>Digital<\/p>\n<p><b>M\u00e1s de 100 <\/b>canales<\/p>\n<p><b>Instalaci\u00f3n <\/b>gratis<\/p>\n<p><strong>Internet<\/strong> por fibra \u00f3ptica<\/p>\n<p><strong>Soporte t\u00e9cnico: <\/strong>7a.m. &#8211; 11p.m.<\/p>\n<\/div>\n<div class=\"pricing-table-signup-professional\">\n<p><a href=\"https:\/\/www.compumashn.net\/inicio\/honduras\/\">\u00a0 \u00a0 \u00a0 \u00a0 Solicitar<\/a><\/p>\n<\/div>\n<\/div>\n<div class=\"maximum\">\n<div class=\"pricing-table-header-maximum\">\n<h2 style=\"padding-left: 40px;\">L 1,425.00\/mes<\/h2>\n<\/div>\n<div class=\"pricing-table-features\">\n<p><strong>220<\/strong> Megas<\/p>\n<p><b>Televisi\u00f3n <\/b>Digital<\/p>\n<p><b>M\u00e1s de 100 <\/b>canales<\/p>\n<p><b>Instalaci\u00f3n <\/b>gratis<\/p>\n<p><strong>Internet<\/strong> por fibra \u00f3ptica<\/p>\n<p><strong>Soporte t\u00e9cnico: <\/strong>7a.m. &#8211; 11p.m.<\/p>\n<\/div>\n<div class=\"pricing-table-signup-maximum\">\n<p><a href=\"https:\/\/www.compumashn.net\/inicio\/honduras\/\">\u00a0 \u00a0 \u00a0 \u00a0 Solicitar<\/a><\/p>\n<\/div>\n<\/div>\n<div class=\"standard \">\n<div class=\"pricing-table-header-standard\">\n<h2 style=\"padding-left: 40px;\">L 1,660.00\/mes<\/h2>\n<\/div>\n<div class=\"pricing-table-features\">\n<p><strong>250<\/strong>\u00a0Megas<\/p>\n<p><b>Televisi\u00f3n <\/b>Digital<\/p>\n<p><b>M\u00e1s de 100 <\/b>canales<\/p>\n<p><b>Instalaci\u00f3n <\/b>gratis<\/p>\n<p><strong>Internet<\/strong> por fibra \u00f3ptica<\/p>\n<p><strong>Soporte t\u00e9cnico: <\/strong>7a.m. &#8211; 11p.m.<\/p>\n<\/div>\n<div class=\"pricing-table-signup-standard\">\n<p><a href=\"https:\/\/www.compumashn.net\/inicio\/honduras\/\">\u00a0 \u00a0 \u00a0 \u00a0 Solicitar<\/a><\/p>\n<\/div>\n<\/div>\n<div class=\"premium\">\n<div class=\"pricing-table-header-premium\">\n<h2 style=\"padding-left: 40px;\">L 2,013.00\/mes<\/h2>\n<\/div>\n<div class=\"pricing-table-features\">\n<p><strong>300<\/strong> Megas<\/p>\n<p><b>Televisi\u00f3n <\/b>Digital<\/p>\n<p><b>M\u00e1s de 100 <\/b>canales<\/p>\n<p><b>Instalaci\u00f3n <\/b>gratis<\/p>\n<p><strong>Internet<\/strong> por fibra \u00f3ptica<\/p>\n<p><strong>Soporte t\u00e9cnico: <\/strong>7a.m. &#8211; 11p.m.<\/p>\n<\/div>\n<div class=\"pricing-table-signup-premium\">\n<p><a href=\"https:\/\/www.compumashn.net\/inicio\/honduras\/\">\u00a0 \u00a0 \u00a0 \u00a0 Solicitar<\/a><\/p>\n<\/div>\n<\/div>\n\n\n<figure class=\"wp-block-image size-full\"><img loading=\"lazy\" decoding=\"async\" width=\"840\" height=\"30\" src=\"https:\/\/www.compumashn.net\/inicio\/wp-content\/uploads\/2023\/01\/Blanco-largo.jpg\" alt=\"\" class=\"wp-image-3183\" srcset=\"https:\/\/www.compumashn.net\/inicio\/wp-content\/uploads\/2023\/01\/Blanco-largo.jpg 840w, https:\/\/www.compumashn.net\/inicio\/wp-content\/uploads\/2023\/01\/Blanco-largo-300x11.jpg 300w, https:\/\/www.compumashn.net\/inicio\/wp-content\/uploads\/2023\/01\/Blanco-largo-768x27.jpg 768w, https:\/\/www.compumashn.net\/inicio\/wp-content\/uploads\/2023\/01\/Blanco-largo-600x21.jpg 600w\" sizes=\"auto, (max-width: 840px) 100vw, 840px\" \/><\/figure>\n\n\n\n<div class=\"wp-block-stackable-subtitle stk-block-subtitle stk-block stk-bd6a087\" data-block-id=\"bd6a087\"><style>.stk-bd6a087 {margin-bottom:0px !important;}.stk-bd6a087 .stk-block-subtitle__text{font-size:28px !important;color:#033772 !important;}@media screen and (max-width: 1023px){.stk-bd6a087 .stk-block-subtitle__text{font-size:28px !important;}}<\/style><p class=\"stk-block-subtitle__text stk-subtitle has-text-color has-secondary-color has-text-align-center\"><strong>PLANES DE SOLO INTERNET<\/strong><\/p><\/div>\n\n\n<div class=\"standard \">\n<div class=\"pricing-table-header-standard\">\n<h2 style=\"padding-left: 40px;\">L 500.00\/mes<\/h2>\n<\/div>\n<div class=\"pricing-table-features\">\n<p><strong>100<\/strong>\u00a0Megas<\/p>\n<p><b>Instalaci\u00f3n <\/b>gratis<\/p>\n<p><strong>Internet<\/strong> por fibra \u00f3ptica<\/p>\n<p><strong>Soporte t\u00e9cnico: <\/strong>7a.m. &#8211; 11p.m.<\/p>\n<\/div>\n<div class=\"pricing-table-signup-standard\">\n<p><a href=\"https:\/\/www.compumashn.net\/inicio\/honduras\/\">\u00a0 \u00a0 \u00a0 \u00a0 Solicitar<\/a><\/p>\n<\/div>\n<\/div>\n<div class=\"premium\">\n<div class=\"pricing-table-header-premium\">\n<h2 style=\"padding-left: 40px;\">L 705.00\/mes<\/h2>\n<\/div>\n<div class=\"pricing-table-features\">\n<p><strong>150<\/strong> Megas<\/p>\n<p><b>Instalaci\u00f3n <\/b>gratis<\/p>\n<p><strong>Internet<\/strong> por fibra \u00f3ptica<\/p>\n<p><strong>Soporte t\u00e9cnico: <\/strong>7a.m. &#8211; 11p.m.<\/p>\n<\/div>\n<div class=\"pricing-table-signup-premium\">\n<p><a href=\"https:\/\/www.compumashn.net\/inicio\/honduras\/\">\u00a0 \u00a0 \u00a0 \u00a0 Solicitar<\/a><\/p>\n<\/div>\n<\/div>\n<div class=\"professional\">\n<div class=\"pricing-table-header-professional\">\n<h2 style=\"padding-left: 40px;\">L 940.00\/mes<\/h2>\n<\/div>\n<div class=\"pricing-table-features\">\n<p><strong>200<\/strong> Megas<\/p>\n<p><b>Instalaci\u00f3n <\/b>gratis<\/p>\n<p><strong>Internet<\/strong> por fibra \u00f3ptica<\/p>\n<p><strong>Soporte t\u00e9cnico: <\/strong>7a.m. &#8211; 11p.m.<\/p>\n<\/div>\n<div class=\"pricing-table-signup-professional\">\n<p><a href=\"https:\/\/www.compumashn.net\/inicio\/honduras\/\">\u00a0 \u00a0 \u00a0 \u00a0 Solicitar<\/a><\/p>\n<\/div>\n<\/div>\n<div class=\"maximum\">\n<div class=\"pricing-table-header-maximum\">\n<h2 style=\"padding-left: 40px;\">L 1,175.00\/mes<\/h2>\n<\/div>\n<div class=\"pricing-table-features\">\n<p><strong>220<\/strong> Megas<\/p>\n<p><b>Instalaci\u00f3n <\/b>gratis<\/p>\n<p><strong>Internet<\/strong> por fibra \u00f3ptica<\/p>\n<p><strong>Soporte t\u00e9cnico: <\/strong>7a.m. &#8211; 11p.m.<\/p>\n<\/div>\n<div class=\"pricing-table-signup-maximum\">\n<p><a href=\"https:\/\/www.compumashn.net\/inicio\/honduras\/\">\u00a0 \u00a0 \u00a0 \u00a0 Solicitar<\/a><\/p>\n<\/div>\n<\/div>\n<div class=\"standard \">\n<div class=\"pricing-table-header-standard\">\n<h2 style=\"padding-left: 40px;\">L 1,410.00\/mes<\/h2>\n<\/div>\n<div class=\"pricing-table-features\">\n<p><strong>250<\/strong>\u00a0Megas<\/p>\n<p><b>Instalaci\u00f3n <\/b>gratis<\/p>\n<p><strong>Internet<\/strong> por fibra \u00f3ptica<\/p>\n<p><strong>Soporte t\u00e9cnico: <\/strong>7a.m. &#8211; 11p.m.<\/p>\n<\/div>\n<div class=\"pricing-table-signup-standard\">\n<p><a href=\"https:\/\/www.compumashn.net\/inicio\/honduras\/\">\u00a0 \u00a0 \u00a0 \u00a0 Solicitar<\/a><\/p>\n<\/div>\n<\/div>\n<div class=\"premium\">\n<div class=\"pricing-table-header-premium\">\n<h2 style=\"padding-left: 40px;\">L 1,763.00\/mes<\/h2>\n<\/div>\n<div class=\"pricing-table-features\">\n<p><strong>300<\/strong> Megas<\/p>\n<p><b>Instalaci\u00f3n <\/b>gratis<\/p>\n<p><strong>Internet<\/strong> por fibra \u00f3ptica<\/p>\n<p><strong>Soporte t\u00e9cnico: <\/strong>7a.m. &#8211; 11p.m.<\/p>\n<\/div>\n<div class=\"pricing-table-signup-premium\">\n<p><a href=\"https:\/\/www.compumashn.net\/inicio\/honduras\/\">\u00a0 \u00a0 \u00a0 \u00a0 Solicitar<\/a><\/p>\n<\/div>\n<\/div>","protected":false},"excerpt":{"rendered":"<p>PLANES DE INTERNET + TV B\u00c1SICA L 930.00\/mes 150\u00a0Megas Televisi\u00f3n SD M\u00e1s de 100 canales Instalaci\u00f3n gratis Internet por fibra \u00f3ptica Soporte t\u00e9cnico: 7a.m. &#8211; 11p.m. \u00a0 \u00a0 \u00a0 \u00a0 Solicitar L 1,165.00\/mes 200 Megas Televisi\u00f3n SD M\u00e1s de 100 canales Instalaci\u00f3n gratis Internet por fibra \u00f3ptica Soporte t\u00e9cnico: 7a.m. &#8211; 11p.m. \u00a0 \u00a0 \u00a0 [&hellip;]<\/p>\n","protected":false},"author":1,"featured_media":0,"parent":0,"menu_order":0,"comment_status":"closed","ping_status":"closed","template":"","meta":{"_monsterinsights_skip_tracking":false,"_monsterinsights_sitenote_active":false,"_monsterinsights_sitenote_note":"","_monsterinsights_sitenote_category":0,"footnotes":""},"class_list":["post-4766","page","type-page","status-publish","hentry","notblog"],"_links":{"self":[{"href":"https:\/\/www.compumashn.net\/inicio\/wp-json\/wp\/v2\/pages\/4766","targetHints":{"allow":["GET"]}}],"collection":[{"href":"https:\/\/www.compumashn.net\/inicio\/wp-json\/wp\/v2\/pages"}],"about":[{"href":"https:\/\/www.compumashn.net\/inicio\/wp-json\/wp\/v2\/types\/page"}],"author":[{"embeddable":true,"href":"https:\/\/www.compumashn.net\/inicio\/wp-json\/wp\/v2\/users\/1"}],"replies":[{"embeddable":true,"href":"https:\/\/www.compumashn.net\/inicio\/wp-json\/wp\/v2\/comments?post=4766"}],"version-history":[{"count":5,"href":"https:\/\/www.compumashn.net\/inicio\/wp-json\/wp\/v2\/pages\/4766\/revisions"}],"predecessor-version":[{"id":5310,"href":"https:\/\/www.compumashn.net\/inicio\/wp-json\/wp\/v2\/pages\/4766\/revisions\/5310"}],"wp:attachment":[{"href":"https:\/\/www.compumashn.net\/inicio\/wp-json\/wp\/v2\/media?parent=4766"}],"curies":[{"name":"wp","href":"https:\/\/api.w.org\/{rel}","templated":true}]}}