{"id":3210,"date":"2023-02-12T15:34:31","date_gmt":"2023-02-12T21:34:31","guid":{"rendered":"https:\/\/www.compumashn.net\/inicio\/?post_type=product&#038;p=3210"},"modified":"2025-07-06T14:02:20","modified_gmt":"2025-07-06T20:02:20","slug":"olt-v-sol-gpon-4-puertos","status":"publish","type":"product","link":"https:\/\/www.compumashn.net\/inicio\/product\/olt-v-sol-gpon-4-puertos\/","title":{"rendered":"OLT V-SOL GPON 4 PUERTOS"},"content":{"rendered":"<div class=\"desc\">La V1600G0 es una OLT GPON tipo caja de pizza con 4 puertos GPON que cumple con el acceso FTTx flexible y r\u00e1pido, adapt\u00e1ndose a los escenarios tales como \u00e1reas escasas\/remotas\/sensibles a los costes, parques industriales inteligentes, edificios comerciales y FTTM, etc.<\/div>\n<div class=\"attribute\">\n<ul>\n<li>Material:\u00a0Material de acero<\/li>\n<li>Tama\u00f1o:\u00a0442*220*43.6mm<\/li>\n<\/ul>\n<\/div>\n","protected":false},"excerpt":{"rendered":"<ul>\n<li>PLATAFORMA ABIERTA PARA ONT<\/li>\n<li>GESTI\u00d3N DE EMS Y WEB<\/li>\n<li>ACTUALIZACI\u00d3N AUTOMATICA<\/li>\n<\/ul>\n","protected":false},"featured_media":3899,"template":"","meta":{"_monsterinsights_skip_tracking":false,"_monsterinsights_sitenote_active":false,"_monsterinsights_sitenote_note":"","_monsterinsights_sitenote_category":0},"product_brand":[161],"product_cat":[100,99],"product_tag":[115],"class_list":{"0":"post-3210","1":"product","2":"type-product","3":"status-publish","4":"has-post-thumbnail","6":"product_brand-v-sol","7":"product_cat-gpon-olt","8":"product_cat-olt","9":"product_tag-v-sol","10":"notblog","12":"first","13":"instock","14":"featured","15":"taxable","16":"shipping-taxable","17":"purchasable","18":"product-type-simple"},"_links":{"self":[{"href":"https:\/\/www.compumashn.net\/inicio\/wp-json\/wp\/v2\/product\/3210","targetHints":{"allow":["GET"]}}],"collection":[{"href":"https:\/\/www.compumashn.net\/inicio\/wp-json\/wp\/v2\/product"}],"about":[{"href":"https:\/\/www.compumashn.net\/inicio\/wp-json\/wp\/v2\/types\/product"}],"wp:featuredmedia":[{"embeddable":true,"href":"https:\/\/www.compumashn.net\/inicio\/wp-json\/wp\/v2\/media\/3899"}],"wp:attachment":[{"href":"https:\/\/www.compumashn.net\/inicio\/wp-json\/wp\/v2\/media?parent=3210"}],"wp:term":[{"taxonomy":"product_brand","embeddable":true,"href":"https:\/\/www.compumashn.net\/inicio\/wp-json\/wp\/v2\/product_brand?post=3210"},{"taxonomy":"product_cat","embeddable":true,"href":"https:\/\/www.compumashn.net\/inicio\/wp-json\/wp\/v2\/product_cat?post=3210"},{"taxonomy":"product_tag","embeddable":true,"href":"https:\/\/www.compumashn.net\/inicio\/wp-json\/wp\/v2\/product_tag?post=3210"}],"curies":[{"name":"wp","href":"https:\/\/api.w.org\/{rel}","templated":true}]}}