{"id":3222,"date":"2023-02-12T16:37:11","date_gmt":"2023-02-12T22:37:11","guid":{"rendered":"https:\/\/www.compumashn.net\/inicio\/?post_type=product&#038;p=3222"},"modified":"2025-07-06T14:01:43","modified_gmt":"2025-07-06T20:01:43","slug":"olt-zte-gpon-c320-16-puertos","status":"publish","type":"product","link":"https:\/\/www.compumashn.net\/inicio\/product\/olt-zte-gpon-c320-16-puertos\/","title":{"rendered":"OLT ZTE GPON C320 16 PUERTOS"},"content":{"rendered":"<ul>\n<li><span data-spm-anchor-id=\"a2700.wholesale.0.i30.5e7f47d2BdLlxk\">GPON hasta 32 puertos<\/span><\/li>\n<li>Enlace interfaces 4 * GE (\u00f3ptica) + 2 * GE (electr\u00f3nica) o2 * 10GE (\u00f3ptica) + 2 * GE (\u00f3pticos)<span data-spm-anchor-id=\"a2700.wholesale.0.i31.5e7f47d2BdLlxk\">+ 2 * GE (electr\u00f3nica)<\/span><\/li>\n<li><span data-spm-anchor-id=\"a2700.wholesale.0.i26.5e7f47d2BdLlxk\">Plataforma unificada para GPON&#8230; XG-PON1 y P2P<\/span><\/li>\n<li>Tama\u00f1o peque\u00f1o andcompact dise\u00f1o de red flexible y despliegue r\u00e1pido<\/li>\n<li>2U marco con 2 ranuras de servicio compatible conZXA10 C300 las tarjetas de l\u00ednea<\/li>\n<li>Abundante servicio de capacidad de apoyo: IPTV llamadas VoIP HSI VPN backhaul m\u00f3vil.<\/li>\n<\/ul>\n","protected":false},"excerpt":{"rendered":"<ul>\n<li>PLATAFORMA PARA TARJETAS DE EXTENCI\u00d3N<\/li>\n<li>DISTANCIA DE 20 &#8211; 60 KILOMETROS<\/li>\n<\/ul>\n","protected":false},"featured_media":3223,"template":"","meta":{"_monsterinsights_skip_tracking":false,"_monsterinsights_sitenote_active":false,"_monsterinsights_sitenote_note":"","_monsterinsights_sitenote_category":0},"product_brand":[160],"product_cat":[100,99],"product_tag":[],"class_list":{"0":"post-3222","1":"product","2":"type-product","3":"status-publish","4":"has-post-thumbnail","6":"product_brand-zte","7":"product_cat-gpon-olt","8":"product_cat-olt","9":"notblog","11":"first","12":"instock","13":"featured","14":"taxable","15":"shipping-taxable","16":"purchasable","17":"product-type-simple"},"_links":{"self":[{"href":"https:\/\/www.compumashn.net\/inicio\/wp-json\/wp\/v2\/product\/3222","targetHints":{"allow":["GET"]}}],"collection":[{"href":"https:\/\/www.compumashn.net\/inicio\/wp-json\/wp\/v2\/product"}],"about":[{"href":"https:\/\/www.compumashn.net\/inicio\/wp-json\/wp\/v2\/types\/product"}],"wp:featuredmedia":[{"embeddable":true,"href":"https:\/\/www.compumashn.net\/inicio\/wp-json\/wp\/v2\/media\/3223"}],"wp:attachment":[{"href":"https:\/\/www.compumashn.net\/inicio\/wp-json\/wp\/v2\/media?parent=3222"}],"wp:term":[{"taxonomy":"product_brand","embeddable":true,"href":"https:\/\/www.compumashn.net\/inicio\/wp-json\/wp\/v2\/product_brand?post=3222"},{"taxonomy":"product_cat","embeddable":true,"href":"https:\/\/www.compumashn.net\/inicio\/wp-json\/wp\/v2\/product_cat?post=3222"},{"taxonomy":"product_tag","embeddable":true,"href":"https:\/\/www.compumashn.net\/inicio\/wp-json\/wp\/v2\/product_tag?post=3222"}],"curies":[{"name":"wp","href":"https:\/\/api.w.org\/{rel}","templated":true}]}}