{"id":3237,"date":"2023-02-12T19:54:37","date_gmt":"2023-02-13T01:54:37","guid":{"rendered":"https:\/\/www.compumashn.net\/inicio\/?post_type=product&#038;p=3237"},"modified":"2026-01-18T18:56:35","modified_gmt":"2026-01-19T00:56:35","slug":"edfa-32-puertos","status":"publish","type":"product","link":"https:\/\/www.compumashn.net\/inicio\/product\/edfa-32-puertos\/","title":{"rendered":"EDFA 32 PUERTOS"},"content":{"rendered":"<p>Amplificador de fibra de salida multipuerto de alta potencia con un ancho de banda de espectro de ganancia de 1535 ~ 1565nm. Est\u00e1 dise\u00f1ado principalmente para aplicaciones de CATV o 1 ~ 8 canales de banda continua (longitudes de onda ITU). Puede lograr transmisi\u00f3n de TV por cable de una sola longitud de onda, CWDM de tres ondas de fibra \u00fanica, ganancia plana, es un equipo importante para la construcci\u00f3n CATV grande Red de transmisi\u00f3n de fibra \u00f3ptica de tama\u00f1o medio.<\/p>\n","protected":false},"excerpt":{"rendered":"<ul>\n<li>WDM \/ 22-DBM<\/li>\n<\/ul>\n","protected":false},"featured_media":5331,"template":"","meta":{"_monsterinsights_skip_tracking":false,"_monsterinsights_sitenote_active":false,"_monsterinsights_sitenote_note":"","_monsterinsights_sitenote_category":0},"product_brand":[],"product_cat":[114],"product_tag":[],"class_list":{"0":"post-3237","1":"product","2":"type-product","3":"status-publish","4":"has-post-thumbnail","6":"product_cat-edfa-y-transmisores","7":"notblog","9":"first","10":"instock","11":"featured","12":"taxable","13":"shipping-taxable","14":"purchasable","15":"product-type-simple"},"_links":{"self":[{"href":"https:\/\/www.compumashn.net\/inicio\/wp-json\/wp\/v2\/product\/3237","targetHints":{"allow":["GET"]}}],"collection":[{"href":"https:\/\/www.compumashn.net\/inicio\/wp-json\/wp\/v2\/product"}],"about":[{"href":"https:\/\/www.compumashn.net\/inicio\/wp-json\/wp\/v2\/types\/product"}],"wp:featuredmedia":[{"embeddable":true,"href":"https:\/\/www.compumashn.net\/inicio\/wp-json\/wp\/v2\/media\/5331"}],"wp:attachment":[{"href":"https:\/\/www.compumashn.net\/inicio\/wp-json\/wp\/v2\/media?parent=3237"}],"wp:term":[{"taxonomy":"product_brand","embeddable":true,"href":"https:\/\/www.compumashn.net\/inicio\/wp-json\/wp\/v2\/product_brand?post=3237"},{"taxonomy":"product_cat","embeddable":true,"href":"https:\/\/www.compumashn.net\/inicio\/wp-json\/wp\/v2\/product_cat?post=3237"},{"taxonomy":"product_tag","embeddable":true,"href":"https:\/\/www.compumashn.net\/inicio\/wp-json\/wp\/v2\/product_tag?post=3237"}],"curies":[{"name":"wp","href":"https:\/\/api.w.org\/{rel}","templated":true}]}}