{"id":3264,"date":"2023-02-15T21:10:14","date_gmt":"2023-02-16T03:10:14","guid":{"rendered":"https:\/\/www.compumashn.net\/inicio\/?post_type=product&#038;p=3264"},"modified":"2025-10-08T15:17:14","modified_gmt":"2025-10-08T21:17:14","slug":"transmisor-1550","status":"publish","type":"product","link":"https:\/\/www.compumashn.net\/inicio\/product\/transmisor-1550\/","title":{"rendered":"TRANSMISORES 1550"},"content":{"rendered":"<ul>\n<li>El transmisor \u00f3ptico WS-LT5000 1550nm est\u00e1 dise\u00f1ado de acuerdo con el est\u00e1ndar CATV.\u00a0Modula la se\u00f1al de amplitud RF de CATV en una se\u00f1al \u00f3ptica de 1550nm y luego la transmite al nodo \u00f3ptico en la red HFC a trav\u00e9s de fibra \u00f3ptica monomodo.\u00a0Se utiliza principalmente para la transmisi\u00f3n de la red de tama\u00f1o medio de la se\u00f1al de TV y la red de distribuci\u00f3n a corta distancia, se puede amplificar despu\u00e9s de la etapa.<\/li>\n<\/ul>\n","protected":false},"excerpt":{"rendered":"<ul>\n<li>MODULACION INTERNA<\/li>\n<li>DUAL POWER, 25KM 10 DB<\/li>\n<\/ul>\n","protected":false},"featured_media":3541,"template":"","meta":{"_monsterinsights_skip_tracking":false,"_monsterinsights_sitenote_active":false,"_monsterinsights_sitenote_note":"","_monsterinsights_sitenote_category":0},"product_brand":[],"product_cat":[114],"product_tag":[],"class_list":{"0":"post-3264","1":"product","2":"type-product","3":"status-publish","4":"has-post-thumbnail","6":"product_cat-edfa-y-transmisores","7":"notblog","9":"first","10":"instock","11":"featured","12":"taxable","13":"shipping-taxable","14":"purchasable","15":"product-type-simple"},"_links":{"self":[{"href":"https:\/\/www.compumashn.net\/inicio\/wp-json\/wp\/v2\/product\/3264","targetHints":{"allow":["GET"]}}],"collection":[{"href":"https:\/\/www.compumashn.net\/inicio\/wp-json\/wp\/v2\/product"}],"about":[{"href":"https:\/\/www.compumashn.net\/inicio\/wp-json\/wp\/v2\/types\/product"}],"wp:featuredmedia":[{"embeddable":true,"href":"https:\/\/www.compumashn.net\/inicio\/wp-json\/wp\/v2\/media\/3541"}],"wp:attachment":[{"href":"https:\/\/www.compumashn.net\/inicio\/wp-json\/wp\/v2\/media?parent=3264"}],"wp:term":[{"taxonomy":"product_brand","embeddable":true,"href":"https:\/\/www.compumashn.net\/inicio\/wp-json\/wp\/v2\/product_brand?post=3264"},{"taxonomy":"product_cat","embeddable":true,"href":"https:\/\/www.compumashn.net\/inicio\/wp-json\/wp\/v2\/product_cat?post=3264"},{"taxonomy":"product_tag","embeddable":true,"href":"https:\/\/www.compumashn.net\/inicio\/wp-json\/wp\/v2\/product_tag?post=3264"}],"curies":[{"name":"wp","href":"https:\/\/api.w.org\/{rel}","templated":true}]}}