{"id":3330,"date":"2023-02-23T22:40:56","date_gmt":"2023-02-24T04:40:56","guid":{"rendered":"https:\/\/www.compumashn.net\/inicio\/?post_type=product&#038;p=3330"},"modified":"2025-07-06T14:07:38","modified_gmt":"2025-07-06T20:07:38","slug":"onu-wifi-v2802gw","status":"publish","type":"product","link":"https:\/\/www.compumashn.net\/inicio\/product\/onu-wifi-v2802gw\/","title":{"rendered":"ONU V-SOL WIFI V2802GW"},"content":{"rendered":"<p>Est\u00e1 especialmente dise\u00f1ado para diferentes soluciones FTTH. La ONT se basa en una soluci\u00f3n tecnol\u00f3gica de chipset de alto rendimiento (Realtek), compatible con la tecnolog\u00eda WIFI IEEE802.11b\/g\/n y otras funciones de capa 2\/capa 3, y puede proporcionar servicios de datos para aplicaciones FTTH de nivel de operador.<\/p>\n","protected":false},"excerpt":{"rendered":"<ul>\n<li>EPON\/GPON<\/li>\n<li>1GE+1FE+WIFI 2 ANTENAS<\/li>\n<\/ul>\n","protected":false},"featured_media":3926,"template":"","meta":{"_monsterinsights_skip_tracking":false,"_monsterinsights_sitenote_active":false,"_monsterinsights_sitenote_note":"","_monsterinsights_sitenote_category":0},"product_brand":[161],"product_cat":[90,94],"product_tag":[115],"class_list":{"0":"post-3330","1":"product","2":"type-product","3":"status-publish","4":"has-post-thumbnail","6":"product_brand-v-sol","7":"product_cat-onu","8":"product_cat-wifi","9":"product_tag-v-sol","10":"notblog","12":"first","13":"instock","14":"featured","15":"taxable","16":"shipping-taxable","17":"purchasable","18":"product-type-simple"},"_links":{"self":[{"href":"https:\/\/www.compumashn.net\/inicio\/wp-json\/wp\/v2\/product\/3330","targetHints":{"allow":["GET"]}}],"collection":[{"href":"https:\/\/www.compumashn.net\/inicio\/wp-json\/wp\/v2\/product"}],"about":[{"href":"https:\/\/www.compumashn.net\/inicio\/wp-json\/wp\/v2\/types\/product"}],"wp:featuredmedia":[{"embeddable":true,"href":"https:\/\/www.compumashn.net\/inicio\/wp-json\/wp\/v2\/media\/3926"}],"wp:attachment":[{"href":"https:\/\/www.compumashn.net\/inicio\/wp-json\/wp\/v2\/media?parent=3330"}],"wp:term":[{"taxonomy":"product_brand","embeddable":true,"href":"https:\/\/www.compumashn.net\/inicio\/wp-json\/wp\/v2\/product_brand?post=3330"},{"taxonomy":"product_cat","embeddable":true,"href":"https:\/\/www.compumashn.net\/inicio\/wp-json\/wp\/v2\/product_cat?post=3330"},{"taxonomy":"product_tag","embeddable":true,"href":"https:\/\/www.compumashn.net\/inicio\/wp-json\/wp\/v2\/product_tag?post=3330"}],"curies":[{"name":"wp","href":"https:\/\/api.w.org\/{rel}","templated":true}]}}