{"id":3403,"date":"2023-03-04T20:09:30","date_gmt":"2023-03-05T02:09:30","guid":{"rendered":"https:\/\/www.compumashn.net\/inicio\/?post_type=product&#038;p=3403"},"modified":"2025-09-02T13:32:01","modified_gmt":"2025-09-02T19:32:01","slug":"ip-to-analogo-modulador-2","status":"publish","type":"product","link":"https:\/\/www.compumashn.net\/inicio\/product\/ip-to-analogo-modulador-2\/","title":{"rendered":"IP TO ANALOGO MODULADOR"},"content":{"rendered":"<ul>\n<li>Chasis 2U, alta densidad para ahorrar gastos de env\u00edo<\/li>\n<li>Admite la inserci\u00f3n de OSD (logotipo y subt\u00edtulos) para cada canal, f\u00e1cil operaci\u00f3n<\/li>\n<li>Soporte CC\/Subt\u00edtulos\/Teletexto<\/li>\n<li>4 puertos GE (64 entradas IP m\u00e1x. sobre MPTS\/SPTS),\u00a0<a>840 Mbps m\u00e1x. para cada entrada GE<\/a><\/li>\n<li>Compatible con decodificaci\u00f3n HEVC\/H.265, H.264\/AVC, MPEG-2 TS<\/li>\n<li>Procesamiento de hasta 64 grupos de multidifusi\u00f3n IP de un Gigabit Ethernet MPEG TS en hasta 64 programas de TV PAL, NTSC o SECAM est\u00e1ndar<\/li>\n<li>Salida de 64 portadoras no adyacentes o adyacentes, cada 32 portadoras dentro de 400 MHz<\/li>\n<li>Admite administraci\u00f3n de red basada en web<\/li>\n<\/ul>\n","protected":false},"excerpt":{"rendered":"<ul>\n<li>64 CANALES<\/li>\n<li>4 PUERTOS GE<\/li>\n<\/ul>\n","protected":false},"featured_media":3404,"template":"","meta":{"_monsterinsights_skip_tracking":false,"_monsterinsights_sitenote_active":false,"_monsterinsights_sitenote_note":"","_monsterinsights_sitenote_category":0},"product_brand":[],"product_cat":[126],"product_tag":[],"class_list":{"0":"post-3403","1":"product","2":"type-product","3":"status-publish","4":"has-post-thumbnail","6":"product_cat-moduladores","7":"notblog","9":"first","10":"instock","11":"featured","12":"taxable","13":"shipping-taxable","14":"purchasable","15":"product-type-simple"},"_links":{"self":[{"href":"https:\/\/www.compumashn.net\/inicio\/wp-json\/wp\/v2\/product\/3403","targetHints":{"allow":["GET"]}}],"collection":[{"href":"https:\/\/www.compumashn.net\/inicio\/wp-json\/wp\/v2\/product"}],"about":[{"href":"https:\/\/www.compumashn.net\/inicio\/wp-json\/wp\/v2\/types\/product"}],"wp:featuredmedia":[{"embeddable":true,"href":"https:\/\/www.compumashn.net\/inicio\/wp-json\/wp\/v2\/media\/3404"}],"wp:attachment":[{"href":"https:\/\/www.compumashn.net\/inicio\/wp-json\/wp\/v2\/media?parent=3403"}],"wp:term":[{"taxonomy":"product_brand","embeddable":true,"href":"https:\/\/www.compumashn.net\/inicio\/wp-json\/wp\/v2\/product_brand?post=3403"},{"taxonomy":"product_cat","embeddable":true,"href":"https:\/\/www.compumashn.net\/inicio\/wp-json\/wp\/v2\/product_cat?post=3403"},{"taxonomy":"product_tag","embeddable":true,"href":"https:\/\/www.compumashn.net\/inicio\/wp-json\/wp\/v2\/product_tag?post=3403"}],"curies":[{"name":"wp","href":"https:\/\/api.w.org\/{rel}","templated":true}]}}