{"id":3406,"date":"2023-03-04T21:05:36","date_gmt":"2023-03-05T03:05:36","guid":{"rendered":"https:\/\/www.compumashn.net\/inicio\/?post_type=product&#038;p=3406"},"modified":"2025-10-08T15:15:31","modified_gmt":"2025-10-08T21:15:31","slug":"onu-wifi-ac-hg323dac","status":"publish","type":"product","link":"https:\/\/www.compumashn.net\/inicio\/product\/onu-wifi-ac-hg323dac\/","title":{"rendered":"ONU V-SOL WIFI AC HG323DAC"},"content":{"rendered":"<ul>\n<li>Es un dispositivo de acceso de banda ancha especialmente dise\u00f1ado para satisfacer las necesidades de los operadores de redes fijas para servicios FTTH y triple play.<\/li>\n<li>La ONT se basa en soluciones de chip de alto rendimiento, admite la tecnolog\u00eda de modo dual XPON (EPON y GPON), y tambi\u00e9n admite la tecnolog\u00eda WiFi IEEE802.11b\/g\/n\/ac y otras funciones de capa 2\/capa 3, proporcionando un servicio de datos para aplicaciones FTTH de nivel de operador.<\/li>\n<li>La ONT tiene una alta fiabilidad, es f\u00e1cil de gestionar y mantener, y tiene garant\u00edas de calidad de servicio para varios servicios.<\/li>\n<li>Se ajusta a una serie de normas t\u00e9cnicas internacionales como IEEE802.3ah e ITU-T G.984.<\/li>\n<\/ul>\n","protected":false},"excerpt":{"rendered":"<ul>\n<li>EPON\/GPON &#8211; DOBLE BANDA<\/li>\n<li>2GE+1POTS+WIFI 4 ANTENAS<\/li>\n<\/ul>\n","protected":false},"featured_media":3407,"template":"","meta":{"_monsterinsights_skip_tracking":false,"_monsterinsights_sitenote_active":false,"_monsterinsights_sitenote_note":"","_monsterinsights_sitenote_category":0},"product_brand":[161],"product_cat":[90,94],"product_tag":[115],"class_list":{"0":"post-3406","1":"product","2":"type-product","3":"status-publish","4":"has-post-thumbnail","6":"product_brand-v-sol","7":"product_cat-onu","8":"product_cat-wifi","9":"product_tag-v-sol","10":"notblog","12":"first","13":"instock","14":"featured","15":"taxable","16":"shipping-taxable","17":"purchasable","18":"product-type-simple"},"_links":{"self":[{"href":"https:\/\/www.compumashn.net\/inicio\/wp-json\/wp\/v2\/product\/3406","targetHints":{"allow":["GET"]}}],"collection":[{"href":"https:\/\/www.compumashn.net\/inicio\/wp-json\/wp\/v2\/product"}],"about":[{"href":"https:\/\/www.compumashn.net\/inicio\/wp-json\/wp\/v2\/types\/product"}],"wp:featuredmedia":[{"embeddable":true,"href":"https:\/\/www.compumashn.net\/inicio\/wp-json\/wp\/v2\/media\/3407"}],"wp:attachment":[{"href":"https:\/\/www.compumashn.net\/inicio\/wp-json\/wp\/v2\/media?parent=3406"}],"wp:term":[{"taxonomy":"product_brand","embeddable":true,"href":"https:\/\/www.compumashn.net\/inicio\/wp-json\/wp\/v2\/product_brand?post=3406"},{"taxonomy":"product_cat","embeddable":true,"href":"https:\/\/www.compumashn.net\/inicio\/wp-json\/wp\/v2\/product_cat?post=3406"},{"taxonomy":"product_tag","embeddable":true,"href":"https:\/\/www.compumashn.net\/inicio\/wp-json\/wp\/v2\/product_tag?post=3406"}],"curies":[{"name":"wp","href":"https:\/\/api.w.org\/{rel}","templated":true}]}}