{"id":3410,"date":"2023-03-04T21:22:57","date_gmt":"2023-03-05T03:22:57","guid":{"rendered":"https:\/\/www.compumashn.net\/inicio\/?post_type=product&#038;p=3410"},"modified":"2025-10-08T15:14:55","modified_gmt":"2025-10-08T21:14:55","slug":"onu-catv-ac-hg323act","status":"publish","type":"product","link":"https:\/\/www.compumashn.net\/inicio\/product\/onu-catv-ac-hg323act\/","title":{"rendered":"ONU V-SOL CATV AC HG323ACT"},"content":{"rendered":"<ul>\n<li>Es un dispositivo de acceso de banda ancha especialmente dise\u00f1ado para satisfacer las necesidades de los operadores de redes fijas para servicios FTTH y triple play.<\/li>\n<li>La ONT se basa en soluciones de chip de alto rendimiento, soporta la tecnolog\u00eda de modo dual XPON (EPON y GPON), y tambi\u00e9n es compatible con la tecnolog\u00eda IEEE802.11b\/g\/n\/ac WiFi 5 y otras funciones de capa 2\/capa 3, proporcionando un servicio de datos para aplicaciones FTTH de nivel de operador.<\/li>\n<li>La ONT tiene una alta fiabilidad, es f\u00e1cil de gestionar y mantener, y tiene garant\u00edas de calidad de servicio para varios servicios.<\/li>\n<\/ul>\n","protected":false},"excerpt":{"rendered":"<ul>\n<li>DOBLE FRECUENCIA (5 GHZ Y 2GHZ)<\/li>\n<li>2GE+1POTS+WIFI+CATV 4 ANTENAS<\/li>\n<\/ul>\n","protected":false},"featured_media":3564,"template":"","meta":{"_monsterinsights_skip_tracking":false,"_monsterinsights_sitenote_active":false,"_monsterinsights_sitenote_note":"","_monsterinsights_sitenote_category":0},"product_brand":[161],"product_cat":[95,90],"product_tag":[115],"class_list":{"0":"post-3410","1":"product","2":"type-product","3":"status-publish","4":"has-post-thumbnail","6":"product_brand-v-sol","7":"product_cat-catv","8":"product_cat-onu","9":"product_tag-v-sol","10":"notblog","12":"first","13":"instock","14":"featured","15":"taxable","16":"shipping-taxable","17":"purchasable","18":"product-type-simple"},"_links":{"self":[{"href":"https:\/\/www.compumashn.net\/inicio\/wp-json\/wp\/v2\/product\/3410","targetHints":{"allow":["GET"]}}],"collection":[{"href":"https:\/\/www.compumashn.net\/inicio\/wp-json\/wp\/v2\/product"}],"about":[{"href":"https:\/\/www.compumashn.net\/inicio\/wp-json\/wp\/v2\/types\/product"}],"wp:featuredmedia":[{"embeddable":true,"href":"https:\/\/www.compumashn.net\/inicio\/wp-json\/wp\/v2\/media\/3564"}],"wp:attachment":[{"href":"https:\/\/www.compumashn.net\/inicio\/wp-json\/wp\/v2\/media?parent=3410"}],"wp:term":[{"taxonomy":"product_brand","embeddable":true,"href":"https:\/\/www.compumashn.net\/inicio\/wp-json\/wp\/v2\/product_brand?post=3410"},{"taxonomy":"product_cat","embeddable":true,"href":"https:\/\/www.compumashn.net\/inicio\/wp-json\/wp\/v2\/product_cat?post=3410"},{"taxonomy":"product_tag","embeddable":true,"href":"https:\/\/www.compumashn.net\/inicio\/wp-json\/wp\/v2\/product_tag?post=3410"}],"curies":[{"name":"wp","href":"https:\/\/api.w.org\/{rel}","templated":true}]}}