{"id":3414,"date":"2023-03-04T21:33:12","date_gmt":"2023-03-05T03:33:12","guid":{"rendered":"https:\/\/www.compumashn.net\/inicio\/?post_type=product&#038;p=3414"},"modified":"2025-07-06T14:07:05","modified_gmt":"2025-07-06T20:07:05","slug":"onu-catv-v2801d-gt1-v2","status":"publish","type":"product","link":"https:\/\/www.compumashn.net\/inicio\/product\/onu-catv-v2801d-gt1-v2\/","title":{"rendered":"ONU CATV V2801D-GT1-V2"},"content":{"rendered":"<ul>\n<li>Est\u00e1 especialmente dise\u00f1ada para satisfacer las necesidades de FTTO (oficina), FTTD (escritorio), FTTH (hogar), TV y otras de los operadores de telecomunicaciones. La ONT se basa en una soluci\u00f3n de chip de alto rendimiento, soporta el modo dual (EPON y GPON), y tambi\u00e9n admite funciones de capa 2\/capa 3, proporcionando servicios de datos para aplicaciones FTTH de nivel de operador.<\/li>\n<li>La ONT tiene una alta fiabilidad y puede utilizarse en entornos de amplia temperatura. Tambi\u00e9n cuenta con potentes funciones de cortafuegos y es f\u00e1cil de gestionar y mantener. Puede proporcionar garant\u00eda de calidad de servicio para diferentes servicios.<\/li>\n<\/ul>\n","protected":false},"excerpt":{"rendered":"<ul>\n<li>EPON\/GPON<\/li>\n<li>1GE+CTAV<\/li>\n<li>PUERTO ETHERNET 10\/100\/1000<\/li>\n<\/ul>\n","protected":false},"featured_media":3415,"template":"","meta":{"_monsterinsights_skip_tracking":false,"_monsterinsights_sitenote_active":false,"_monsterinsights_sitenote_note":"","_monsterinsights_sitenote_category":0},"product_brand":[161],"product_cat":[95,90],"product_tag":[115],"class_list":{"0":"post-3414","1":"product","2":"type-product","3":"status-publish","4":"has-post-thumbnail","6":"product_brand-v-sol","7":"product_cat-catv","8":"product_cat-onu","9":"product_tag-v-sol","10":"notblog","12":"first","13":"instock","14":"featured","15":"taxable","16":"shipping-taxable","17":"purchasable","18":"product-type-simple"},"_links":{"self":[{"href":"https:\/\/www.compumashn.net\/inicio\/wp-json\/wp\/v2\/product\/3414","targetHints":{"allow":["GET"]}}],"collection":[{"href":"https:\/\/www.compumashn.net\/inicio\/wp-json\/wp\/v2\/product"}],"about":[{"href":"https:\/\/www.compumashn.net\/inicio\/wp-json\/wp\/v2\/types\/product"}],"wp:featuredmedia":[{"embeddable":true,"href":"https:\/\/www.compumashn.net\/inicio\/wp-json\/wp\/v2\/media\/3415"}],"wp:attachment":[{"href":"https:\/\/www.compumashn.net\/inicio\/wp-json\/wp\/v2\/media?parent=3414"}],"wp:term":[{"taxonomy":"product_brand","embeddable":true,"href":"https:\/\/www.compumashn.net\/inicio\/wp-json\/wp\/v2\/product_brand?post=3414"},{"taxonomy":"product_cat","embeddable":true,"href":"https:\/\/www.compumashn.net\/inicio\/wp-json\/wp\/v2\/product_cat?post=3414"},{"taxonomy":"product_tag","embeddable":true,"href":"https:\/\/www.compumashn.net\/inicio\/wp-json\/wp\/v2\/product_tag?post=3414"}],"curies":[{"name":"wp","href":"https:\/\/api.w.org\/{rel}","templated":true}]}}