{"id":3430,"date":"2023-03-04T22:46:41","date_gmt":"2023-03-05T04:46:41","guid":{"rendered":"https:\/\/www.compumashn.net\/inicio\/?post_type=product&#038;p=3430"},"modified":"2025-09-02T13:25:23","modified_gmt":"2025-09-02T19:25:23","slug":"dvb-c-meter","status":"publish","type":"product","link":"https:\/\/www.compumashn.net\/inicio\/product\/dvb-c-meter\/","title":{"rendered":"DVB-C METER"},"content":{"rendered":"<p>C1200 DVB-C Meter est\u00e1 especialmente dise\u00f1ado para t\u00e9cnicos de instalaci\u00f3n y de campo que buscan garantizar r\u00e1pidamente la calidad de la tecnolog\u00eda digital. Y servicios de cable anal\u00f3gico. Con un dise\u00f1o de apariencia aerodin\u00e1mico e interfaz de usuario simple, C1200 ofrece la m\u00e1s rentable. Elecci\u00f3n para una variedad de aplicaciones.<\/p>\n","protected":false},"excerpt":{"rendered":"<ul>\n<li>MEDIDOR DE SE\u00d1AL PARA RF ANALOGA -DIGITAL NIVEL DE POTENCIA MER\/BER<\/li>\n<\/ul>\n","protected":false},"featured_media":3431,"template":"","meta":{"_monsterinsights_skip_tracking":false,"_monsterinsights_sitenote_active":false,"_monsterinsights_sitenote_note":"","_monsterinsights_sitenote_category":0},"product_brand":[],"product_cat":[130],"product_tag":[],"class_list":{"0":"post-3430","1":"product","2":"type-product","3":"status-publish","4":"has-post-thumbnail","6":"product_cat-power-meter","7":"notblog","9":"first","10":"instock","11":"featured","12":"taxable","13":"shipping-taxable","14":"purchasable","15":"product-type-simple"},"_links":{"self":[{"href":"https:\/\/www.compumashn.net\/inicio\/wp-json\/wp\/v2\/product\/3430","targetHints":{"allow":["GET"]}}],"collection":[{"href":"https:\/\/www.compumashn.net\/inicio\/wp-json\/wp\/v2\/product"}],"about":[{"href":"https:\/\/www.compumashn.net\/inicio\/wp-json\/wp\/v2\/types\/product"}],"wp:featuredmedia":[{"embeddable":true,"href":"https:\/\/www.compumashn.net\/inicio\/wp-json\/wp\/v2\/media\/3431"}],"wp:attachment":[{"href":"https:\/\/www.compumashn.net\/inicio\/wp-json\/wp\/v2\/media?parent=3430"}],"wp:term":[{"taxonomy":"product_brand","embeddable":true,"href":"https:\/\/www.compumashn.net\/inicio\/wp-json\/wp\/v2\/product_brand?post=3430"},{"taxonomy":"product_cat","embeddable":true,"href":"https:\/\/www.compumashn.net\/inicio\/wp-json\/wp\/v2\/product_cat?post=3430"},{"taxonomy":"product_tag","embeddable":true,"href":"https:\/\/www.compumashn.net\/inicio\/wp-json\/wp\/v2\/product_tag?post=3430"}],"curies":[{"name":"wp","href":"https:\/\/api.w.org\/{rel}","templated":true}]}}