{"id":3459,"date":"2023-03-05T22:56:07","date_gmt":"2023-03-06T04:56:07","guid":{"rendered":"https:\/\/www.compumashn.net\/inicio\/?post_type=product&#038;p=3459"},"modified":"2026-03-30T21:48:58","modified_gmt":"2026-03-31T03:48:58","slug":"fibra-armada-redonda","status":"publish","type":"product","link":"https:\/\/www.compumashn.net\/inicio\/product\/fibra-armada-redonda\/","title":{"rendered":"FIBRA ARMADA (REDONDA)"},"content":{"rendered":"<p>Baja distorsi\u00f3n y atenuaci\u00f3n, loose tube, la armadura de acero corrugado hace que el cable tenga muy buena resistencia, adem\u00e1s protege los hilos de \ufb01bra por deformaciones de la chaqueta, el blindaje de acero y PE protegen la \ufb01bra contra la humedad, di\u00e1metro de cable reducido, cable liviano, auto soportado, f\u00e1cil de instalar.<\/p>\n","protected":false},"excerpt":{"rendered":"<p>Baja distorsi\u00f3n y atenuaci\u00f3n, loose tube, la armadura de acero corrugado hace que el cable tenga muy buena resistencia, adem\u00e1s protege los hilos de \ufb01bra por deformaciones de la chaqueta, el blindaje de acero y PE protegen la \ufb01bra contra la humedad, di\u00e1metro de cable reducido, cable liviano, auto soportado, f\u00e1cil de instalar.<\/p>\n","protected":false},"featured_media":3460,"template":"","meta":{"_monsterinsights_skip_tracking":false,"_monsterinsights_sitenote_active":false,"_monsterinsights_sitenote_note":"","_monsterinsights_sitenote_category":0},"product_brand":[],"product_cat":[106,109],"product_tag":[],"class_list":{"0":"post-3459","1":"product","2":"type-product","3":"status-publish","4":"has-post-thumbnail","6":"product_cat-fibra-optica","7":"product_cat-troncal","8":"notblog","10":"first","11":"instock","12":"featured","13":"taxable","14":"shipping-taxable","15":"purchasable","16":"product-type-variable"},"_links":{"self":[{"href":"https:\/\/www.compumashn.net\/inicio\/wp-json\/wp\/v2\/product\/3459","targetHints":{"allow":["GET"]}}],"collection":[{"href":"https:\/\/www.compumashn.net\/inicio\/wp-json\/wp\/v2\/product"}],"about":[{"href":"https:\/\/www.compumashn.net\/inicio\/wp-json\/wp\/v2\/types\/product"}],"wp:featuredmedia":[{"embeddable":true,"href":"https:\/\/www.compumashn.net\/inicio\/wp-json\/wp\/v2\/media\/3460"}],"wp:attachment":[{"href":"https:\/\/www.compumashn.net\/inicio\/wp-json\/wp\/v2\/media?parent=3459"}],"wp:term":[{"taxonomy":"product_brand","embeddable":true,"href":"https:\/\/www.compumashn.net\/inicio\/wp-json\/wp\/v2\/product_brand?post=3459"},{"taxonomy":"product_cat","embeddable":true,"href":"https:\/\/www.compumashn.net\/inicio\/wp-json\/wp\/v2\/product_cat?post=3459"},{"taxonomy":"product_tag","embeddable":true,"href":"https:\/\/www.compumashn.net\/inicio\/wp-json\/wp\/v2\/product_tag?post=3459"}],"curies":[{"name":"wp","href":"https:\/\/api.w.org\/{rel}","templated":true}]}}