{"id":3553,"date":"2023-03-29T15:23:02","date_gmt":"2023-03-29T21:23:02","guid":{"rendered":"https:\/\/www.compumashn.net\/inicio\/?post_type=product&#038;p=3553"},"modified":"2025-07-06T12:14:47","modified_gmt":"2025-07-06T18:14:47","slug":"fusionadora-orientek-t45","status":"publish","type":"product","link":"https:\/\/www.compumashn.net\/inicio\/product\/fusionadora-orientek-t45\/","title":{"rendered":"FUSIONADORA ORIENTEK T45"},"content":{"rendered":"<div id=\"ppd\">\n<div id=\"centerCol\" class=\"centerColAlign \">\n<div id=\"featurebullets_feature_div\" class=\"celwidget\" data-feature-name=\"featurebullets\" data-csa-c-type=\"widget\" data-csa-c-content-id=\"featurebullets\" data-csa-c-slot-id=\"featurebullets_feature_div\" data-csa-c-asin=\"B07G96B8HD\" data-csa-c-is-in-initial-active-row=\"false\" data-cel-widget=\"featurebullets_feature_div\" data-csa-c-id=\"t70ahe-ndv9vk-820aps-ckpgs9\">\n<div id=\"feature-bullets\" class=\"a-section a-spacing-medium a-spacing-top-small\">\n<ul class=\"a-unordered-list a-vertical a-spacing-mini\">\n<li><span class=\"a-list-item\">Empalme r\u00e1pido de 7 segundos, calefacci\u00f3n altamente eficiente de 18 segundos. Cuatro motores de alta precisi\u00f3n. Comprueba autom\u00e1ticamente la tecnolog\u00eda de fibra de extremo de la cara, compensaci\u00f3n de temperatura y presi\u00f3n, tecnolog\u00eda de procesamiento de im\u00e1genes de alta velocidad y tecnolog\u00eda especial de posicionamiento de precisi\u00f3n que garantiza una alta precisi\u00f3n y baja p\u00e9rdida de empalme<\/span><\/li>\n<li><span class=\"a-list-item\">Cable compatible: 0.010\u00a0in\/0.035\u00a0in\/0.118\u00a0in\/cable plano\/ca\u00edda<\/span><\/li>\n<li><span class=\"a-list-item\">Pantalla t\u00e1ctil capacitiva de alta definici\u00f3n de 4,3 pulgadas<\/span><\/li>\n<li><span class=\"a-list-item\">Electrodos: 4.000 veces empalmado sin cambio. Iluminaci\u00f3n LED, f\u00e1cil de usar en entornos tenues.<\/span><\/li>\n<\/ul>\n<\/div>\n<\/div>\n<div id=\"globalStoreInfoBullets_feature_div\" class=\"celwidget\" data-feature-name=\"globalStoreInfoBullets\" data-csa-c-type=\"widget\" data-csa-c-content-id=\"globalStoreInfoBullets\" data-csa-c-slot-id=\"globalStoreInfoBullets_feature_div\" data-csa-c-asin=\"B07G96B8HD\" data-csa-c-is-in-initial-active-row=\"false\" data-cel-widget=\"globalStoreInfoBullets_feature_div\" data-csa-c-id=\"6fqm80-cbx9qv-3h5xm9-stxq43\"><\/div>\n<div id=\"HLCXComparisonJumplink_feature_div\"><\/div>\n<div id=\"bissProductSpecification_feature_div\" class=\"celwidget\" data-feature-name=\"bissProductSpecification\" data-csa-c-type=\"widget\" data-csa-c-content-id=\"bissProductSpecification\" data-csa-c-slot-id=\"bissProductSpecification_feature_div\" data-csa-c-asin=\"B07G96B8HD\" data-csa-c-is-in-initial-active-row=\"false\" data-cel-widget=\"bissProductSpecification_feature_div\" data-csa-c-id=\"v8681l-xj2g2o-whehve-92tph\"><\/div>\n<div id=\"billOfMaterial_feature_div\" class=\"celwidget\" data-feature-name=\"billOfMaterial\" data-csa-c-type=\"widget\" data-csa-c-content-id=\"billOfMaterial\" data-csa-c-slot-id=\"billOfMaterial_feature_div\" data-csa-c-asin=\"B07G96B8HD\" data-csa-c-is-in-initial-active-row=\"false\" data-cel-widget=\"billOfMaterial_feature_div\" data-csa-c-id=\"5v6pqb-ncpa4d-rq1e87-egzpxl\"><\/div>\n<div id=\"addOnItem_feature_div\" class=\"celwidget\" data-feature-name=\"addOnItem\" data-csa-c-type=\"widget\" data-csa-c-content-id=\"addOnItem\" data-csa-c-slot-id=\"addOnItem_feature_div\" data-csa-c-asin=\"B07G96B8HD\" data-csa-c-is-in-initial-active-row=\"false\" data-cel-widget=\"addOnItem_feature_div\" data-csa-c-id=\"7j9rx7-5ktp4m-d1d324-lu4pnu\"><\/div>\n<div id=\"giftcard-holiday-availability-messaging_feature_div\" class=\"celwidget\" data-feature-name=\"giftCardHolidayAvailabilityMessaging\" data-csa-c-type=\"widget\" data-csa-c-content-id=\"giftCardHolidayAvailabilityMessaging\" data-csa-c-slot-id=\"giftcard-holiday-availability-messaging_feature_div\" data-csa-c-asin=\"B07G96B8HD\" data-csa-c-is-in-initial-active-row=\"false\" data-cel-widget=\"giftcard-holiday-availability-messaging_feature_div\" data-csa-c-id=\"lhjc85-tshtta-umyemq-7okd6s\"><\/div>\n<div id=\"andonCord_feature_div\" class=\"celwidget\" data-feature-name=\"andonCord\" data-csa-c-type=\"widget\" data-csa-c-content-id=\"andonCord\" data-csa-c-slot-id=\"andonCord_feature_div\" data-csa-c-asin=\"B07G96B8HD\" data-csa-c-is-in-initial-active-row=\"false\" data-cel-widget=\"andonCord_feature_div\" data-csa-c-id=\"k4kcxm-b3a5ue-wxlmwj-ycl45w\"><\/div>\n<div id=\"olp_feature_div\" class=\"celwidget\" data-feature-name=\"olp\" data-csa-c-type=\"widget\" data-csa-c-content-id=\"olp\" data-csa-c-slot-id=\"olp_feature_div\" data-csa-c-asin=\"B07G96B8HD\" data-csa-c-is-in-initial-active-row=\"false\" data-cel-widget=\"olp_feature_div\" data-csa-c-id=\"6hewqe-bxzb00-9kv3k2-2od2wy\">\n<div id=\"all-offers-display\" class=\"a-section\"><\/div>\n<\/div>\n<div id=\"buyingOptionNostosBadge_feature_div\" class=\"celwidget\" data-feature-name=\"buyingOptionNostosBadge\" data-csa-c-type=\"widget\" data-csa-c-content-id=\"buyingOptionNostosBadge\" data-csa-c-slot-id=\"buyingOptionNostosBadge_feature_div\" data-csa-c-asin=\"B07G96B8HD\" data-csa-c-is-in-initial-active-row=\"false\" data-cel-widget=\"buyingOptionNostosBadge_feature_div\" data-csa-c-id=\"jpaofb-oavdfz-q6ntk2-u1vn06\"><\/div>\n<div id=\"edpIngress_feature_div\" class=\"celwidget\" data-feature-name=\"edpIngress\" data-csa-c-type=\"widget\" data-csa-c-content-id=\"edpIngress\" data-csa-c-slot-id=\"edpIngress_feature_div\" data-csa-c-asin=\"B07G96B8HD\" data-csa-c-is-in-initial-active-row=\"false\" data-cel-widget=\"edpIngress_feature_div\" data-csa-c-id=\"x2lxmf-emqx5r-2840vc-7bo8y5\"><\/div>\n<div id=\"newerVersion_feature_div\" class=\"celwidget\" data-feature-name=\"newerVersion\" data-csa-c-type=\"widget\" data-csa-c-content-id=\"newerVersion\" data-csa-c-slot-id=\"newerVersion_feature_div\" data-csa-c-asin=\"B07G96B8HD\" data-csa-c-is-in-initial-active-row=\"false\" data-cel-widget=\"newerVersion_feature_div\" data-csa-c-id=\"y06ejx-4idc39-vmm62d-b9lok4\"><\/div>\n<div id=\"valuePick_feature_div\" class=\"celwidget\" data-feature-name=\"valuePick\" data-csa-c-type=\"widget\" data-csa-c-content-id=\"valuePick\" data-csa-c-slot-id=\"valuePick_feature_div\" data-csa-c-asin=\"B07G96B8HD\" data-csa-c-is-in-initial-active-row=\"false\" data-cel-widget=\"valuePick_feature_div\" data-csa-c-id=\"mlh9m9-jm5rwg-70wilb-790hal\"><\/div>\n<div id=\"certifiedRefurbishedVersion_feature_div\" class=\"celwidget\" data-feature-name=\"certifiedRefurbishedVersion\" data-csa-c-type=\"widget\" data-csa-c-content-id=\"certifiedRefurbishedVersion\" data-csa-c-slot-id=\"certifiedRefurbishedVersion_feature_div\" data-csa-c-asin=\"B07G96B8HD\" data-csa-c-is-in-initial-active-row=\"false\" data-cel-widget=\"certifiedRefurbishedVersion_feature_div\" data-csa-c-id=\"1xbcp8-crzgd-68usys-qjf2c0\"><\/div>\n<div id=\"recommendations_feature_div\" class=\"celwidget\" data-feature-name=\"recommendations\" data-csa-c-type=\"widget\" data-csa-c-content-id=\"recommendations\" data-csa-c-slot-id=\"recommendations_feature_div\" data-csa-c-asin=\"B07G96B8HD\" data-csa-c-is-in-initial-active-row=\"false\" data-cel-widget=\"recommendations_feature_div\" data-csa-c-id=\"n4fz64-fecaru-3lr841-9rcamm\"><\/div>\n<div id=\"productAlert_feature_div\" class=\"celwidget\" data-feature-name=\"productAlert\" data-csa-c-type=\"widget\" data-csa-c-content-id=\"productAlert\" data-csa-c-slot-id=\"productAlert_feature_div\" data-csa-c-asin=\"B07G96B8HD\" data-csa-c-is-in-initial-active-row=\"false\" data-cel-widget=\"productAlert_feature_div\" data-csa-c-id=\"j7s82e-2jvuhv-lw80sm-hw0o41\"><\/div>\n<\/div>\n<div id=\"hqpWrapper\" class=\"centerColAlign \">\n<div id=\"heroQuickPromo_feature_div\" class=\"celwidget\" data-feature-name=\"heroQuickPromo\" data-csa-c-type=\"widget\" data-csa-c-content-id=\"heroQuickPromo\" data-csa-c-slot-id=\"heroQuickPromo_feature_div\" data-csa-c-asin=\"B07G96B8HD\" data-csa-c-is-in-initial-active-row=\"false\" data-cel-widget=\"heroQuickPromo_feature_div\" data-csa-c-id=\"seuor7-o8zm0-js2hmh-cuxw46\"><\/div>\n<\/div>\n<\/div>\n","protected":false},"excerpt":{"rendered":"<ul>\n<li>FUSIONADORA<\/li>\n<li>CLEAVER<\/li>\n<li>PELADORA<\/li>\n<li>CORTADORA<\/li>\n<li>KIT DE LIMPIEZA<\/li>\n<\/ul>\n","protected":false},"featured_media":3554,"template":"","meta":{"_monsterinsights_skip_tracking":false,"_monsterinsights_sitenote_active":false,"_monsterinsights_sitenote_note":"","_monsterinsights_sitenote_category":0},"product_brand":[],"product_cat":[129],"product_tag":[],"class_list":{"0":"post-3553","1":"product","2":"type-product","3":"status-publish","4":"has-post-thumbnail","6":"product_cat-fusionadoras","7":"notblog","9":"first","10":"instock","11":"featured","12":"taxable","13":"shipping-taxable","14":"purchasable","15":"product-type-simple"},"_links":{"self":[{"href":"https:\/\/www.compumashn.net\/inicio\/wp-json\/wp\/v2\/product\/3553","targetHints":{"allow":["GET"]}}],"collection":[{"href":"https:\/\/www.compumashn.net\/inicio\/wp-json\/wp\/v2\/product"}],"about":[{"href":"https:\/\/www.compumashn.net\/inicio\/wp-json\/wp\/v2\/types\/product"}],"wp:featuredmedia":[{"embeddable":true,"href":"https:\/\/www.compumashn.net\/inicio\/wp-json\/wp\/v2\/media\/3554"}],"wp:attachment":[{"href":"https:\/\/www.compumashn.net\/inicio\/wp-json\/wp\/v2\/media?parent=3553"}],"wp:term":[{"taxonomy":"product_brand","embeddable":true,"href":"https:\/\/www.compumashn.net\/inicio\/wp-json\/wp\/v2\/product_brand?post=3553"},{"taxonomy":"product_cat","embeddable":true,"href":"https:\/\/www.compumashn.net\/inicio\/wp-json\/wp\/v2\/product_cat?post=3553"},{"taxonomy":"product_tag","embeddable":true,"href":"https:\/\/www.compumashn.net\/inicio\/wp-json\/wp\/v2\/product_tag?post=3553"}],"curies":[{"name":"wp","href":"https:\/\/api.w.org\/{rel}","templated":true}]}}