{"id":3560,"date":"2023-03-29T15:46:58","date_gmt":"2023-03-29T21:46:58","guid":{"rendered":"https:\/\/www.compumashn.net\/inicio\/?post_type=product&#038;p=3560"},"modified":"2025-07-06T12:50:38","modified_gmt":"2025-07-06T18:50:38","slug":"sangradoras-2","status":"publish","type":"product","link":"https:\/\/www.compumashn.net\/inicio\/product\/sangradoras-2\/","title":{"rendered":"SANGRADORAS"},"content":{"rendered":"<ul>\n<li>El di\u00e1metro exterior de la fibra pelada es 1.9-3.0mm.<\/li>\n<li>Con 5 di\u00e1metros de tubo de identificaci\u00f3n.<\/li>\n<li>Dise\u00f1o ergon\u00f3mico, sensaci\u00f3n c\u00f3moda.<\/li>\n<li>Cuchilla reemplazable.<\/li>\n<li>La hoja est\u00e1 forjada con aleaci\u00f3n SK-5, de alta dureza.<\/li>\n<li>Realice el desmontaje de la ventana de tubo suelto.<\/li>\n<li>Estructura ligera, f\u00e1cil de operar, duradera.<\/li>\n<li>Dise\u00f1o de bloqueo, manos seguras y que no da\u00f1an, y pelado de fibra de forma r\u00e1pida y limpia.<\/li>\n<\/ul>\n","protected":false},"excerpt":{"rendered":"<ul>\n<li class=\"ui-pdp-title\">Peladora Y Sangradora De Fibra \u00d3ptica MSAT5<\/li>\n<\/ul>\n","protected":false},"featured_media":3561,"template":"","meta":{"_monsterinsights_skip_tracking":false,"_monsterinsights_sitenote_active":false,"_monsterinsights_sitenote_note":"","_monsterinsights_sitenote_category":0},"product_brand":[],"product_cat":[132],"product_tag":[],"class_list":{"0":"post-3560","1":"product","2":"type-product","3":"status-publish","4":"has-post-thumbnail","6":"product_cat-accesorios-fibra-optica","7":"notblog","9":"first","10":"instock","11":"featured","12":"taxable","13":"shipping-taxable","14":"purchasable","15":"product-type-simple"},"_links":{"self":[{"href":"https:\/\/www.compumashn.net\/inicio\/wp-json\/wp\/v2\/product\/3560","targetHints":{"allow":["GET"]}}],"collection":[{"href":"https:\/\/www.compumashn.net\/inicio\/wp-json\/wp\/v2\/product"}],"about":[{"href":"https:\/\/www.compumashn.net\/inicio\/wp-json\/wp\/v2\/types\/product"}],"wp:featuredmedia":[{"embeddable":true,"href":"https:\/\/www.compumashn.net\/inicio\/wp-json\/wp\/v2\/media\/3561"}],"wp:attachment":[{"href":"https:\/\/www.compumashn.net\/inicio\/wp-json\/wp\/v2\/media?parent=3560"}],"wp:term":[{"taxonomy":"product_brand","embeddable":true,"href":"https:\/\/www.compumashn.net\/inicio\/wp-json\/wp\/v2\/product_brand?post=3560"},{"taxonomy":"product_cat","embeddable":true,"href":"https:\/\/www.compumashn.net\/inicio\/wp-json\/wp\/v2\/product_cat?post=3560"},{"taxonomy":"product_tag","embeddable":true,"href":"https:\/\/www.compumashn.net\/inicio\/wp-json\/wp\/v2\/product_tag?post=3560"}],"curies":[{"name":"wp","href":"https:\/\/api.w.org\/{rel}","templated":true}]}}