{"id":3610,"date":"2023-04-08T10:01:36","date_gmt":"2023-04-08T16:01:36","guid":{"rendered":"https:\/\/www.compumashn.net\/inicio\/?post_type=product&#038;p=3610"},"modified":"2025-07-06T12:51:02","modified_gmt":"2025-07-06T18:51:02","slug":"peladora-para-fibra-optica","status":"publish","type":"product","link":"https:\/\/www.compumashn.net\/inicio\/product\/peladora-para-fibra-optica\/","title":{"rendered":"PELADORA PARA FIBRA OPTICA"},"content":{"rendered":"<ul>\n<li>Ranura de 140\u00b5m de di\u00e1metro y apertura en \u201cV\u201d en la cuchilla para remover el recubrimiento.<\/li>\n<li>Las cuchillas de corte est\u00e1n fabricadas en acero tratado t\u00e9rmicamente y dise\u00f1adas con gran precisi\u00f3n para remover el recubrimiento sin da\u00f1ar la fibra.<\/li>\n<li>Con mango ergon\u00f3mico.<\/li>\n<li>Con seguro para evitar que abra accidentalmente cuando no se est\u00e9 utilizando.<\/li>\n<li>Remover el recubrimiento est\u00e1ndar de 250 micras de las fibras de 125 micras.<\/li>\n<li>Ajustada de f\u00e1brica, no requiere ajustes adicionales.<\/li>\n<\/ul>\n","protected":false},"excerpt":{"rendered":"<p>TDAWA CFS-2<\/p>\n","protected":false},"featured_media":3611,"template":"","meta":{"_monsterinsights_skip_tracking":false,"_monsterinsights_sitenote_active":false,"_monsterinsights_sitenote_note":"","_monsterinsights_sitenote_category":0},"product_brand":[],"product_cat":[132],"product_tag":[],"class_list":{"0":"post-3610","1":"product","2":"type-product","3":"status-publish","4":"has-post-thumbnail","6":"product_cat-accesorios-fibra-optica","7":"notblog","9":"first","10":"instock","11":"featured","12":"taxable","13":"shipping-taxable","14":"purchasable","15":"product-type-simple"},"_links":{"self":[{"href":"https:\/\/www.compumashn.net\/inicio\/wp-json\/wp\/v2\/product\/3610","targetHints":{"allow":["GET"]}}],"collection":[{"href":"https:\/\/www.compumashn.net\/inicio\/wp-json\/wp\/v2\/product"}],"about":[{"href":"https:\/\/www.compumashn.net\/inicio\/wp-json\/wp\/v2\/types\/product"}],"wp:featuredmedia":[{"embeddable":true,"href":"https:\/\/www.compumashn.net\/inicio\/wp-json\/wp\/v2\/media\/3611"}],"wp:attachment":[{"href":"https:\/\/www.compumashn.net\/inicio\/wp-json\/wp\/v2\/media?parent=3610"}],"wp:term":[{"taxonomy":"product_brand","embeddable":true,"href":"https:\/\/www.compumashn.net\/inicio\/wp-json\/wp\/v2\/product_brand?post=3610"},{"taxonomy":"product_cat","embeddable":true,"href":"https:\/\/www.compumashn.net\/inicio\/wp-json\/wp\/v2\/product_cat?post=3610"},{"taxonomy":"product_tag","embeddable":true,"href":"https:\/\/www.compumashn.net\/inicio\/wp-json\/wp\/v2\/product_tag?post=3610"}],"curies":[{"name":"wp","href":"https:\/\/api.w.org\/{rel}","templated":true}]}}