{"id":3646,"date":"2023-04-08T21:50:46","date_gmt":"2023-04-09T03:50:46","guid":{"rendered":"https:\/\/www.compumashn.net\/inicio\/?post_type=product&#038;p=3646"},"modified":"2025-07-06T11:41:44","modified_gmt":"2025-07-06T17:41:44","slug":"flejadora","status":"publish","type":"product","link":"https:\/\/www.compumashn.net\/inicio\/product\/flejadora\/","title":{"rendered":"FLEJADORA"},"content":{"rendered":"<ul>\n<li>Para bandas desde 1\/4\u201d a 3\/4\u201d.<\/li>\n<li>Posee un cortador integrado.<\/li>\n<li>Tensiona mas de 2,400 libras, adem\u00e1s incluye una palanca de corte por fricci\u00f3n y ajuste con resorte, trae una manilla de pl\u00e1stico para una mayor facilidad de uso.<\/li>\n<\/ul>\n","protected":false},"excerpt":{"rendered":"<p>Para bandas desde 1\/4\u201d a 3\/4\u201d. Posee un cortador integrado. Tensiona mas de 2,400 libras, adem\u00e1s incluye una palanca de corte por fricci\u00f3n y ajuste con resorte, trae una manilla de pl\u00e1stico para una mayor facilidad de uso.<\/p>\n","protected":false},"featured_media":3647,"template":"","meta":{"_monsterinsights_skip_tracking":false,"_monsterinsights_sitenote_active":false,"_monsterinsights_sitenote_note":"","_monsterinsights_sitenote_category":0},"product_brand":[],"product_cat":[104,110],"product_tag":[],"class_list":{"0":"post-3646","1":"product","2":"type-product","3":"status-publish","4":"has-post-thumbnail","6":"product_cat-accesorios","7":"product_cat-herrajeria","8":"notblog","10":"first","11":"instock","12":"featured","13":"taxable","14":"shipping-taxable","15":"purchasable","16":"product-type-simple"},"_links":{"self":[{"href":"https:\/\/www.compumashn.net\/inicio\/wp-json\/wp\/v2\/product\/3646","targetHints":{"allow":["GET"]}}],"collection":[{"href":"https:\/\/www.compumashn.net\/inicio\/wp-json\/wp\/v2\/product"}],"about":[{"href":"https:\/\/www.compumashn.net\/inicio\/wp-json\/wp\/v2\/types\/product"}],"wp:featuredmedia":[{"embeddable":true,"href":"https:\/\/www.compumashn.net\/inicio\/wp-json\/wp\/v2\/media\/3647"}],"wp:attachment":[{"href":"https:\/\/www.compumashn.net\/inicio\/wp-json\/wp\/v2\/media?parent=3646"}],"wp:term":[{"taxonomy":"product_brand","embeddable":true,"href":"https:\/\/www.compumashn.net\/inicio\/wp-json\/wp\/v2\/product_brand?post=3646"},{"taxonomy":"product_cat","embeddable":true,"href":"https:\/\/www.compumashn.net\/inicio\/wp-json\/wp\/v2\/product_cat?post=3646"},{"taxonomy":"product_tag","embeddable":true,"href":"https:\/\/www.compumashn.net\/inicio\/wp-json\/wp\/v2\/product_tag?post=3646"}],"curies":[{"name":"wp","href":"https:\/\/api.w.org\/{rel}","templated":true}]}}