{"id":3654,"date":"2023-04-08T22:13:58","date_gmt":"2023-04-09T04:13:58","guid":{"rendered":"https:\/\/www.compumashn.net\/inicio\/?post_type=product&#038;p=3654"},"modified":"2025-07-06T12:14:24","modified_gmt":"2025-07-06T18:14:24","slug":"mini-odf-2-puertos","status":"publish","type":"product","link":"https:\/\/www.compumashn.net\/inicio\/product\/mini-odf-2-puertos\/","title":{"rendered":"MINI ODF 2 PUERTOS"},"content":{"rendered":"<ul>\n<li>Adecuado para la instalaci\u00f3n de diferente soluci\u00f3n.<\/li>\n<li>Roseta apta para utilizaci\u00f3n con conector de fibra \u00f3ptica con SC simplex o LC d\u00faplex.<\/li>\n<li>Red de acceso de fibra \u00f3ptica de banda ancha y fibra FTTH hacia el hogar.<\/li>\n<li>Se cierra con presi\u00f3n.<\/li>\n<\/ul>\n","protected":false},"excerpt":{"rendered":"<p>Adecuado para la instalaci\u00f3n de diferente soluci\u00f3n. Roseta apta para utilizaci\u00f3n con conector de fibra \u00f3ptica con SC simplex o LC d\u00faplex. Red de acceso de fibra \u00f3ptica de banda ancha y fibra FTTH hacia el hogar. Se cierra con presi\u00f3n.<\/p>\n","protected":false},"featured_media":3656,"template":"","meta":{"_monsterinsights_skip_tracking":false,"_monsterinsights_sitenote_active":false,"_monsterinsights_sitenote_note":"","_monsterinsights_sitenote_category":0},"product_brand":[],"product_cat":[133],"product_tag":[],"class_list":{"0":"post-3654","1":"product","2":"type-product","3":"status-publish","4":"has-post-thumbnail","6":"product_cat-odf","7":"notblog","9":"first","10":"instock","11":"featured","12":"taxable","13":"shipping-taxable","14":"purchasable","15":"product-type-simple"},"_links":{"self":[{"href":"https:\/\/www.compumashn.net\/inicio\/wp-json\/wp\/v2\/product\/3654","targetHints":{"allow":["GET"]}}],"collection":[{"href":"https:\/\/www.compumashn.net\/inicio\/wp-json\/wp\/v2\/product"}],"about":[{"href":"https:\/\/www.compumashn.net\/inicio\/wp-json\/wp\/v2\/types\/product"}],"wp:featuredmedia":[{"embeddable":true,"href":"https:\/\/www.compumashn.net\/inicio\/wp-json\/wp\/v2\/media\/3656"}],"wp:attachment":[{"href":"https:\/\/www.compumashn.net\/inicio\/wp-json\/wp\/v2\/media?parent=3654"}],"wp:term":[{"taxonomy":"product_brand","embeddable":true,"href":"https:\/\/www.compumashn.net\/inicio\/wp-json\/wp\/v2\/product_brand?post=3654"},{"taxonomy":"product_cat","embeddable":true,"href":"https:\/\/www.compumashn.net\/inicio\/wp-json\/wp\/v2\/product_cat?post=3654"},{"taxonomy":"product_tag","embeddable":true,"href":"https:\/\/www.compumashn.net\/inicio\/wp-json\/wp\/v2\/product_tag?post=3654"}],"curies":[{"name":"wp","href":"https:\/\/api.w.org\/{rel}","templated":true}]}}