{"id":3666,"date":"2023-04-08T22:52:28","date_gmt":"2023-04-09T04:52:28","guid":{"rendered":"https:\/\/www.compumashn.net\/inicio\/?post_type=product&#038;p=3666"},"modified":"2026-01-14T10:29:21","modified_gmt":"2026-01-14T16:29:21","slug":"splitter-optico","status":"publish","type":"product","link":"https:\/\/www.compumashn.net\/inicio\/product\/splitter-optico\/","title":{"rendered":"SPLITTER \u00d3PTICO"},"content":{"rendered":"<ul>\n<li>Splitters \u00f3pticos disponibles en: 1\u00d72, 1\u00d74, 1\u00d76, 1\u00d78, 1\u00d716, 1\u00d732.<\/li>\n<li>Gran uniformidad para optimizar la transmisi\u00f3n por fibra \u00f3ptica.<\/li>\n<li>Alta fiabilidad.<\/li>\n<li>M\u00ednima p\u00e9rdida de inserci\u00f3n.<\/li>\n<li>Baja sensibilidad a la polarizaci\u00f3n.<\/li>\n<li>Dise\u00f1ados para instalaciones de telecomunicaciones, CATV, FTTx, FTTH.<\/li>\n<\/ul>\n","protected":false},"excerpt":{"rendered":"<p>Splitters \u00f3pticos disponibles en: 1\u00d72, 1\u00d74, 1\u00d76, 1\u00d78, 1\u00d716, 1\u00d732. Gran uniformidad para optimizar la transmisi\u00f3n por fibra \u00f3ptica. Alta fiabilidad. M\u00ednima p\u00e9rdida de inserci\u00f3n. Baja sensibilidad a la polarizaci\u00f3n. Dise\u00f1ados para instalaciones de telecomunicaciones, CATV, FTTx, FTTH.<\/p>\n","protected":false},"featured_media":3674,"template":"","meta":{"_monsterinsights_skip_tracking":false,"_monsterinsights_sitenote_active":false,"_monsterinsights_sitenote_note":"","_monsterinsights_sitenote_category":0},"product_brand":[],"product_cat":[132,106],"product_tag":[],"class_list":{"0":"post-3666","1":"product","2":"type-product","3":"status-publish","4":"has-post-thumbnail","6":"product_cat-accesorios-fibra-optica","7":"product_cat-fibra-optica","8":"notblog","10":"first","11":"instock","12":"featured","13":"taxable","14":"shipping-taxable","15":"purchasable","16":"product-type-variable"},"_links":{"self":[{"href":"https:\/\/www.compumashn.net\/inicio\/wp-json\/wp\/v2\/product\/3666","targetHints":{"allow":["GET"]}}],"collection":[{"href":"https:\/\/www.compumashn.net\/inicio\/wp-json\/wp\/v2\/product"}],"about":[{"href":"https:\/\/www.compumashn.net\/inicio\/wp-json\/wp\/v2\/types\/product"}],"wp:featuredmedia":[{"embeddable":true,"href":"https:\/\/www.compumashn.net\/inicio\/wp-json\/wp\/v2\/media\/3674"}],"wp:attachment":[{"href":"https:\/\/www.compumashn.net\/inicio\/wp-json\/wp\/v2\/media?parent=3666"}],"wp:term":[{"taxonomy":"product_brand","embeddable":true,"href":"https:\/\/www.compumashn.net\/inicio\/wp-json\/wp\/v2\/product_brand?post=3666"},{"taxonomy":"product_cat","embeddable":true,"href":"https:\/\/www.compumashn.net\/inicio\/wp-json\/wp\/v2\/product_cat?post=3666"},{"taxonomy":"product_tag","embeddable":true,"href":"https:\/\/www.compumashn.net\/inicio\/wp-json\/wp\/v2\/product_tag?post=3666"}],"curies":[{"name":"wp","href":"https:\/\/api.w.org\/{rel}","templated":true}]}}