{"id":3689,"date":"2023-04-09T21:36:44","date_gmt":"2023-04-10T03:36:44","guid":{"rendered":"https:\/\/www.compumashn.net\/inicio\/?post_type=product&#038;p=3689"},"modified":"2026-01-18T19:19:36","modified_gmt":"2026-01-19T01:19:36","slug":"patchcord-sc-apc-sc-apc","status":"publish","type":"product","link":"https:\/\/www.compumashn.net\/inicio\/product\/patchcord-sc-apc-sc-apc\/","title":{"rendered":"PATCHCORD SC\/APC-SC\/APC"},"content":{"rendered":"<ul>\n<li>PATCHCORD SC\/APC-SC\/APC disponible en: 1M, 2M, 3M.<\/li>\n<li><span id=\"product_full_description\" class=\"oe_structure\">Cable de conexi\u00f3n de fibra \u00f3ptica con conectores en ambos extremos que permite una transmisi\u00f3n de luz conveniente y r\u00e1pida.<\/span><\/li>\n<li>Cable red Patchcord.<\/li>\n<\/ul>\n","protected":false},"excerpt":{"rendered":"<p>PATCHCORD SC\/APC-SC\/APC disponible en: 1M, 2M, 3M. Cable de conexi\u00f3n de fibra \u00f3ptica con conectores en ambos extremos que permite una transmisi\u00f3n de luz conveniente y r\u00e1pida. Cable red Patchcord.<\/p>\n","protected":false},"featured_media":3690,"template":"","meta":{"_monsterinsights_skip_tracking":false,"_monsterinsights_sitenote_active":false,"_monsterinsights_sitenote_note":"","_monsterinsights_sitenote_category":0},"product_brand":[],"product_cat":[128],"product_tag":[],"class_list":{"0":"post-3689","1":"product","2":"type-product","3":"status-publish","4":"has-post-thumbnail","6":"product_cat-patchcord","7":"notblog","9":"first","10":"instock","11":"featured","12":"taxable","13":"shipping-taxable","14":"purchasable","15":"product-type-variable"},"_links":{"self":[{"href":"https:\/\/www.compumashn.net\/inicio\/wp-json\/wp\/v2\/product\/3689","targetHints":{"allow":["GET"]}}],"collection":[{"href":"https:\/\/www.compumashn.net\/inicio\/wp-json\/wp\/v2\/product"}],"about":[{"href":"https:\/\/www.compumashn.net\/inicio\/wp-json\/wp\/v2\/types\/product"}],"wp:featuredmedia":[{"embeddable":true,"href":"https:\/\/www.compumashn.net\/inicio\/wp-json\/wp\/v2\/media\/3690"}],"wp:attachment":[{"href":"https:\/\/www.compumashn.net\/inicio\/wp-json\/wp\/v2\/media?parent=3689"}],"wp:term":[{"taxonomy":"product_brand","embeddable":true,"href":"https:\/\/www.compumashn.net\/inicio\/wp-json\/wp\/v2\/product_brand?post=3689"},{"taxonomy":"product_cat","embeddable":true,"href":"https:\/\/www.compumashn.net\/inicio\/wp-json\/wp\/v2\/product_cat?post=3689"},{"taxonomy":"product_tag","embeddable":true,"href":"https:\/\/www.compumashn.net\/inicio\/wp-json\/wp\/v2\/product_tag?post=3689"}],"curies":[{"name":"wp","href":"https:\/\/api.w.org\/{rel}","templated":true}]}}