{"id":3740,"date":"2023-04-09T22:52:14","date_gmt":"2023-04-10T04:52:14","guid":{"rendered":"https:\/\/www.compumashn.net\/inicio\/?post_type=product&#038;p=3740"},"modified":"2025-07-06T11:50:31","modified_gmt":"2025-07-06T17:50:31","slug":"cierre-en-frio-mufa","status":"publish","type":"product","link":"https:\/\/www.compumashn.net\/inicio\/product\/cierre-en-frio-mufa\/","title":{"rendered":"CIERRE EN FRIO (MUFA)"},"content":{"rendered":"<ul>\n<li>CIERRE EN FRIO (MUFA) disponibles en: 12 puertos, 24 puertos.<\/li>\n<li>Tama\u00f1o compacto.<\/li>\n<li>Su tama\u00f1o permite el montaje en peque\u00f1os pedestales.<\/li>\n<li>Cuenta con un amigable organizador interno para el manejo y acomodo de las fibras \u00f3pticas.<\/li>\n<li>L\u00ednea completa de accesorios para montaje.<\/li>\n<\/ul>\n","protected":false},"excerpt":{"rendered":"<p>CIERRE EN FRIO (MUFA) disponibles en: 12 puertos, 24 puertos. Tama\u00f1o compacto. Su tama\u00f1o permite el montaje en peque\u00f1os pedestales. Cuenta con un amigable organizador interno para el manejo y acomodo de las fibras \u00f3pticas. L\u00ednea completa de accesorios para montaje.<\/p>\n","protected":false},"featured_media":3741,"template":"","meta":{"_monsterinsights_skip_tracking":false,"_monsterinsights_sitenote_active":false,"_monsterinsights_sitenote_note":"","_monsterinsights_sitenote_category":0},"product_brand":[],"product_cat":[131],"product_tag":[],"class_list":{"0":"post-3740","1":"product","2":"type-product","3":"status-publish","4":"has-post-thumbnail","6":"product_cat-nap","7":"notblog","9":"first","10":"instock","11":"featured","12":"taxable","13":"shipping-taxable","14":"purchasable","15":"product-type-variable"},"_links":{"self":[{"href":"https:\/\/www.compumashn.net\/inicio\/wp-json\/wp\/v2\/product\/3740","targetHints":{"allow":["GET"]}}],"collection":[{"href":"https:\/\/www.compumashn.net\/inicio\/wp-json\/wp\/v2\/product"}],"about":[{"href":"https:\/\/www.compumashn.net\/inicio\/wp-json\/wp\/v2\/types\/product"}],"wp:featuredmedia":[{"embeddable":true,"href":"https:\/\/www.compumashn.net\/inicio\/wp-json\/wp\/v2\/media\/3741"}],"wp:attachment":[{"href":"https:\/\/www.compumashn.net\/inicio\/wp-json\/wp\/v2\/media?parent=3740"}],"wp:term":[{"taxonomy":"product_brand","embeddable":true,"href":"https:\/\/www.compumashn.net\/inicio\/wp-json\/wp\/v2\/product_brand?post=3740"},{"taxonomy":"product_cat","embeddable":true,"href":"https:\/\/www.compumashn.net\/inicio\/wp-json\/wp\/v2\/product_cat?post=3740"},{"taxonomy":"product_tag","embeddable":true,"href":"https:\/\/www.compumashn.net\/inicio\/wp-json\/wp\/v2\/product_tag?post=3740"}],"curies":[{"name":"wp","href":"https:\/\/api.w.org\/{rel}","templated":true}]}}