{"id":4152,"date":"2023-11-06T22:28:44","date_gmt":"2023-11-07T04:28:44","guid":{"rendered":"https:\/\/www.compumashn.net\/inicio\/?post_type=product&#038;p=4152"},"modified":"2025-07-06T14:32:03","modified_gmt":"2025-07-06T20:32:03","slug":"power-beam-2ac-400","status":"publish","type":"product","link":"https:\/\/www.compumashn.net\/inicio\/product\/power-beam-2ac-400\/","title":{"rendered":"POWER BEAM 2AC 400"},"content":{"rendered":"<p>Ubiquiti Networks lanza la \u00faltima generaci\u00f3n de airMAX\u00ae CPE (Customer Premises Equipment), el PowerBeam\u00ae 2AC, con gesti\u00f3n de Wi-Fi dedicada.<br \/>\nEl PowerBeam 2AC dirige la energ\u00eda de RF en un ancho de haz m\u00e1s estrecho. Con el enfoque en una direcci\u00f3n, el PowerBeam 2AC bloquea o filtra espacialmente el ruido, por lo que se mejora la inmunidad al ruido. Esta caracter\u00edstica es especialmente importante en un \u00e1rea llena de otras se\u00f1ales de RF de la misma frecuencia o similar.<\/p>\n","protected":false},"excerpt":{"rendered":"<ul>\n<li><strong>FRECUENCIA:<\/strong> 2GHZ<\/li>\n<li><strong>ALTO RENDIMIENTO<\/strong><\/li>\n<li><strong>ALCANCE:<\/strong> 20 KM<\/li>\n<li><strong>INMUNIDAD AL RUIDO MEJORADA<\/strong><\/li>\n<\/ul>\n","protected":false},"featured_media":4154,"template":"","meta":{"_monsterinsights_skip_tracking":false,"_monsterinsights_sitenote_active":false,"_monsterinsights_sitenote_note":"","_monsterinsights_sitenote_category":0},"product_brand":[163],"product_cat":[136,135,134],"product_tag":[],"class_list":{"0":"post-4152","1":"product","2":"type-product","3":"status-publish","4":"has-post-thumbnail","6":"product_brand-ubiquiti","7":"product_cat-power-beam","8":"product_cat-radios","9":"product_cat-ubiquiti","10":"notblog","12":"first","13":"instock","14":"taxable","15":"shipping-taxable","16":"purchasable","17":"product-type-simple"},"_links":{"self":[{"href":"https:\/\/www.compumashn.net\/inicio\/wp-json\/wp\/v2\/product\/4152","targetHints":{"allow":["GET"]}}],"collection":[{"href":"https:\/\/www.compumashn.net\/inicio\/wp-json\/wp\/v2\/product"}],"about":[{"href":"https:\/\/www.compumashn.net\/inicio\/wp-json\/wp\/v2\/types\/product"}],"wp:featuredmedia":[{"embeddable":true,"href":"https:\/\/www.compumashn.net\/inicio\/wp-json\/wp\/v2\/media\/4154"}],"wp:attachment":[{"href":"https:\/\/www.compumashn.net\/inicio\/wp-json\/wp\/v2\/media?parent=4152"}],"wp:term":[{"taxonomy":"product_brand","embeddable":true,"href":"https:\/\/www.compumashn.net\/inicio\/wp-json\/wp\/v2\/product_brand?post=4152"},{"taxonomy":"product_cat","embeddable":true,"href":"https:\/\/www.compumashn.net\/inicio\/wp-json\/wp\/v2\/product_cat?post=4152"},{"taxonomy":"product_tag","embeddable":true,"href":"https:\/\/www.compumashn.net\/inicio\/wp-json\/wp\/v2\/product_tag?post=4152"}],"curies":[{"name":"wp","href":"https:\/\/api.w.org\/{rel}","templated":true}]}}