{"id":4167,"date":"2023-11-07T18:45:31","date_gmt":"2023-11-08T00:45:31","guid":{"rendered":"https:\/\/www.compumashn.net\/inicio\/?post_type=product&#038;p=4167"},"modified":"2025-07-06T14:31:38","modified_gmt":"2025-07-06T20:31:38","slug":"nano-beam-m5-16","status":"publish","type":"product","link":"https:\/\/www.compumashn.net\/inicio\/product\/nano-beam-m5-16\/","title":{"rendered":"NANO BEAM M5-16"},"content":{"rendered":"<p>El nuevo dispositivo CPE de Ubiquiti Networks, Nanobeam. ha mejorado la inmunidad a las interferencias externas, la tecnolog\u00eda utilizada en la NBE puede enfocar la energ\u00eda de RF en un paquete m\u00e1s peque\u00f1o, que evita la interferencia de otros dispositivos de la red. Esta caracter\u00edstica es especialmente adecuado para el espacio a\u00e9reo ocupado en los que est\u00e1 conectado a varios dispositivos que funcionen en la misma banda. NanoBeam compatible con la tecnolog\u00eda TDMA y AirMax.<\/p>\n","protected":false},"excerpt":{"rendered":"<ul>\n<li><strong>FRECUENCIA:<\/strong> 5GHZ<\/li>\n<li><strong>RENDIMIENTO:<\/strong> 150+Mbps<\/li>\n<li><strong>ALCANCE:<\/strong> 10 KM<\/li>\n<\/ul>\n","protected":false},"featured_media":4168,"template":"","meta":{"_monsterinsights_skip_tracking":false,"_monsterinsights_sitenote_active":false,"_monsterinsights_sitenote_note":"","_monsterinsights_sitenote_category":0},"product_brand":[163],"product_cat":[138,135,134],"product_tag":[],"class_list":{"0":"post-4167","1":"product","2":"type-product","3":"status-publish","4":"has-post-thumbnail","6":"product_brand-ubiquiti","7":"product_cat-nano-beam","8":"product_cat-radios","9":"product_cat-ubiquiti","10":"notblog","12":"first","13":"instock","14":"taxable","15":"shipping-taxable","16":"purchasable","17":"product-type-simple"},"_links":{"self":[{"href":"https:\/\/www.compumashn.net\/inicio\/wp-json\/wp\/v2\/product\/4167","targetHints":{"allow":["GET"]}}],"collection":[{"href":"https:\/\/www.compumashn.net\/inicio\/wp-json\/wp\/v2\/product"}],"about":[{"href":"https:\/\/www.compumashn.net\/inicio\/wp-json\/wp\/v2\/types\/product"}],"wp:featuredmedia":[{"embeddable":true,"href":"https:\/\/www.compumashn.net\/inicio\/wp-json\/wp\/v2\/media\/4168"}],"wp:attachment":[{"href":"https:\/\/www.compumashn.net\/inicio\/wp-json\/wp\/v2\/media?parent=4167"}],"wp:term":[{"taxonomy":"product_brand","embeddable":true,"href":"https:\/\/www.compumashn.net\/inicio\/wp-json\/wp\/v2\/product_brand?post=4167"},{"taxonomy":"product_cat","embeddable":true,"href":"https:\/\/www.compumashn.net\/inicio\/wp-json\/wp\/v2\/product_cat?post=4167"},{"taxonomy":"product_tag","embeddable":true,"href":"https:\/\/www.compumashn.net\/inicio\/wp-json\/wp\/v2\/product_tag?post=4167"}],"curies":[{"name":"wp","href":"https:\/\/api.w.org\/{rel}","templated":true}]}}