{"id":4240,"date":"2023-11-08T13:52:20","date_gmt":"2023-11-08T19:52:20","guid":{"rendered":"https:\/\/www.compumashn.net\/inicio\/?post_type=product&#038;p=4240"},"modified":"2025-07-06T14:26:46","modified_gmt":"2025-07-06T20:26:46","slug":"omni-2g-13-dbi","status":"publish","type":"product","link":"https:\/\/www.compumashn.net\/inicio\/product\/omni-2g-13-dbi\/","title":{"rendered":"OMNI 2G-13 DBI"},"content":{"rendered":"<p>El modelo Ubiquiti AMO-2G13 es una antena omnidireccional de 360 grados, pertenece a la futura generaci\u00f3n de dispositivos, que por su ganancia, aislamiento en polarizaci\u00f3n cruzada y forma de haz s\u00f3lo alcanzan las grandes antenas de las operadoras de telefon\u00eda m\u00f3vil a nivel mundial. Simplemente hace falta un Rocket M2 o MikroTik BaseBox2 para crear con esta antena una potente Estaci\u00f3n Base punto a multipunto AirMax MIMO 2\u00d72.<\/p>\n<p>Utilizando la tecnolog\u00eda airMAX. Permite a cada cliente enviar y recibir datos utilizando el tiempo preestablecido.\u00a0Este m\u00e9todo de \u201cintervalo de tiempo\u201d elimina colisiones de nodos ocultos y maximiza eficiencia en tiempo de aire. Proporciona mejoras en la latencia, rendimiento, y escalabilidad comparado con todos los dem\u00e1s equipos exteriores de su clase.<\/p>\n","protected":false},"excerpt":{"rendered":"<ul>\n<li><strong>FRECUENCIA:<\/strong> 2GHZ<\/li>\n<\/ul>\n","protected":false},"featured_media":4242,"template":"","meta":{"_monsterinsights_skip_tracking":false,"_monsterinsights_sitenote_active":false,"_monsterinsights_sitenote_note":"","_monsterinsights_sitenote_category":0},"product_brand":[163],"product_cat":[137,144,134],"product_tag":[],"class_list":{"0":"post-4240","1":"product","2":"type-product","3":"status-publish","4":"has-post-thumbnail","6":"product_brand-ubiquiti","7":"product_cat-antenas","8":"product_cat-omni","9":"product_cat-ubiquiti","10":"notblog","12":"first","13":"instock","14":"taxable","15":"shipping-taxable","16":"purchasable","17":"product-type-simple"},"_links":{"self":[{"href":"https:\/\/www.compumashn.net\/inicio\/wp-json\/wp\/v2\/product\/4240","targetHints":{"allow":["GET"]}}],"collection":[{"href":"https:\/\/www.compumashn.net\/inicio\/wp-json\/wp\/v2\/product"}],"about":[{"href":"https:\/\/www.compumashn.net\/inicio\/wp-json\/wp\/v2\/types\/product"}],"wp:featuredmedia":[{"embeddable":true,"href":"https:\/\/www.compumashn.net\/inicio\/wp-json\/wp\/v2\/media\/4242"}],"wp:attachment":[{"href":"https:\/\/www.compumashn.net\/inicio\/wp-json\/wp\/v2\/media?parent=4240"}],"wp:term":[{"taxonomy":"product_brand","embeddable":true,"href":"https:\/\/www.compumashn.net\/inicio\/wp-json\/wp\/v2\/product_brand?post=4240"},{"taxonomy":"product_cat","embeddable":true,"href":"https:\/\/www.compumashn.net\/inicio\/wp-json\/wp\/v2\/product_cat?post=4240"},{"taxonomy":"product_tag","embeddable":true,"href":"https:\/\/www.compumashn.net\/inicio\/wp-json\/wp\/v2\/product_tag?post=4240"}],"curies":[{"name":"wp","href":"https:\/\/api.w.org\/{rel}","templated":true}]}}