{"id":4255,"date":"2023-11-08T15:53:35","date_gmt":"2023-11-08T21:53:35","guid":{"rendered":"https:\/\/www.compumashn.net\/inicio\/?post_type=product&#038;p=4255"},"modified":"2025-07-06T14:24:34","modified_gmt":"2025-07-06T20:24:34","slug":"sector-am-2g15-120","status":"publish","type":"product","link":"https:\/\/www.compumashn.net\/inicio\/product\/sector-am-2g15-120\/","title":{"rendered":"SECTOR AM-2G15-120"},"content":{"rendered":"<p>El modelo AM-2G15-120 de UBIQUITI es una antena sectorial de 120 grados, que pertenece a la futura generaci\u00f3n de dispositivos, por su ganancia, aislamiento en polarizaci\u00f3n cruzada y forma de haz s\u00f3lo alcanzan las grandes antenas de las operadoras de telefon\u00eda m\u00f3vil a nivel mundial.<\/p>\n<p>Simplemente hace falta un Rocket M2 para crear con esta antena una potente Estaci\u00f3n Base punto a multipunto AirMax MIMO 2\u00d72.<\/p>\n<p>Utilizando la tecnolog\u00eda airMAX. Permite a cada cliente enviar y recibir datos utilizando el tiempo preestablecido.\u00a0Este m\u00e9todo de \u201cintervalo de tiempo\u201d elimina colisiones de nodos ocultos y maximiza eficiencia en tiempo de aire.<\/p>\n","protected":false},"excerpt":{"rendered":"<ul>\n<li><strong>FRECUENCIA:<\/strong> 2GHZ<\/li>\n<\/ul>\n","protected":false},"featured_media":4256,"template":"","meta":{"_monsterinsights_skip_tracking":false,"_monsterinsights_sitenote_active":false,"_monsterinsights_sitenote_note":"","_monsterinsights_sitenote_category":0},"product_brand":[163],"product_cat":[137,145,134],"product_tag":[],"class_list":{"0":"post-4255","1":"product","2":"type-product","3":"status-publish","4":"has-post-thumbnail","6":"product_brand-ubiquiti","7":"product_cat-antenas","8":"product_cat-sector","9":"product_cat-ubiquiti","10":"notblog","12":"first","13":"instock","14":"taxable","15":"shipping-taxable","16":"purchasable","17":"product-type-simple"},"_links":{"self":[{"href":"https:\/\/www.compumashn.net\/inicio\/wp-json\/wp\/v2\/product\/4255","targetHints":{"allow":["GET"]}}],"collection":[{"href":"https:\/\/www.compumashn.net\/inicio\/wp-json\/wp\/v2\/product"}],"about":[{"href":"https:\/\/www.compumashn.net\/inicio\/wp-json\/wp\/v2\/types\/product"}],"wp:featuredmedia":[{"embeddable":true,"href":"https:\/\/www.compumashn.net\/inicio\/wp-json\/wp\/v2\/media\/4256"}],"wp:attachment":[{"href":"https:\/\/www.compumashn.net\/inicio\/wp-json\/wp\/v2\/media?parent=4255"}],"wp:term":[{"taxonomy":"product_brand","embeddable":true,"href":"https:\/\/www.compumashn.net\/inicio\/wp-json\/wp\/v2\/product_brand?post=4255"},{"taxonomy":"product_cat","embeddable":true,"href":"https:\/\/www.compumashn.net\/inicio\/wp-json\/wp\/v2\/product_cat?post=4255"},{"taxonomy":"product_tag","embeddable":true,"href":"https:\/\/www.compumashn.net\/inicio\/wp-json\/wp\/v2\/product_tag?post=4255"}],"curies":[{"name":"wp","href":"https:\/\/api.w.org\/{rel}","templated":true}]}}