{"id":4299,"date":"2023-11-13T12:34:42","date_gmt":"2023-11-13T18:34:42","guid":{"rendered":"https:\/\/www.compumashn.net\/inicio\/?post_type=product&#038;p=4299"},"modified":"2025-07-06T14:22:08","modified_gmt":"2025-07-06T20:22:08","slug":"protector-eth-sp-gen2","status":"publish","type":"product","link":"https:\/\/www.compumashn.net\/inicio\/product\/protector-eth-sp-gen2\/","title":{"rendered":"PROTECTOR ETH-SP-GEN2"},"content":{"rendered":"<p>El Ubiquiti ETH-SP-G2 es una soluci\u00f3n rentable para la protecci\u00f3n de dispositivos de exteriores del da\u00f1o de descargas electroest\u00e1ticas, electromagn\u00e9ticas y sobrecargas.<\/p>\n<p>Todos los dispositivos airMAX de Ubiquiti siempre han tenido una robusta protecci\u00f3n ESD, por lo que agregar el ETH-SP-G2 a la instalaci\u00f3n representa una capa adicional de protecci\u00f3n a la red.<\/p>\n","protected":false},"excerpt":{"rendered":"<ul>\n<li>Protecci\u00f3n contra descargas electrost\u00e1ticas para exterior para redes de alta velocidad.<\/li>\n<li>Ideal para redes WISP.<\/li>\n<\/ul>\n","protected":false},"featured_media":4297,"template":"","meta":{"_monsterinsights_skip_tracking":false,"_monsterinsights_sitenote_active":false,"_monsterinsights_sitenote_note":"","_monsterinsights_sitenote_category":0},"product_brand":[163],"product_cat":[148,134],"product_tag":[],"class_list":{"0":"post-4299","1":"product","2":"type-product","3":"status-publish","4":"has-post-thumbnail","6":"product_brand-ubiquiti","7":"product_cat-otros-productos-ei","8":"product_cat-ubiquiti","9":"notblog","11":"first","12":"instock","13":"taxable","14":"shipping-taxable","15":"purchasable","16":"product-type-simple"},"_links":{"self":[{"href":"https:\/\/www.compumashn.net\/inicio\/wp-json\/wp\/v2\/product\/4299","targetHints":{"allow":["GET"]}}],"collection":[{"href":"https:\/\/www.compumashn.net\/inicio\/wp-json\/wp\/v2\/product"}],"about":[{"href":"https:\/\/www.compumashn.net\/inicio\/wp-json\/wp\/v2\/types\/product"}],"wp:featuredmedia":[{"embeddable":true,"href":"https:\/\/www.compumashn.net\/inicio\/wp-json\/wp\/v2\/media\/4297"}],"wp:attachment":[{"href":"https:\/\/www.compumashn.net\/inicio\/wp-json\/wp\/v2\/media?parent=4299"}],"wp:term":[{"taxonomy":"product_brand","embeddable":true,"href":"https:\/\/www.compumashn.net\/inicio\/wp-json\/wp\/v2\/product_brand?post=4299"},{"taxonomy":"product_cat","embeddable":true,"href":"https:\/\/www.compumashn.net\/inicio\/wp-json\/wp\/v2\/product_cat?post=4299"},{"taxonomy":"product_tag","embeddable":true,"href":"https:\/\/www.compumashn.net\/inicio\/wp-json\/wp\/v2\/product_tag?post=4299"}],"curies":[{"name":"wp","href":"https:\/\/api.w.org\/{rel}","templated":true}]}}