{"id":4301,"date":"2023-11-13T12:44:58","date_gmt":"2023-11-13T18:44:58","guid":{"rendered":"https:\/\/www.compumashn.net\/inicio\/?post_type=product&#038;p=4301"},"modified":"2023-11-13T12:44:59","modified_gmt":"2023-11-13T18:44:59","slug":"air-fiber-band-duplexer","status":"publish","type":"product","link":"https:\/\/www.compumashn.net\/inicio\/product\/air-fiber-band-duplexer\/","title":{"rendered":"AIR FIBER BAND DUPLEXER"},"content":{"rendered":"<p><span>El AF-11-DUP-H es un duplexor de banda alta para usar con el AF-11.<\/span><\/p>\n<p><span>El Ubiquiti airFiber AF-11-DUP presenta un dise\u00f1o modular \u00fanico para adaptarse a m\u00faltiples configuraciones de frecuencia.\u00a0Cada radio AF-11FX se puede configurar para admitir cualquier frecuencia permitida simplemente cambiando los duplexores para uso de banda alta o baja en la asignaci\u00f3n de 10,7 a 11,7 GHz.<\/span><\/p>\n","protected":false},"excerpt":{"rendered":"<ul>\n<li><span><strong>Canal bajo:<\/strong> 10.940 a 11.200 GHz<\/span><\/li>\n<li><span><strong>Canal Alto:<\/strong> 11.440 a 11.700 GHz<\/span><\/li>\n<\/ul>\n","protected":false},"featured_media":4303,"template":"","meta":{"_monsterinsights_skip_tracking":false,"_monsterinsights_sitenote_active":false,"_monsterinsights_sitenote_note":"","_monsterinsights_sitenote_category":0},"product_brand":[],"product_cat":[142,135],"product_tag":[],"class_list":{"0":"post-4301","1":"product","2":"type-product","3":"status-publish","4":"has-post-thumbnail","6":"product_cat-air-fiber","7":"product_cat-radios","8":"notblog","10":"first","11":"instock","12":"taxable","13":"shipping-taxable","14":"purchasable","15":"product-type-simple"},"_links":{"self":[{"href":"https:\/\/www.compumashn.net\/inicio\/wp-json\/wp\/v2\/product\/4301","targetHints":{"allow":["GET"]}}],"collection":[{"href":"https:\/\/www.compumashn.net\/inicio\/wp-json\/wp\/v2\/product"}],"about":[{"href":"https:\/\/www.compumashn.net\/inicio\/wp-json\/wp\/v2\/types\/product"}],"wp:featuredmedia":[{"embeddable":true,"href":"https:\/\/www.compumashn.net\/inicio\/wp-json\/wp\/v2\/media\/4303"}],"wp:attachment":[{"href":"https:\/\/www.compumashn.net\/inicio\/wp-json\/wp\/v2\/media?parent=4301"}],"wp:term":[{"taxonomy":"product_brand","embeddable":true,"href":"https:\/\/www.compumashn.net\/inicio\/wp-json\/wp\/v2\/product_brand?post=4301"},{"taxonomy":"product_cat","embeddable":true,"href":"https:\/\/www.compumashn.net\/inicio\/wp-json\/wp\/v2\/product_cat?post=4301"},{"taxonomy":"product_tag","embeddable":true,"href":"https:\/\/www.compumashn.net\/inicio\/wp-json\/wp\/v2\/product_tag?post=4301"}],"curies":[{"name":"wp","href":"https:\/\/api.w.org\/{rel}","templated":true}]}}