{"id":4331,"date":"2023-11-21T16:34:25","date_gmt":"2023-11-21T22:34:25","guid":{"rendered":"https:\/\/www.compumashn.net\/inicio\/?post_type=product&#038;p=4331"},"modified":"2025-07-06T13:41:53","modified_gmt":"2025-07-06T19:41:53","slug":"mikrotik-rb750gr3","status":"publish","type":"product","link":"https:\/\/www.compumashn.net\/inicio\/product\/mikrotik-rb750gr3\/","title":{"rendered":"MIKROTIK RB750GR3"},"content":{"rendered":"<p><span>hEX es un enrutador Gigabit Ethernet de cinco puertos para ubicaciones donde no se requiere conectividad inal\u00e1mbrica.\u00a0El dispositivo tiene un puerto USB de tama\u00f1o completo.\u00a0Esta nueva revisi\u00f3n actualizada del hEX trae varias mejoras en el rendimiento.<\/span><\/p>\n<p><span>Es asequible, peque\u00f1o y f\u00e1cil de usar, pero al mismo tiempo viene con una CPU de doble n\u00facleo muy potente de 880 MHz y 256 MB de RAM, capaz de soportar todas las configuraciones avanzadas que admite RouterOS.<\/span><\/p>\n<p><span>Se admite el cifrado de hardware IPsec (~470 Mbps) y el paquete de servidor The Dude, la ranura microSD proporciona una velocidad de lectura\/escritura mejorada para el almacenamiento de archivos y Dude.<\/span><\/p>\n","protected":false},"excerpt":{"rendered":"<ul>\n<li>5 PUERTOS GIGABIT ETHERNET<\/li>\n<li>CPU DE DOBLE N\u00daCLEO A 880 MHZ<\/li>\n<li>256 MB DE RAM<\/li>\n<li>USB<\/li>\n<li>MICROSD<\/li>\n<li>ROUTEROS L4<\/li>\n<\/ul>\n","protected":false},"featured_media":4336,"template":"","meta":{"_monsterinsights_skip_tracking":false,"_monsterinsights_sitenote_active":false,"_monsterinsights_sitenote_note":"","_monsterinsights_sitenote_category":0},"product_brand":[159],"product_cat":[149,150],"product_tag":[],"class_list":{"0":"post-4331","1":"product","2":"type-product","3":"status-publish","4":"has-post-thumbnail","6":"product_brand-mikrotik","7":"product_cat-mikrotik","8":"product_cat-routers-ethernet","9":"notblog","11":"first","12":"instock","13":"taxable","14":"shipping-taxable","15":"purchasable","16":"product-type-simple"},"_links":{"self":[{"href":"https:\/\/www.compumashn.net\/inicio\/wp-json\/wp\/v2\/product\/4331","targetHints":{"allow":["GET"]}}],"collection":[{"href":"https:\/\/www.compumashn.net\/inicio\/wp-json\/wp\/v2\/product"}],"about":[{"href":"https:\/\/www.compumashn.net\/inicio\/wp-json\/wp\/v2\/types\/product"}],"wp:featuredmedia":[{"embeddable":true,"href":"https:\/\/www.compumashn.net\/inicio\/wp-json\/wp\/v2\/media\/4336"}],"wp:attachment":[{"href":"https:\/\/www.compumashn.net\/inicio\/wp-json\/wp\/v2\/media?parent=4331"}],"wp:term":[{"taxonomy":"product_brand","embeddable":true,"href":"https:\/\/www.compumashn.net\/inicio\/wp-json\/wp\/v2\/product_brand?post=4331"},{"taxonomy":"product_cat","embeddable":true,"href":"https:\/\/www.compumashn.net\/inicio\/wp-json\/wp\/v2\/product_cat?post=4331"},{"taxonomy":"product_tag","embeddable":true,"href":"https:\/\/www.compumashn.net\/inicio\/wp-json\/wp\/v2\/product_tag?post=4331"}],"curies":[{"name":"wp","href":"https:\/\/api.w.org\/{rel}","templated":true}]}}