{"id":4337,"date":"2023-11-21T16:51:39","date_gmt":"2023-11-21T22:51:39","guid":{"rendered":"https:\/\/www.compumashn.net\/inicio\/?post_type=product&#038;p=4337"},"modified":"2025-07-06T13:41:37","modified_gmt":"2025-07-06T19:41:37","slug":"mikrotik-rb260gsp","status":"publish","type":"product","link":"https:\/\/www.compumashn.net\/inicio\/product\/mikrotik-rb260gsp\/","title":{"rendered":"MIKROTIK RB260GSP"},"content":{"rendered":"<p><span>El RB260GSP es un peque\u00f1o conmutador SOHO que cuenta con salida de energ\u00eda en sus puertos Ethernet.\u00a0<\/span><span>Los puertos 2 a 5 pueden alimentar otros dispositivos con capacidad PoE con el mismo voltaje que se aplica a la unidad (PoE pasivo a trav\u00e9s de l\u00edneas de datos \u00fanicamente).\u00a0<\/span><span>El RB260GSP tiene cinco puertos Gigabit Ethernet y una jaula SFP, la conmutaci\u00f3n se realiza mediante un chip de conmutador Atheros.\u00a0<\/span><span>El dispositivo ejecuta un sistema operativo dise\u00f1ado espec\u00edficamente para los productos MikroTik Switch: SwOS.<\/span><\/p>\n","protected":false},"excerpt":{"rendered":"<ul>\n<li>SMART SWICTH 5 PUERTOS GIGABIT POE OUT ETHERNET + 1 PUERTO SFP<\/li>\n<\/ul>\n","protected":false},"featured_media":4341,"template":"","meta":{"_monsterinsights_skip_tracking":false,"_monsterinsights_sitenote_active":false,"_monsterinsights_sitenote_note":"","_monsterinsights_sitenote_category":0},"product_brand":[159],"product_cat":[149,150],"product_tag":[],"class_list":{"0":"post-4337","1":"product","2":"type-product","3":"status-publish","4":"has-post-thumbnail","6":"product_brand-mikrotik","7":"product_cat-mikrotik","8":"product_cat-routers-ethernet","9":"notblog","11":"first","12":"instock","13":"taxable","14":"shipping-taxable","15":"purchasable","16":"product-type-simple"},"_links":{"self":[{"href":"https:\/\/www.compumashn.net\/inicio\/wp-json\/wp\/v2\/product\/4337","targetHints":{"allow":["GET"]}}],"collection":[{"href":"https:\/\/www.compumashn.net\/inicio\/wp-json\/wp\/v2\/product"}],"about":[{"href":"https:\/\/www.compumashn.net\/inicio\/wp-json\/wp\/v2\/types\/product"}],"wp:featuredmedia":[{"embeddable":true,"href":"https:\/\/www.compumashn.net\/inicio\/wp-json\/wp\/v2\/media\/4341"}],"wp:attachment":[{"href":"https:\/\/www.compumashn.net\/inicio\/wp-json\/wp\/v2\/media?parent=4337"}],"wp:term":[{"taxonomy":"product_brand","embeddable":true,"href":"https:\/\/www.compumashn.net\/inicio\/wp-json\/wp\/v2\/product_brand?post=4337"},{"taxonomy":"product_cat","embeddable":true,"href":"https:\/\/www.compumashn.net\/inicio\/wp-json\/wp\/v2\/product_cat?post=4337"},{"taxonomy":"product_tag","embeddable":true,"href":"https:\/\/www.compumashn.net\/inicio\/wp-json\/wp\/v2\/product_tag?post=4337"}],"curies":[{"name":"wp","href":"https:\/\/api.w.org\/{rel}","templated":true}]}}