{"id":4343,"date":"2023-11-21T17:40:09","date_gmt":"2023-11-21T23:40:09","guid":{"rendered":"https:\/\/www.compumashn.net\/inicio\/?post_type=product&#038;p=4343"},"modified":"2025-07-06T13:41:29","modified_gmt":"2025-07-06T19:41:29","slug":"rb760-igs","status":"publish","type":"product","link":"https:\/\/www.compumashn.net\/inicio\/product\/rb760-igs\/","title":{"rendered":"RB760-iGS"},"content":{"rendered":"<p><span>hEX S es un enrutador Gigabit Ethernet de cinco puertos para ubicaciones donde no se requiere conectividad inal\u00e1mbrica.\u00a0En comparaci\u00f3n con el hEX, el hEX S tambi\u00e9n cuenta con un puerto SFP y salida PoE en el \u00faltimo puerto.<\/span><\/p>\n<p><span>Es asequible, peque\u00f1o y f\u00e1cil de usar, pero al mismo tiempo viene con una CPU de doble n\u00facleo de 880 MHz muy potente y 256 MB de RAM, capaz de realizar todas las configuraciones avanzadas que admite RouterOS.\u00a0El dispositivo tiene un USB 2.0, salida PoE para el puerto Ethernet n.\u00b0 5 y una jaula SFP de 1,25 Gbit\/s.\u00a0El puerto #5 puede alimentar otros dispositivos pasivos con capacidad PoE con el mismo voltaje que se aplica a la unidad.<\/span><\/p>\n<p><span>Se admite el cifrado de hardware IPsec (~470 Mbps) y el paquete de servidor The Dude, la ranura microSD proporciona una velocidad de lectura\/escritura mejorada para el almacenamiento de archivos y Dude.<\/span><\/p>\n<div class=\"clearfix\"><\/div>\n<p>&nbsp;<\/p>\n","protected":false},"excerpt":{"rendered":"<p>HEX S ES UN ROUTER GIGABIT<br \/>\nETHERNET DE 5 PUERTOS + 1<br \/>\nPUERTO SFP Y SALIDA POE EN EL<br \/>\n\u00daLTIMO PUERTO<\/p>\n","protected":false},"featured_media":4345,"template":"","meta":{"_monsterinsights_skip_tracking":false,"_monsterinsights_sitenote_active":false,"_monsterinsights_sitenote_note":"","_monsterinsights_sitenote_category":0},"product_brand":[159],"product_cat":[149,150],"product_tag":[],"class_list":{"0":"post-4343","1":"product","2":"type-product","3":"status-publish","4":"has-post-thumbnail","6":"product_brand-mikrotik","7":"product_cat-mikrotik","8":"product_cat-routers-ethernet","9":"notblog","11":"first","12":"instock","13":"taxable","14":"shipping-taxable","15":"purchasable","16":"product-type-simple"},"_links":{"self":[{"href":"https:\/\/www.compumashn.net\/inicio\/wp-json\/wp\/v2\/product\/4343","targetHints":{"allow":["GET"]}}],"collection":[{"href":"https:\/\/www.compumashn.net\/inicio\/wp-json\/wp\/v2\/product"}],"about":[{"href":"https:\/\/www.compumashn.net\/inicio\/wp-json\/wp\/v2\/types\/product"}],"wp:featuredmedia":[{"embeddable":true,"href":"https:\/\/www.compumashn.net\/inicio\/wp-json\/wp\/v2\/media\/4345"}],"wp:attachment":[{"href":"https:\/\/www.compumashn.net\/inicio\/wp-json\/wp\/v2\/media?parent=4343"}],"wp:term":[{"taxonomy":"product_brand","embeddable":true,"href":"https:\/\/www.compumashn.net\/inicio\/wp-json\/wp\/v2\/product_brand?post=4343"},{"taxonomy":"product_cat","embeddable":true,"href":"https:\/\/www.compumashn.net\/inicio\/wp-json\/wp\/v2\/product_cat?post=4343"},{"taxonomy":"product_tag","embeddable":true,"href":"https:\/\/www.compumashn.net\/inicio\/wp-json\/wp\/v2\/product_tag?post=4343"}],"curies":[{"name":"wp","href":"https:\/\/api.w.org\/{rel}","templated":true}]}}