{"id":4356,"date":"2023-11-21T17:59:45","date_gmt":"2023-11-21T23:59:45","guid":{"rendered":"https:\/\/www.compumashn.net\/inicio\/?post_type=product&#038;p=4356"},"modified":"2025-07-06T13:41:08","modified_gmt":"2025-07-06T19:41:08","slug":"mikrotik-rb912r-2nd-ltmr11e-lte","status":"publish","type":"product","link":"https:\/\/www.compumashn.net\/inicio\/product\/mikrotik-rb912r-2nd-ltmr11e-lte\/","title":{"rendered":"MIKROTIK RB912R-2ND-LTM&#038;R11E-LTE"},"content":{"rendered":"<p><span>El kit LtAP mini LTE es un peque\u00f1o punto de acceso inal\u00e1mbrico resistente a la intemperie con un m\u00f3dem celular incorporado que admite conectividad 2G, 3G y 4G (LTE) en las bandas LTE internacionales 1,2,3,7,8,20,38 y 40.<\/span><\/p>\n<p><span>Con\u00e9ctese a la conexi\u00f3n inal\u00e1mbrica 802.11b\/g\/n integrada del LtAP mini y acceda a la red LTE desde su tel\u00e9fono o cualquier otro dispositivo inal\u00e1mbrico.\u00a0El LtAP mini LTE tambi\u00e9n tiene un puerto LAN Ethernet 10\/100 para sus dispositivos cableados.\u00a0El puerto serie RS232 le brinda acceso a la consola para la depuraci\u00f3n.<\/span><\/p>\n<p><span>LtAP mini tiene una carcasa especial con un kit de montaje en pared, dos ranuras SIM para alternar entre proveedores de telefon\u00eda celular y soporte para GPS integrado, lo que lo convierte en un dispositivo perfecto para usar en veh\u00edculos en movimiento como autom\u00f3viles, autobuses o trenes.\u00a0La antena GPS externa est\u00e1 disponible para pedir por separado (no incluida, c\u00f3digo de producto ACGPSA).<\/span><\/p>\n<p><span>La tarjeta LTE est\u00e1 conectada a dos antenas internas con conectores u.FL, por lo que si quieres, puedes desconectar los conectores y agregar tu propia antena LTE externa para una mejor cobertura.\u00a0La unidad dispone de varias opciones de alimentaci\u00f3n: entrada PoE de 12-57 V mediante puerto Ethernet, jack de 8-30 V CC y microUSB de 5 V.<\/span><\/p>\n<p><span>Utilice el m\u00f3dulo GPS integrado para rastrear la ubicaci\u00f3n de su veh\u00edculo en tiempo real; incluso proporcionamos un ejemplo de aplicaci\u00f3n de rastreo simple en la documentaci\u00f3n de RouterOS para ayudarlo a comenzar el desarrollo de su plataforma.<\/span><\/p>\n","protected":false},"excerpt":{"rendered":"<p>PEQUE\u00d1O PUNTO DE ACCESO<br \/>\nINAL\u00c1MBRICO RESISTENTE A LA<br \/>\nINTEMPERIE CON M\u00d3DEM LTE<br \/>\nINTERNACIONAL, DOS RANURAS<br \/>\nPARA SIM Y GPS<\/p>\n","protected":false},"featured_media":4357,"template":"","meta":{"_monsterinsights_skip_tracking":false,"_monsterinsights_sitenote_active":false,"_monsterinsights_sitenote_note":"","_monsterinsights_sitenote_category":0},"product_brand":[159],"product_cat":[149,151],"product_tag":[],"class_list":{"0":"post-4356","1":"product","2":"type-product","3":"status-publish","4":"has-post-thumbnail","6":"product_brand-mikrotik","7":"product_cat-mikrotik","8":"product_cat-productos-lte-5g","9":"notblog","11":"first","12":"instock","13":"taxable","14":"shipping-taxable","15":"purchasable","16":"product-type-simple"},"_links":{"self":[{"href":"https:\/\/www.compumashn.net\/inicio\/wp-json\/wp\/v2\/product\/4356","targetHints":{"allow":["GET"]}}],"collection":[{"href":"https:\/\/www.compumashn.net\/inicio\/wp-json\/wp\/v2\/product"}],"about":[{"href":"https:\/\/www.compumashn.net\/inicio\/wp-json\/wp\/v2\/types\/product"}],"wp:featuredmedia":[{"embeddable":true,"href":"https:\/\/www.compumashn.net\/inicio\/wp-json\/wp\/v2\/media\/4357"}],"wp:attachment":[{"href":"https:\/\/www.compumashn.net\/inicio\/wp-json\/wp\/v2\/media?parent=4356"}],"wp:term":[{"taxonomy":"product_brand","embeddable":true,"href":"https:\/\/www.compumashn.net\/inicio\/wp-json\/wp\/v2\/product_brand?post=4356"},{"taxonomy":"product_cat","embeddable":true,"href":"https:\/\/www.compumashn.net\/inicio\/wp-json\/wp\/v2\/product_cat?post=4356"},{"taxonomy":"product_tag","embeddable":true,"href":"https:\/\/www.compumashn.net\/inicio\/wp-json\/wp\/v2\/product_tag?post=4356"}],"curies":[{"name":"wp","href":"https:\/\/api.w.org\/{rel}","templated":true}]}}