{"id":4361,"date":"2023-11-21T18:09:54","date_gmt":"2023-11-22T00:09:54","guid":{"rendered":"https:\/\/www.compumashn.net\/inicio\/?post_type=product&#038;p=4361"},"modified":"2025-07-06T13:40:52","modified_gmt":"2025-07-06T19:40:52","slug":"mikrotik-rb951ui-2nd","status":"publish","type":"product","link":"https:\/\/www.compumashn.net\/inicio\/product\/mikrotik-rb951ui-2nd\/","title":{"rendered":"MIKROTIK RB951Ui-2ND"},"content":{"rendered":"<p>Este peque\u00f1o punto de acceso dom\u00e9stico es el dispositivo perfecto para hogares u oficinas peque\u00f1as donde todo lo que necesita es un AP inal\u00e1mbrico y algunos dispositivos cableados conectados.\u00a0Basado en nuestro popular RB951-2n, el nuevo hAP supone una mejora en muchas \u00e1reas.<\/p>\n<p>El dispositivo se puede alimentar desde el jack de alimentaci\u00f3n o con PoE pasivo desde un inyector PoE.\u00a0El adaptador de corriente est\u00e1 incluido.<\/p>\n<p>hAP proporciona la funci\u00f3n de salida PoE para el puerto n.\u00ba 5: puede alimentar otros dispositivos compatibles con PoE con el mismo voltaje que se aplica a la unidad.\u00a0La carga m\u00e1xima en el puerto es de 500 mA.<\/p>\n<p>El hAP est\u00e1 preconfigurado, por lo que todo lo que necesita hacer es conectar el cable de Internet, la corriente y comenzar a usar Internet conect\u00e1ndose a la red MikroTik.<\/p>\n<div class=\"clearfix\"><\/div>\n<p>&nbsp;<\/p>\n","protected":false},"excerpt":{"rendered":"<p>PEQUE\u00d1O PUNTO DE ACCESO<br \/>\nDOM\u00c9STICO ES EL DISPOSITIVO<br \/>\nPERFECTO PARA HOGARES U OFICINAS 5<br \/>\nPUERTOS ETHERNET, SALIDA POE EN EL<br \/>\nULTIMO PUERTO<\/p>\n","protected":false},"featured_media":4362,"template":"","meta":{"_monsterinsights_skip_tracking":false,"_monsterinsights_sitenote_active":false,"_monsterinsights_sitenote_note":"","_monsterinsights_sitenote_category":0},"product_brand":[159],"product_cat":[149,152],"product_tag":[],"class_list":{"0":"post-4361","1":"product","2":"type-product","3":"status-publish","4":"has-post-thumbnail","6":"product_brand-mikrotik","7":"product_cat-mikrotik","8":"product_cat-wireless","9":"notblog","11":"first","12":"instock","13":"taxable","14":"shipping-taxable","15":"purchasable","16":"product-type-simple"},"_links":{"self":[{"href":"https:\/\/www.compumashn.net\/inicio\/wp-json\/wp\/v2\/product\/4361","targetHints":{"allow":["GET"]}}],"collection":[{"href":"https:\/\/www.compumashn.net\/inicio\/wp-json\/wp\/v2\/product"}],"about":[{"href":"https:\/\/www.compumashn.net\/inicio\/wp-json\/wp\/v2\/types\/product"}],"wp:featuredmedia":[{"embeddable":true,"href":"https:\/\/www.compumashn.net\/inicio\/wp-json\/wp\/v2\/media\/4362"}],"wp:attachment":[{"href":"https:\/\/www.compumashn.net\/inicio\/wp-json\/wp\/v2\/media?parent=4361"}],"wp:term":[{"taxonomy":"product_brand","embeddable":true,"href":"https:\/\/www.compumashn.net\/inicio\/wp-json\/wp\/v2\/product_brand?post=4361"},{"taxonomy":"product_cat","embeddable":true,"href":"https:\/\/www.compumashn.net\/inicio\/wp-json\/wp\/v2\/product_cat?post=4361"},{"taxonomy":"product_tag","embeddable":true,"href":"https:\/\/www.compumashn.net\/inicio\/wp-json\/wp\/v2\/product_tag?post=4361"}],"curies":[{"name":"wp","href":"https:\/\/api.w.org\/{rel}","templated":true}]}}