{"id":4372,"date":"2023-11-21T20:26:06","date_gmt":"2023-11-22T02:26:06","guid":{"rendered":"https:\/\/www.compumashn.net\/inicio\/?post_type=product&#038;p=4372"},"modified":"2025-07-06T13:40:35","modified_gmt":"2025-07-06T19:40:35","slug":"mikortik-rb911g-5hpacd-nb","status":"publish","type":"product","link":"https:\/\/www.compumashn.net\/inicio\/product\/mikortik-rb911g-5hpacd-nb\/","title":{"rendered":"MIKORTIK RB911G-5HPACD-NB"},"content":{"rendered":"<p><span>NetBox es un dispositivo cliente exterior de cadena dual con conectores RP-SMA para antenas y una cubierta para cables para protecci\u00f3n contra la humedad.\u00a0Este dispositivo es compatible con el nuevo est\u00e1ndar 802.11a\/n\/ac para una mayor velocidad inal\u00e1mbrica (velocidad de datos de 866 Mbit y canales de 20\/40\/80 MHz).<\/span><\/p>\n<p><span>El estuche se puede abrir con una mano y est\u00e1 protegido contra los elementos.\u00a0Las salidas de Ethernet y del cable de conexi\u00f3n a tierra se encuentran en la parte inferior, detr\u00e1s de una puerta protectora.<\/span><\/p>\n<p><span>Viene con un bucle de montaje para montaje en torre\/poste y tambi\u00e9n se proporciona un montaje en riel DIN separado.\u00a0El paquete tambi\u00e9n incluye un inyector PoE y una unidad de fuente de alimentaci\u00f3n.<\/span><\/p>\n<p><span>Los nuevos productos son compatibles con versiones anteriores; por ejemplo, puede reemplazar su punto de acceso heredado 802.11an de 5 GHz con un nuevo producto 802.11ac y sus clientes existentes a\u00fan podr\u00e1n conectarse a \u00e9l.<\/span><\/p>\n<p><span>&#8211; RB911G-5HPacD-NB-US (EE. UU.) est\u00e1 bloqueado de f\u00e1brica para frecuencias de 5170-5250 MHz y 5725-5835 MHz.\u00a0Este bloqueo no se puede quitar.<\/span><\/p>\n<p><span>&#8211; RB911G-5HPacD-NB (Internacional) admite un rango de 5150MHz-5875MHz (el rango de frecuencia espec\u00edfico puede estar limitado por las regulaciones del pa\u00eds).<\/span><\/p>\n","protected":false},"excerpt":{"rendered":"<p>NET BOX 5 AC, CARCASA<br \/>\nIMPERMEABLE, ALTO RENDIMIENTO<\/p>\n","protected":false},"featured_media":4376,"template":"","meta":{"_monsterinsights_skip_tracking":false,"_monsterinsights_sitenote_active":false,"_monsterinsights_sitenote_note":"","_monsterinsights_sitenote_category":0},"product_brand":[159],"product_cat":[149,153],"product_tag":[],"class_list":{"0":"post-4372","1":"product","2":"type-product","3":"status-publish","4":"has-post-thumbnail","6":"product_brand-mikrotik","7":"product_cat-mikrotik","8":"product_cat-sistemas-inalambricos","9":"notblog","11":"first","12":"instock","13":"taxable","14":"shipping-taxable","15":"purchasable","16":"product-type-simple"},"_links":{"self":[{"href":"https:\/\/www.compumashn.net\/inicio\/wp-json\/wp\/v2\/product\/4372","targetHints":{"allow":["GET"]}}],"collection":[{"href":"https:\/\/www.compumashn.net\/inicio\/wp-json\/wp\/v2\/product"}],"about":[{"href":"https:\/\/www.compumashn.net\/inicio\/wp-json\/wp\/v2\/types\/product"}],"wp:featuredmedia":[{"embeddable":true,"href":"https:\/\/www.compumashn.net\/inicio\/wp-json\/wp\/v2\/media\/4376"}],"wp:attachment":[{"href":"https:\/\/www.compumashn.net\/inicio\/wp-json\/wp\/v2\/media?parent=4372"}],"wp:term":[{"taxonomy":"product_brand","embeddable":true,"href":"https:\/\/www.compumashn.net\/inicio\/wp-json\/wp\/v2\/product_brand?post=4372"},{"taxonomy":"product_cat","embeddable":true,"href":"https:\/\/www.compumashn.net\/inicio\/wp-json\/wp\/v2\/product_cat?post=4372"},{"taxonomy":"product_tag","embeddable":true,"href":"https:\/\/www.compumashn.net\/inicio\/wp-json\/wp\/v2\/product_tag?post=4372"}],"curies":[{"name":"wp","href":"https:\/\/api.w.org\/{rel}","templated":true}]}}