{"id":4402,"date":"2023-11-22T17:14:02","date_gmt":"2023-11-22T23:14:02","guid":{"rendered":"https:\/\/www.compumashn.net\/inicio\/?post_type=product&#038;p=4402"},"modified":"2025-07-06T13:39:50","modified_gmt":"2025-07-06T19:39:50","slug":"mikrotik-rb2011uias-rm","status":"publish","type":"product","link":"https:\/\/www.compumashn.net\/inicio\/product\/mikrotik-rb2011uias-rm\/","title":{"rendered":"MIKROTIK RB2011UiAS-RM"},"content":{"rendered":"<p><span>El RB2011 es una serie de dispositivos multipuerto de bajo costo.\u00a0Dise\u00f1ado para uso en interiores y disponible en muchos casos diferentes, con multitud de opciones.<\/span><\/p>\n<p><span>El RB2011 funciona con RouterOS, un sistema operativo de enrutamiento con todas las funciones que se ha mejorado continuamente durante quince a\u00f1os.\u00a0Enrutamiento din\u00e1mico, punto de acceso, firewall, MPLS, VPN, calidad de servicio avanzada, equilibrio y vinculaci\u00f3n de carga, configuraci\u00f3n y monitoreo en tiempo real: solo algunas de la gran cantidad de funciones admitidas por RouterOS.<\/span><\/p>\n<p><span>RouterBOARD 2011UiAS-RM, en comparaci\u00f3n con la serie RB2011L, no s\u00f3lo tiene cinco puertos LAN Gigabit y cinco puertos LAN Fast Ethernet, sino que tambi\u00e9n tiene un puerto serie RJ45, un puerto USB y m\u00e1s RAM (128 MB en lugar de 64 MB).\u00a0Adem\u00e1s, tiene licencia RouterOS L5 (en lugar de L4) y una bonita pantalla t\u00e1ctil LCD para configuraci\u00f3n.\u00a0La jaula SFP tambi\u00e9n est\u00e1 presente (\u00a1m\u00f3dulo SFP no incluido!).<\/span><\/p>\n<p><span>Hay una funci\u00f3n de salida PoE para el puerto n.\u00b0 10: puede alimentar otros dispositivos con capacidad PoE con el mismo voltaje que se aplica a la unidad.\u00a0La carga m\u00e1xima en el puerto es de 500 mA.<\/span><\/p>\n<p><span>Probado y recomendado para usar con m\u00f3dulos MikroTik SFP: S-85DLC05D, S-31DLC20D y S-35\/53LC20D (no incluidos)<\/span><\/p>\n<p><span>RouterBOARD 2011UiAS-RM viene con gabinete para montaje en rack de 1U, panel LCD y fuente de alimentaci\u00f3n.<\/span><\/p>\n","protected":false},"excerpt":{"rendered":"<ul>\n<li>5 PUERTOS FAST ETHERNET<\/li>\n<li>5 GIGABIT ETHERNET<\/li>\n<li>USB<\/li>\n<li>LCD<\/li>\n<li>SALIDA POE EN EL PUERTO 10<\/li>\n<li>CPU DE 600MHZ<\/li>\n<li>128MB DE RAM<\/li>\n<li>ROUTEROS L5<\/li>\n<\/ul>\n","protected":false},"featured_media":4403,"template":"","meta":{"_monsterinsights_skip_tracking":false,"_monsterinsights_sitenote_active":false,"_monsterinsights_sitenote_note":"","_monsterinsights_sitenote_category":0},"product_brand":[159],"product_cat":[149,150],"product_tag":[],"class_list":{"0":"post-4402","1":"product","2":"type-product","3":"status-publish","4":"has-post-thumbnail","6":"product_brand-mikrotik","7":"product_cat-mikrotik","8":"product_cat-routers-ethernet","9":"notblog","11":"first","12":"instock","13":"taxable","14":"shipping-taxable","15":"purchasable","16":"product-type-simple"},"_links":{"self":[{"href":"https:\/\/www.compumashn.net\/inicio\/wp-json\/wp\/v2\/product\/4402","targetHints":{"allow":["GET"]}}],"collection":[{"href":"https:\/\/www.compumashn.net\/inicio\/wp-json\/wp\/v2\/product"}],"about":[{"href":"https:\/\/www.compumashn.net\/inicio\/wp-json\/wp\/v2\/types\/product"}],"wp:featuredmedia":[{"embeddable":true,"href":"https:\/\/www.compumashn.net\/inicio\/wp-json\/wp\/v2\/media\/4403"}],"wp:attachment":[{"href":"https:\/\/www.compumashn.net\/inicio\/wp-json\/wp\/v2\/media?parent=4402"}],"wp:term":[{"taxonomy":"product_brand","embeddable":true,"href":"https:\/\/www.compumashn.net\/inicio\/wp-json\/wp\/v2\/product_brand?post=4402"},{"taxonomy":"product_cat","embeddable":true,"href":"https:\/\/www.compumashn.net\/inicio\/wp-json\/wp\/v2\/product_cat?post=4402"},{"taxonomy":"product_tag","embeddable":true,"href":"https:\/\/www.compumashn.net\/inicio\/wp-json\/wp\/v2\/product_tag?post=4402"}],"curies":[{"name":"wp","href":"https:\/\/api.w.org\/{rel}","templated":true}]}}