{"id":4423,"date":"2023-11-28T21:52:13","date_gmt":"2023-11-29T03:52:13","guid":{"rendered":"https:\/\/www.compumashn.net\/inicio\/?post_type=product&#038;p=4423"},"modified":"2025-07-06T13:38:30","modified_gmt":"2025-07-06T19:38:30","slug":"mikrotik-crs112-8p-4s-in","status":"publish","type":"product","link":"https:\/\/www.compumashn.net\/inicio\/product\/mikrotik-crs112-8p-4s-in\/","title":{"rendered":"MIKROTIK CRS112-8P-4S-IN"},"content":{"rendered":"<p><span>CRS112-8P-4S-IN es un conmutador PoE de ocho puertos Gigabit RJ45 que ofrece diferentes opciones de salida de energ\u00eda: detecci\u00f3n autom\u00e1tica 802.3af\/at PoE\/PoE+ y PoE pasivo, y cuatro puertos SFP brindan opciones de conectividad de fibra \u00f3ptica para admitir enlaces ascendentes de hasta 1 Gbps.<\/span><\/p>\n<p>&nbsp;<\/p>\n<p><span>CRS112-8P-4S-IN est\u00e1 equipado con 12 puertos de conmutaci\u00f3n independientes.\u00a0En la caja ya se incluye fuente de alimentaci\u00f3n de 28 V 3,4 A.\u00a0Hay un conector de CC secundario en la parte posterior del gabinete que admite una fuente de alimentaci\u00f3n de 48-57 V (no incluida, se puede comprar por separado; c\u00f3digos de producto 48POW (1,46 A 70 W) y 48V2A96W (2 A 96 W)).\u00a0CRS112-8P-4S-IN puede alimentar dispositivos 802.3af\/at si se utiliza una entrada de 48-57 V CC (la unidad detectar\u00e1 autom\u00e1ticamente y proporcionar\u00e1 la alimentaci\u00f3n correcta a los dispositivos).\u00a0La corriente m\u00e1xima es 1 A por puerto si el voltaje de entrada es de 18 a 28 V, 450 mA si es de 48 a 57 V. El l\u00edmite total es 2,8 A a 24 V y 1,4 A a 48 a 57 V.\u00a0PoE-Out se pasa a trav\u00e9s del modo B 4,5 (+) y 7,8 (-) pines<\/span><\/p>\n<div class=\"clearfix\"><\/div>\n<p>&nbsp;<\/p>\n","protected":false},"excerpt":{"rendered":"<ul>\n<li>8 PUERTOS ETHERNET GIGABIT CON SALIDA POE<\/li>\n<li>4 PUERTOS SFP<\/li>\n<li>CPU DE 400 MHZ<\/li>\n<li>128 MB DE RAM<\/li>\n<\/ul>\n","protected":false},"featured_media":4425,"template":"","meta":{"_monsterinsights_skip_tracking":false,"_monsterinsights_sitenote_active":false,"_monsterinsights_sitenote_note":"","_monsterinsights_sitenote_category":0},"product_brand":[159],"product_cat":[154],"product_tag":[],"class_list":{"0":"post-4423","1":"product","2":"type-product","3":"status-publish","4":"has-post-thumbnail","6":"product_brand-mikrotik","7":"product_cat-switches","8":"notblog","10":"first","11":"instock","12":"taxable","13":"shipping-taxable","14":"purchasable","15":"product-type-simple"},"_links":{"self":[{"href":"https:\/\/www.compumashn.net\/inicio\/wp-json\/wp\/v2\/product\/4423","targetHints":{"allow":["GET"]}}],"collection":[{"href":"https:\/\/www.compumashn.net\/inicio\/wp-json\/wp\/v2\/product"}],"about":[{"href":"https:\/\/www.compumashn.net\/inicio\/wp-json\/wp\/v2\/types\/product"}],"wp:featuredmedia":[{"embeddable":true,"href":"https:\/\/www.compumashn.net\/inicio\/wp-json\/wp\/v2\/media\/4425"}],"wp:attachment":[{"href":"https:\/\/www.compumashn.net\/inicio\/wp-json\/wp\/v2\/media?parent=4423"}],"wp:term":[{"taxonomy":"product_brand","embeddable":true,"href":"https:\/\/www.compumashn.net\/inicio\/wp-json\/wp\/v2\/product_brand?post=4423"},{"taxonomy":"product_cat","embeddable":true,"href":"https:\/\/www.compumashn.net\/inicio\/wp-json\/wp\/v2\/product_cat?post=4423"},{"taxonomy":"product_tag","embeddable":true,"href":"https:\/\/www.compumashn.net\/inicio\/wp-json\/wp\/v2\/product_tag?post=4423"}],"curies":[{"name":"wp","href":"https:\/\/api.w.org\/{rel}","templated":true}]}}