{"id":4427,"date":"2023-11-28T21:57:54","date_gmt":"2023-11-29T03:57:54","guid":{"rendered":"https:\/\/www.compumashn.net\/inicio\/?post_type=product&#038;p=4427"},"modified":"2025-07-06T13:38:21","modified_gmt":"2025-07-06T19:38:21","slug":"mikrotik-crs210-8g-2sin","status":"publish","type":"product","link":"https:\/\/www.compumashn.net\/inicio\/product\/mikrotik-crs210-8g-2sin\/","title":{"rendered":"MIKROTIK CRS210-8G-2S+IN"},"content":{"rendered":"<p><span>Cloud Router Switch 210-8G-2S+IN es un nuevo miembro de \u201ctama\u00f1o peque\u00f1o y bajo costo\u201d de nuestra serie CRS.\u00a0Viene con ocho puertos Gigabit Ethernet y dos jaulas SFP+ para conectividad 10G (el primer puerto admite m\u00f3dulos 1,25G\/10G, el segundo puerto solo m\u00f3dulos 10G).\u00a0El producto admite 10-57 V CC.<\/span><\/p>\n<p><span>Nuestra serie CRS combina las mejores caracter\u00edsticas de un enrutador completamente funcional y un conmutador de capa 3 y funciona con el conocido RouterOS.\u00a0Todas las opciones de configuraci\u00f3n espec\u00edficas del Switch est\u00e1n disponibles en un men\u00fa especial del Switch, pero si lo desea, los puertos se pueden eliminar de la configuraci\u00f3n del Switch y usarse para fines de enrutamiento.<\/span><\/p>\n","protected":false},"excerpt":{"rendered":"<ul>\n<li>CLOUD ROUTER SWITCH 8 PUERTOS GIGABIT<\/li>\n<li>2PUERTOS SFP +<\/li>\n<li>LCD<\/li>\n<li>CPU DE 400MHZ<\/li>\n<li>64MB DE RAM<\/li>\n<li>CARCASA DE ESCRITORIO DE METAL<\/li>\n<\/ul>\n","protected":false},"featured_media":4429,"template":"","meta":{"_monsterinsights_skip_tracking":false,"_monsterinsights_sitenote_active":false,"_monsterinsights_sitenote_note":"","_monsterinsights_sitenote_category":0},"product_brand":[159],"product_cat":[154],"product_tag":[],"class_list":{"0":"post-4427","1":"product","2":"type-product","3":"status-publish","4":"has-post-thumbnail","6":"product_brand-mikrotik","7":"product_cat-switches","8":"notblog","10":"first","11":"instock","12":"taxable","13":"shipping-taxable","14":"purchasable","15":"product-type-simple"},"_links":{"self":[{"href":"https:\/\/www.compumashn.net\/inicio\/wp-json\/wp\/v2\/product\/4427","targetHints":{"allow":["GET"]}}],"collection":[{"href":"https:\/\/www.compumashn.net\/inicio\/wp-json\/wp\/v2\/product"}],"about":[{"href":"https:\/\/www.compumashn.net\/inicio\/wp-json\/wp\/v2\/types\/product"}],"wp:featuredmedia":[{"embeddable":true,"href":"https:\/\/www.compumashn.net\/inicio\/wp-json\/wp\/v2\/media\/4429"}],"wp:attachment":[{"href":"https:\/\/www.compumashn.net\/inicio\/wp-json\/wp\/v2\/media?parent=4427"}],"wp:term":[{"taxonomy":"product_brand","embeddable":true,"href":"https:\/\/www.compumashn.net\/inicio\/wp-json\/wp\/v2\/product_brand?post=4427"},{"taxonomy":"product_cat","embeddable":true,"href":"https:\/\/www.compumashn.net\/inicio\/wp-json\/wp\/v2\/product_cat?post=4427"},{"taxonomy":"product_tag","embeddable":true,"href":"https:\/\/www.compumashn.net\/inicio\/wp-json\/wp\/v2\/product_tag?post=4427"}],"curies":[{"name":"wp","href":"https:\/\/api.w.org\/{rel}","templated":true}]}}