{"id":4431,"date":"2023-11-28T22:03:02","date_gmt":"2023-11-29T04:03:02","guid":{"rendered":"https:\/\/www.compumashn.net\/inicio\/?post_type=product&#038;p=4431"},"modified":"2025-07-06T13:38:12","modified_gmt":"2025-07-06T19:38:12","slug":"mikrotik-crs226-24g-2srm","status":"publish","type":"product","link":"https:\/\/www.compumashn.net\/inicio\/product\/mikrotik-crs226-24g-2srm\/","title":{"rendered":"MIKROTIK CRS226-24G-2S+RM"},"content":{"rendered":"<p><span>El Cloud Router Switch CRS226-24G-2S+ ahora tambi\u00e9n est\u00e1 disponible en una caja de montaje en rack 1U, c\u00f3digo de producto CRS226-24G-2S+RM.\u00a0<\/span><span>Es un conmutador de Capa 3 completamente funcional impulsado por RouterOS.\u00a0<\/span><span>Todas las opciones de configuraci\u00f3n de interruptores espec\u00edficas est\u00e1n disponibles en un men\u00fa de interruptores especial.\u00a0<\/span><span>Pero si lo desea, los puertos se pueden eliminar de la configuraci\u00f3n del conmutador y utilizarlos para fines de enrutamiento.\u00a0<\/span><span>Tiene 24 puertos Gigabit y dos jaulas SFP+ para conectividad 10G (el primer puerto SFP admite m\u00f3dulos 1,25G\/10G, el segundo puerto solo m\u00f3dulos 10G).<\/span><\/p>\n","protected":false},"excerpt":{"rendered":"<ul>\n<li>CLOUD ROUTER SWITCH 24 PUERTOS GIGABIT ETHERNET<\/li>\n<li>2X JAULAS SFP+<\/li>\n<li>LCD<\/li>\n<li>CPU DE 400MHZ<\/li>\n<li>64MB DE RAM<\/li>\n<li>CAJA DE MONTAJE EN RACK DE 1U<\/li>\n<li>ROUTEROS L5<\/li>\n<\/ul>\n","protected":false},"featured_media":4432,"template":"","meta":{"_monsterinsights_skip_tracking":false,"_monsterinsights_sitenote_active":false,"_monsterinsights_sitenote_note":"","_monsterinsights_sitenote_category":0},"product_brand":[159],"product_cat":[154],"product_tag":[],"class_list":{"0":"post-4431","1":"product","2":"type-product","3":"status-publish","4":"has-post-thumbnail","6":"product_brand-mikrotik","7":"product_cat-switches","8":"notblog","10":"first","11":"instock","12":"taxable","13":"shipping-taxable","14":"purchasable","15":"product-type-simple"},"_links":{"self":[{"href":"https:\/\/www.compumashn.net\/inicio\/wp-json\/wp\/v2\/product\/4431","targetHints":{"allow":["GET"]}}],"collection":[{"href":"https:\/\/www.compumashn.net\/inicio\/wp-json\/wp\/v2\/product"}],"about":[{"href":"https:\/\/www.compumashn.net\/inicio\/wp-json\/wp\/v2\/types\/product"}],"wp:featuredmedia":[{"embeddable":true,"href":"https:\/\/www.compumashn.net\/inicio\/wp-json\/wp\/v2\/media\/4432"}],"wp:attachment":[{"href":"https:\/\/www.compumashn.net\/inicio\/wp-json\/wp\/v2\/media?parent=4431"}],"wp:term":[{"taxonomy":"product_brand","embeddable":true,"href":"https:\/\/www.compumashn.net\/inicio\/wp-json\/wp\/v2\/product_brand?post=4431"},{"taxonomy":"product_cat","embeddable":true,"href":"https:\/\/www.compumashn.net\/inicio\/wp-json\/wp\/v2\/product_cat?post=4431"},{"taxonomy":"product_tag","embeddable":true,"href":"https:\/\/www.compumashn.net\/inicio\/wp-json\/wp\/v2\/product_tag?post=4431"}],"curies":[{"name":"wp","href":"https:\/\/api.w.org\/{rel}","templated":true}]}}