{"id":4442,"date":"2023-11-28T22:21:23","date_gmt":"2023-11-29T04:21:23","guid":{"rendered":"https:\/\/www.compumashn.net\/inicio\/?post_type=product&#038;p=4442"},"modified":"2025-07-06T13:37:42","modified_gmt":"2025-07-06T19:37:42","slug":"mikrotik-crs328-4c-20s-4srm","status":"publish","type":"product","link":"https:\/\/www.compumashn.net\/inicio\/product\/mikrotik-crs328-4c-20s-4srm\/","title":{"rendered":"MIKROTIK CRS328-4C-20S-4S+RM"},"content":{"rendered":"<p><span>El CRS328-4C-20S-4S+RM es un conmutador de 28 puertos independientes con un grupo combinado.\u00a0Este dispositivo tiene veinte puertos SFP, cuatro puertos SFP+ para m\u00f3dulos 10G y cuatro puertos combinados, donde puedes elegir usar puertos SFP o RJ45 del grupo combinado.\u00a0Estos puertos tambi\u00e9n se pueden seleccionar mediante software, por lo que si ha conectado los ocho cables, puede utilizar secuencias de comandos para decidir qu\u00e9 cuatro puertos combinados estar\u00e1n activos.<\/span><\/p>\n<p><span>El dispositivo viene en una caja de montaje en rack de 1U con dos fuentes de alimentaci\u00f3n de 100-240 V con funcionalidad de conmutaci\u00f3n por error.\u00a0Hay un puerto de consola RJ45 disponible para administraci\u00f3n y depuraci\u00f3n, y se puede personalizar un bot\u00f3n de modo para ejecutar cualquier comando de RouterOS.<\/span><\/p>\n<p><span>El dispositivo tiene una funci\u00f3n de &#8220;arranque dual&#8221; que le permite elegir entre dos sistemas operativos: RouterOS o SwOS.<\/span><\/p>\n","protected":false},"excerpt":{"rendered":"<ul>\n<li>24 PUERTOS SFP<\/li>\n<li>4 PUERTOS ETHERNET COMBINADOS (GIGABIT ETHERNET O SFP)<\/li>\n<li>CPU DE 800 MHZ<\/li>\n<li>512 MB DE RAM<\/li>\n<li>FUENTES DE ALIMENTACI\u00d3N DOBLES<\/li>\n<li>ROUTEROS L5 O SWITCHOS<\/li>\n<\/ul>\n","protected":false},"featured_media":4443,"template":"","meta":{"_monsterinsights_skip_tracking":false,"_monsterinsights_sitenote_active":false,"_monsterinsights_sitenote_note":"","_monsterinsights_sitenote_category":0},"product_brand":[159],"product_cat":[154],"product_tag":[],"class_list":{"0":"post-4442","1":"product","2":"type-product","3":"status-publish","4":"has-post-thumbnail","6":"product_brand-mikrotik","7":"product_cat-switches","8":"notblog","10":"first","11":"instock","12":"taxable","13":"shipping-taxable","14":"purchasable","15":"product-type-simple"},"_links":{"self":[{"href":"https:\/\/www.compumashn.net\/inicio\/wp-json\/wp\/v2\/product\/4442","targetHints":{"allow":["GET"]}}],"collection":[{"href":"https:\/\/www.compumashn.net\/inicio\/wp-json\/wp\/v2\/product"}],"about":[{"href":"https:\/\/www.compumashn.net\/inicio\/wp-json\/wp\/v2\/types\/product"}],"wp:featuredmedia":[{"embeddable":true,"href":"https:\/\/www.compumashn.net\/inicio\/wp-json\/wp\/v2\/media\/4443"}],"wp:attachment":[{"href":"https:\/\/www.compumashn.net\/inicio\/wp-json\/wp\/v2\/media?parent=4442"}],"wp:term":[{"taxonomy":"product_brand","embeddable":true,"href":"https:\/\/www.compumashn.net\/inicio\/wp-json\/wp\/v2\/product_brand?post=4442"},{"taxonomy":"product_cat","embeddable":true,"href":"https:\/\/www.compumashn.net\/inicio\/wp-json\/wp\/v2\/product_cat?post=4442"},{"taxonomy":"product_tag","embeddable":true,"href":"https:\/\/www.compumashn.net\/inicio\/wp-json\/wp\/v2\/product_tag?post=4442"}],"curies":[{"name":"wp","href":"https:\/\/api.w.org\/{rel}","templated":true}]}}