{"id":4452,"date":"2023-11-29T12:29:02","date_gmt":"2023-11-29T18:29:02","guid":{"rendered":"https:\/\/www.compumashn.net\/inicio\/?post_type=product&#038;p=4452"},"modified":"2025-07-06T13:37:27","modified_gmt":"2025-07-06T19:37:27","slug":"mikrotik-crs326-24s2qrm","status":"publish","type":"product","link":"https:\/\/www.compumashn.net\/inicio\/product\/mikrotik-crs326-24s2qrm\/","title":{"rendered":"MIKROTIK CRS326-24S+2Q+RM"},"content":{"rendered":"<p><span>Si trabaja con una cantidad sustancial de datos, como proporcionar acceso a Internet o mantener un centro de datos enorme, esta es la actualizaci\u00f3n perfecta para su configuraci\u00f3n.\u00a0CRS326-24S+2Q+RM es nuestro primer producto con puertos QSFP+ de 40 Gbps para una conexi\u00f3n de fibra notablemente r\u00e1pida y estable.<\/span><\/p>\n<p><span>En general, tiene dos puertos QSFP+ de 40 Gbps y veinticuatro puertos SFP+ de 10 Gbps, lo que proporciona un rendimiento total sin bloqueo de 320 Gbps y una capacidad de conmutaci\u00f3n de 640 Gbps con una velocidad de reenv\u00edo de 252 Mpps con los paquetes m\u00e1s comunes.<\/span><\/p>\n<p><span>CRS326-24S+2Q+RM es f\u00e1cil de administrar: tiene un puerto USB de tama\u00f1o completo para configuraci\u00f3n y fuente de alimentaci\u00f3n dual para redundancia: \u00a1sin tiempos de inactividad inesperados, sus clientes y colegas se lo agradecer\u00e1n!<\/span><\/p>\n<p><span>Puede elegir entre nuestro legendario RouterOS repleto de funciones para el arranque o un SwOS m\u00e1s simple pero potente.\u00a0Si desea poder utilizar enrutamiento y otras funciones de Capa 3 en su CRS, use RouterOS.<\/span><\/p>\n","protected":false},"excerpt":{"rendered":"<p>SWICTH 24 PUERTOS SFP + 2 SFP<br \/>\nPLUS DE HASTA 40GBPS + 2<br \/>\nPUERTOS ETHERNET 64MB DE RAM<br \/>\nY 16MB DE ALMACENAMIENTO<\/p>\n","protected":false},"featured_media":4455,"template":"","meta":{"_monsterinsights_skip_tracking":false,"_monsterinsights_sitenote_active":false,"_monsterinsights_sitenote_note":"","_monsterinsights_sitenote_category":0},"product_brand":[159],"product_cat":[154],"product_tag":[],"class_list":{"0":"post-4452","1":"product","2":"type-product","3":"status-publish","4":"has-post-thumbnail","6":"product_brand-mikrotik","7":"product_cat-switches","8":"notblog","10":"first","11":"instock","12":"taxable","13":"shipping-taxable","14":"purchasable","15":"product-type-simple"},"_links":{"self":[{"href":"https:\/\/www.compumashn.net\/inicio\/wp-json\/wp\/v2\/product\/4452","targetHints":{"allow":["GET"]}}],"collection":[{"href":"https:\/\/www.compumashn.net\/inicio\/wp-json\/wp\/v2\/product"}],"about":[{"href":"https:\/\/www.compumashn.net\/inicio\/wp-json\/wp\/v2\/types\/product"}],"wp:featuredmedia":[{"embeddable":true,"href":"https:\/\/www.compumashn.net\/inicio\/wp-json\/wp\/v2\/media\/4455"}],"wp:attachment":[{"href":"https:\/\/www.compumashn.net\/inicio\/wp-json\/wp\/v2\/media?parent=4452"}],"wp:term":[{"taxonomy":"product_brand","embeddable":true,"href":"https:\/\/www.compumashn.net\/inicio\/wp-json\/wp\/v2\/product_brand?post=4452"},{"taxonomy":"product_cat","embeddable":true,"href":"https:\/\/www.compumashn.net\/inicio\/wp-json\/wp\/v2\/product_cat?post=4452"},{"taxonomy":"product_tag","embeddable":true,"href":"https:\/\/www.compumashn.net\/inicio\/wp-json\/wp\/v2\/product_tag?post=4452"}],"curies":[{"name":"wp","href":"https:\/\/api.w.org\/{rel}","templated":true}]}}