{"id":4483,"date":"2023-11-29T16:52:19","date_gmt":"2023-11-29T22:52:19","guid":{"rendered":"https:\/\/www.compumashn.net\/inicio\/?post_type=product&#038;p=4483"},"modified":"2025-07-06T13:37:15","modified_gmt":"2025-07-06T19:37:15","slug":"mikrotik-ccr2004-1g-12s2xs","status":"publish","type":"product","link":"https:\/\/www.compumashn.net\/inicio\/product\/mikrotik-ccr2004-1g-12s2xs\/","title":{"rendered":"MIKROTIK CCR2004-1G-12S+2XS"},"content":{"rendered":"<p><span>El \u201cImprovisar.\u00a0Adaptar.\u00a0Superar.&#8221;\u00a0La mentalidad puede ser muy \u00fatil, pero a veces simplemente necesitas un dispositivo que funcione y resuelva el problema sin modificaciones adicionales.\u00a0El CCR2004-1G-12S+2XS hace precisamente eso: olv\u00eddese de todos los problemas de conectividad y ampl\u00ede su configuraci\u00f3n como desee.\u00a0Este pr\u00e1ctico enrutador cuenta con 12 puertos 10G SFP+ y 2 x 25G SFP28.<\/span><\/p>\n<p><span>CCR2004-1G-12S+2XS es \u200b\u200bnuestro enrutador con el rendimiento de un solo n\u00facleo m\u00e1s potente hasta el momento.\u00a0Proporciona resultados incre\u00edbles en procesamiento de alimentaci\u00f3n BGP y de t\u00fanel \u00fanico (hasta 3,4 Gbps).<\/span><\/p>\n<p><span>Prep\u00e1rate para cualquier cosa: \u00a110G, 40G y ahora 25G!\u00a0Junto con productos multipuerto MikroTik como CRS317-1G-16S+RM, CRS312-4C+8XG-RM y CRS326-24S+2Q+RM, su configuraci\u00f3n de red no tendr\u00e1 l\u00edmites.\u00a0En cuanto al rendimiento, CCR2004-1G-12S+2XS est\u00e1 a la par con los renombrados enrutadores CCR1009\/CCR1016.\u00a0\u00a1Y con la fuente de alimentaci\u00f3n dual redundante podr\u00e1 olvidarse de tiempos de inactividad inesperados!\u00a0Con su elaborada configuraci\u00f3n de puertos, el nuevo CCR2004-1G-12S+2XS es \u200b\u200bel complemento perfecto para cualquier arsenal de redes profesionales: \u00a1le ahorrar\u00e1 much\u00edsimo tiempo en algunas situaciones dif\u00edciles!\u00a0Tama\u00f1o de RAM en RouterOS v7 4GB ECC<\/span><\/p>\n","protected":false},"excerpt":{"rendered":"<p>12 PUERTOS SPF HASTA 10G + 2<br \/>\nPUERTOS DE 25G + 1 PUERTO<br \/>\nRJ45 SERIAL + PUERTO ETHERNET<br \/>\nGIGABIT 4 GB DE RAM + 128MB<br \/>\nDE ALMACENAMIENTO<\/p>\n","protected":false},"featured_media":4487,"template":"","meta":{"_monsterinsights_skip_tracking":false,"_monsterinsights_sitenote_active":false,"_monsterinsights_sitenote_note":"","_monsterinsights_sitenote_category":0},"product_brand":[159],"product_cat":[150],"product_tag":[],"class_list":{"0":"post-4483","1":"product","2":"type-product","3":"status-publish","4":"has-post-thumbnail","6":"product_brand-mikrotik","7":"product_cat-routers-ethernet","8":"notblog","10":"first","11":"instock","12":"taxable","13":"shipping-taxable","14":"purchasable","15":"product-type-simple"},"_links":{"self":[{"href":"https:\/\/www.compumashn.net\/inicio\/wp-json\/wp\/v2\/product\/4483","targetHints":{"allow":["GET"]}}],"collection":[{"href":"https:\/\/www.compumashn.net\/inicio\/wp-json\/wp\/v2\/product"}],"about":[{"href":"https:\/\/www.compumashn.net\/inicio\/wp-json\/wp\/v2\/types\/product"}],"wp:featuredmedia":[{"embeddable":true,"href":"https:\/\/www.compumashn.net\/inicio\/wp-json\/wp\/v2\/media\/4487"}],"wp:attachment":[{"href":"https:\/\/www.compumashn.net\/inicio\/wp-json\/wp\/v2\/media?parent=4483"}],"wp:term":[{"taxonomy":"product_brand","embeddable":true,"href":"https:\/\/www.compumashn.net\/inicio\/wp-json\/wp\/v2\/product_brand?post=4483"},{"taxonomy":"product_cat","embeddable":true,"href":"https:\/\/www.compumashn.net\/inicio\/wp-json\/wp\/v2\/product_cat?post=4483"},{"taxonomy":"product_tag","embeddable":true,"href":"https:\/\/www.compumashn.net\/inicio\/wp-json\/wp\/v2\/product_tag?post=4483"}],"curies":[{"name":"wp","href":"https:\/\/api.w.org\/{rel}","templated":true}]}}