{"id":4541,"date":"2023-12-01T10:57:48","date_gmt":"2023-12-01T16:57:48","guid":{"rendered":"https:\/\/www.compumashn.net\/inicio\/?post_type=product&#038;p=4541"},"modified":"2023-12-01T10:57:49","modified_gmt":"2023-12-01T16:57:49","slug":"router-mercusys-4-antenas-mw325r","status":"publish","type":"product","link":"https:\/\/www.compumashn.net\/inicio\/product\/router-mercusys-4-antenas-mw325r\/","title":{"rendered":"ROUTER MERCUSYS 4 ANTENAS MW325R"},"content":{"rendered":"<ul>\n<li>Cobertura M\u00e1xima \u2013 las cuatro antenas de 5dBi proporcionan hasta 500m2 de cobertura inal\u00e1mbrica.<\/li>\n<li>Se\u00f1al mejorada \u2013 las antenas de alta ganancia aumentan dr\u00e1sticamente la potencia de la se\u00f1al inal\u00e1mbrica, la extensi\u00f3n y la estabilidad.<\/li>\n<li>Velocidad inal\u00e1mbrica de 300Mbps &#8211; ideal para el streaming en HD, video juegos en l\u00ednea y descarga de archivos de gran tama\u00f1o.<\/li>\n<li>Instalaci\u00f3n f\u00e1cil \u2013 la p\u00e1gina web intuitiva lo guiar\u00e1 a trav\u00e9s del proceso de configuraci\u00f3n en cuesti\u00f3n de minutos.<\/li>\n<\/ul>\n","protected":false},"excerpt":{"rendered":"<p>4 ANTENAS DE 5DBI<br \/>\nFRECUENCIA 2.4 GHz<\/p>\n","protected":false},"featured_media":4546,"template":"","meta":{"_monsterinsights_skip_tracking":false,"_monsterinsights_sitenote_active":false,"_monsterinsights_sitenote_note":"","_monsterinsights_sitenote_category":0},"product_brand":[],"product_cat":[156],"product_tag":[],"class_list":{"0":"post-4541","1":"product","2":"type-product","3":"status-publish","4":"has-post-thumbnail","6":"product_cat-routers","7":"notblog","9":"first","10":"instock","11":"taxable","12":"shipping-taxable","13":"purchasable","14":"product-type-simple"},"_links":{"self":[{"href":"https:\/\/www.compumashn.net\/inicio\/wp-json\/wp\/v2\/product\/4541","targetHints":{"allow":["GET"]}}],"collection":[{"href":"https:\/\/www.compumashn.net\/inicio\/wp-json\/wp\/v2\/product"}],"about":[{"href":"https:\/\/www.compumashn.net\/inicio\/wp-json\/wp\/v2\/types\/product"}],"wp:featuredmedia":[{"embeddable":true,"href":"https:\/\/www.compumashn.net\/inicio\/wp-json\/wp\/v2\/media\/4546"}],"wp:attachment":[{"href":"https:\/\/www.compumashn.net\/inicio\/wp-json\/wp\/v2\/media?parent=4541"}],"wp:term":[{"taxonomy":"product_brand","embeddable":true,"href":"https:\/\/www.compumashn.net\/inicio\/wp-json\/wp\/v2\/product_brand?post=4541"},{"taxonomy":"product_cat","embeddable":true,"href":"https:\/\/www.compumashn.net\/inicio\/wp-json\/wp\/v2\/product_cat?post=4541"},{"taxonomy":"product_tag","embeddable":true,"href":"https:\/\/www.compumashn.net\/inicio\/wp-json\/wp\/v2\/product_tag?post=4541"}],"curies":[{"name":"wp","href":"https:\/\/api.w.org\/{rel}","templated":true}]}}