{"id":4571,"date":"2023-12-01T11:39:32","date_gmt":"2023-12-01T17:39:32","guid":{"rendered":"https:\/\/www.compumashn.net\/inicio\/?post_type=product&#038;p=4571"},"modified":"2025-07-06T14:14:41","modified_gmt":"2025-07-06T20:14:41","slug":"switch-tp-link-t1500-28pct-tl-sl2428p","status":"publish","type":"product","link":"https:\/\/www.compumashn.net\/inicio\/product\/switch-tp-link-t1500-28pct-tl-sl2428p\/","title":{"rendered":"SWITCH TP-LINK T1500-28PCT  TL-SL2428P"},"content":{"rendered":"<p>&#8211; Incluye 24\u00a0 puertos PoE+ 802.3at\/af con una potencia de alimentaci\u00f3n total de 192W<\/p>\n<p>&#8211; Integra estrategias de seguridad incluyendo 802.1Q VLAN, Seguridad de Puerto y Control de Tormentas que ayudan a proteger la inversi\u00f3n del \u00e1rea LAN<\/p>\n<p>&#8211; L2\/L3\/L4 QoS e IGMP Snooping para optimizar aplicaciones de v\u00eddeo y voz<\/p>\n<p>&#8211; Acceso por SNMP, RMON, WEB\/CLI que incluyen m\u00faltiples pol\u00edticas de gesti\u00f3n<\/p>\n<p>&#8211; La Imagen Dual aumenta la fiabilidad y tiempo de actividad en su red<\/p>\n","protected":false},"excerpt":{"rendered":"<p>24 PUERTOS FAST ETHERNET<br \/>\n4 PUERTOS GIGABIT<br \/>\n2 RANURAS SFP GIGABIT<\/p>\n","protected":false},"featured_media":4574,"template":"","meta":{"_monsterinsights_skip_tracking":false,"_monsterinsights_sitenote_active":false,"_monsterinsights_sitenote_note":"","_monsterinsights_sitenote_category":0},"product_brand":[162],"product_cat":[157],"product_tag":[],"class_list":{"0":"post-4571","1":"product","2":"type-product","3":"status-publish","4":"has-post-thumbnail","6":"product_brand-tp-link","7":"product_cat-switches-otros-productos","8":"notblog","10":"first","11":"instock","12":"taxable","13":"shipping-taxable","14":"purchasable","15":"product-type-simple"},"_links":{"self":[{"href":"https:\/\/www.compumashn.net\/inicio\/wp-json\/wp\/v2\/product\/4571","targetHints":{"allow":["GET"]}}],"collection":[{"href":"https:\/\/www.compumashn.net\/inicio\/wp-json\/wp\/v2\/product"}],"about":[{"href":"https:\/\/www.compumashn.net\/inicio\/wp-json\/wp\/v2\/types\/product"}],"wp:featuredmedia":[{"embeddable":true,"href":"https:\/\/www.compumashn.net\/inicio\/wp-json\/wp\/v2\/media\/4574"}],"wp:attachment":[{"href":"https:\/\/www.compumashn.net\/inicio\/wp-json\/wp\/v2\/media?parent=4571"}],"wp:term":[{"taxonomy":"product_brand","embeddable":true,"href":"https:\/\/www.compumashn.net\/inicio\/wp-json\/wp\/v2\/product_brand?post=4571"},{"taxonomy":"product_cat","embeddable":true,"href":"https:\/\/www.compumashn.net\/inicio\/wp-json\/wp\/v2\/product_cat?post=4571"},{"taxonomy":"product_tag","embeddable":true,"href":"https:\/\/www.compumashn.net\/inicio\/wp-json\/wp\/v2\/product_tag?post=4571"}],"curies":[{"name":"wp","href":"https:\/\/api.w.org\/{rel}","templated":true}]}}