{"id":4653,"date":"2024-01-30T21:46:25","date_gmt":"2024-01-31T03:46:25","guid":{"rendered":"https:\/\/www.compumashn.net\/inicio\/?post_type=product&#038;p=4653"},"modified":"2025-07-01T21:27:06","modified_gmt":"2025-07-02T03:27:06","slug":"sierra-manual","status":"publish","type":"product","link":"https:\/\/www.compumashn.net\/inicio\/product\/sierra-manual\/","title":{"rendered":"SIERRA MANUAL"},"content":{"rendered":"<ul class=\"detailGuide_cont js-toggleCont toggle-hidden toggle-show\">\n<li>&#8211; Corte alto o bajo: \u00bfEst\u00e1 listo para realizar cualquier tarea? Esta sierra de p\u00e9rtiga manual se puede ajustar a varias alturas con sus 8 p\u00e9rtigas, que van desde 7,3 a 27 pies (2,24 m a 8,24 m). Est\u00e1 dise\u00f1ada para recortar ramas altas, pero tambi\u00e9n se puede utilizar como sierra de mano para podar ramas inferiores, arbustos y troncos.<\/li>\n<li><\/li>\n<li>&#8211; Dise\u00f1o de doble bloqueo: Cuenta con juntas de doble bloqueo, lo que hace que el bloqueo sea firme y sin esfuerzo. Con un peso de 5,9 kg (13 libras), este bast\u00f3n tiene un peso reducido del 10 % y se puede utilizar durante per\u00edodos prolongados sin causar fatiga. No necesita preocuparse por que el poste se doble o rompa durante el uso.<\/li>\n<li><\/li>\n<li>&#8211; Hoja de primera categor\u00eda: La hoja de sierra de p\u00e9rtiga para \u00e1rboles est\u00e1 fabricada con acero al carbono resistente al \u00f3xido y duradero de 0,05&#8243; \/ 1,2 mm de espesor con revestimiento de tefl\u00f3n. La hoja cuenta con un cuchillo con gancho en la parte superior, que puede quitar las ramitas cuando se tira hacia atr\u00e1s, y un cuchillo con gancho en la parte inferior para eliminar las ramas atascadas durante el corte y el recorte, lo que garantiza la eficiencia.<\/li>\n<li><\/li>\n<li>&#8211; Elija c\u00f3mo operar: Adem\u00e1s de la hoja de sierra, incluye tijeras afiladas de acero Mn para cortar ramitas y hojas. La cuerda de nailon compuesta de 3,5 m \/ 11,5 pies es lo suficientemente fuerte para un uso f\u00e1cil y el sistema de poleas le ahorra trabajo.<\/li>\n<\/ul>\n","protected":false},"excerpt":{"rendered":"<ul>\n<li>VEVOR SIERRA DE PERTIGA<\/li>\n<li>MANUAL MANGO EXTENSIBLE<\/li>\n<li>DE 7.3 A 23 PIES<\/li>\n<\/ul>\n","protected":false},"featured_media":4656,"template":"","meta":{"_monsterinsights_skip_tracking":false,"_monsterinsights_sitenote_active":false,"_monsterinsights_sitenote_note":"","_monsterinsights_sitenote_category":0},"product_brand":[],"product_cat":[15],"product_tag":[],"class_list":{"0":"post-4653","1":"product","2":"type-product","3":"status-publish","4":"has-post-thumbnail","6":"product_cat-otros-productos","7":"notblog","9":"first","10":"instock","11":"featured","12":"taxable","13":"shipping-taxable","14":"purchasable","15":"product-type-simple"},"_links":{"self":[{"href":"https:\/\/www.compumashn.net\/inicio\/wp-json\/wp\/v2\/product\/4653","targetHints":{"allow":["GET"]}}],"collection":[{"href":"https:\/\/www.compumashn.net\/inicio\/wp-json\/wp\/v2\/product"}],"about":[{"href":"https:\/\/www.compumashn.net\/inicio\/wp-json\/wp\/v2\/types\/product"}],"wp:featuredmedia":[{"embeddable":true,"href":"https:\/\/www.compumashn.net\/inicio\/wp-json\/wp\/v2\/media\/4656"}],"wp:attachment":[{"href":"https:\/\/www.compumashn.net\/inicio\/wp-json\/wp\/v2\/media?parent=4653"}],"wp:term":[{"taxonomy":"product_brand","embeddable":true,"href":"https:\/\/www.compumashn.net\/inicio\/wp-json\/wp\/v2\/product_brand?post=4653"},{"taxonomy":"product_cat","embeddable":true,"href":"https:\/\/www.compumashn.net\/inicio\/wp-json\/wp\/v2\/product_cat?post=4653"},{"taxonomy":"product_tag","embeddable":true,"href":"https:\/\/www.compumashn.net\/inicio\/wp-json\/wp\/v2\/product_tag?post=4653"}],"curies":[{"name":"wp","href":"https:\/\/api.w.org\/{rel}","templated":true}]}}