{"id":4679,"date":"2024-02-19T20:20:44","date_gmt":"2024-02-20T02:20:44","guid":{"rendered":"https:\/\/www.compumashn.net\/inicio\/?post_type=product&#038;p=4679"},"modified":"2026-03-30T20:55:16","modified_gmt":"2026-03-31T02:55:16","slug":"identificador-optico-de-fibra","status":"publish","type":"product","link":"https:\/\/www.compumashn.net\/inicio\/product\/identificador-optico-de-fibra\/","title":{"rendered":"IDENTIFICADOR OPTICO DE FIBRA"},"content":{"rendered":"<p>Identifica eficientemente la direcci\u00f3n del tr\u00e1fico y el tono de frecuencia (270 hz, 1 khz, 2 khz) muestra la potencia relativa del n\u00facleo; baja detecci\u00f3n falsa y p\u00e9rdida de inserci\u00f3n<\/p>\n","protected":false},"excerpt":{"rendered":"<p>Identifica eficientemente la direcci\u00f3n del tr\u00e1fico y el tono de frecuencia (270 hz, 1 khz, 2 khz) muestra la potencia relativa del n\u00facleo; baja detecci\u00f3n falsa y p\u00e9rdida de inserci\u00f3n<\/p>\n","protected":false},"featured_media":4680,"template":"","meta":{"_monsterinsights_skip_tracking":false,"_monsterinsights_sitenote_active":false,"_monsterinsights_sitenote_note":"","_monsterinsights_sitenote_category":0},"product_brand":[],"product_cat":[132,106],"product_tag":[],"class_list":{"0":"post-4679","1":"product","2":"type-product","3":"status-publish","4":"has-post-thumbnail","6":"product_cat-accesorios-fibra-optica","7":"product_cat-fibra-optica","8":"notblog","10":"first","11":"instock","12":"featured","13":"taxable","14":"shipping-taxable","15":"purchasable","16":"product-type-simple"},"_links":{"self":[{"href":"https:\/\/www.compumashn.net\/inicio\/wp-json\/wp\/v2\/product\/4679","targetHints":{"allow":["GET"]}}],"collection":[{"href":"https:\/\/www.compumashn.net\/inicio\/wp-json\/wp\/v2\/product"}],"about":[{"href":"https:\/\/www.compumashn.net\/inicio\/wp-json\/wp\/v2\/types\/product"}],"wp:featuredmedia":[{"embeddable":true,"href":"https:\/\/www.compumashn.net\/inicio\/wp-json\/wp\/v2\/media\/4680"}],"wp:attachment":[{"href":"https:\/\/www.compumashn.net\/inicio\/wp-json\/wp\/v2\/media?parent=4679"}],"wp:term":[{"taxonomy":"product_brand","embeddable":true,"href":"https:\/\/www.compumashn.net\/inicio\/wp-json\/wp\/v2\/product_brand?post=4679"},{"taxonomy":"product_cat","embeddable":true,"href":"https:\/\/www.compumashn.net\/inicio\/wp-json\/wp\/v2\/product_cat?post=4679"},{"taxonomy":"product_tag","embeddable":true,"href":"https:\/\/www.compumashn.net\/inicio\/wp-json\/wp\/v2\/product_tag?post=4679"}],"curies":[{"name":"wp","href":"https:\/\/api.w.org\/{rel}","templated":true}]}}