{"id":4683,"date":"2024-02-20T20:40:23","date_gmt":"2024-02-21T02:40:23","guid":{"rendered":"https:\/\/www.compumashn.net\/inicio\/?post_type=product&#038;p=4683"},"modified":"2025-07-06T12:14:42","modified_gmt":"2025-07-06T18:14:42","slug":"lapiz-limpiador-2-5mm","status":"publish","type":"product","link":"https:\/\/www.compumashn.net\/inicio\/product\/lapiz-limpiador-2-5mm\/","title":{"rendered":"LAPIZ LIMPIADOR 2.5MM"},"content":{"rendered":"<p>El l\u00e1piz limpiador de fibra \u00f3ptica est\u00e1 dise\u00f1ado para funcionar especialmente bien con los conectores hembra.<br \/>\nEste instrumento limpia las caras de los extremos de la f\u00e9rula eliminando el polvo, el aceite y otros desechos sin mellar ni rayar la cara del extremo.<\/p>\n","protected":false},"excerpt":{"rendered":"<p>LAPIZ OPTICO<br \/>\nMODELO: FO-CP 2.5MM<\/p>\n","protected":false},"featured_media":4685,"template":"","meta":{"_monsterinsights_skip_tracking":false,"_monsterinsights_sitenote_active":false,"_monsterinsights_sitenote_note":"","_monsterinsights_sitenote_category":0},"product_brand":[],"product_cat":[132,106],"product_tag":[],"class_list":{"0":"post-4683","1":"product","2":"type-product","3":"status-publish","4":"has-post-thumbnail","6":"product_cat-accesorios-fibra-optica","7":"product_cat-fibra-optica","8":"notblog","10":"first","11":"instock","12":"featured","13":"taxable","14":"shipping-taxable","15":"purchasable","16":"product-type-simple"},"_links":{"self":[{"href":"https:\/\/www.compumashn.net\/inicio\/wp-json\/wp\/v2\/product\/4683","targetHints":{"allow":["GET"]}}],"collection":[{"href":"https:\/\/www.compumashn.net\/inicio\/wp-json\/wp\/v2\/product"}],"about":[{"href":"https:\/\/www.compumashn.net\/inicio\/wp-json\/wp\/v2\/types\/product"}],"wp:featuredmedia":[{"embeddable":true,"href":"https:\/\/www.compumashn.net\/inicio\/wp-json\/wp\/v2\/media\/4685"}],"wp:attachment":[{"href":"https:\/\/www.compumashn.net\/inicio\/wp-json\/wp\/v2\/media?parent=4683"}],"wp:term":[{"taxonomy":"product_brand","embeddable":true,"href":"https:\/\/www.compumashn.net\/inicio\/wp-json\/wp\/v2\/product_brand?post=4683"},{"taxonomy":"product_cat","embeddable":true,"href":"https:\/\/www.compumashn.net\/inicio\/wp-json\/wp\/v2\/product_cat?post=4683"},{"taxonomy":"product_tag","embeddable":true,"href":"https:\/\/www.compumashn.net\/inicio\/wp-json\/wp\/v2\/product_tag?post=4683"}],"curies":[{"name":"wp","href":"https:\/\/api.w.org\/{rel}","templated":true}]}}