{"id":4687,"date":"2024-02-20T21:28:29","date_gmt":"2024-02-21T03:28:29","guid":{"rendered":"https:\/\/www.compumashn.net\/inicio\/?post_type=product&#038;p=4687"},"modified":"2025-03-16T20:46:42","modified_gmt":"2025-03-17T02:46:42","slug":"baterias-de-litio","status":"publish","type":"product","link":"https:\/\/www.compumashn.net\/inicio\/product\/baterias-de-litio\/","title":{"rendered":"BATERIAS DE LITIO"},"content":{"rendered":"<div>En comparaci\u00f3n con las bater\u00edas de plomo-\u00e1cido tradicionales, las ventajas de las bater\u00edas de litio son m\u00e1s obvias.<br \/>\n&#8211; Mayor seguridad, tama\u00f1o peque\u00f1o, peso ligero, velocidad de carga r\u00e1pida.<br \/>\n&#8211; La tasa de autodescarga es menor y la densidad de energ\u00eda es mayor.<br \/>\n&#8211; Mayor comodidad y mayor vida \u00fatil.<\/div>\n<div>&#8211; Admite conexi\u00f3n en paralelo, como m\u00e1ximo 14 unidades en paralelo.<\/div>\n","protected":false},"excerpt":{"rendered":"<p>BATERIA DE IONES DE LITIO<\/p>\n","protected":false},"featured_media":4696,"template":"","meta":{"_monsterinsights_skip_tracking":false,"_monsterinsights_sitenote_active":false,"_monsterinsights_sitenote_note":"","_monsterinsights_sitenote_category":0},"product_brand":[],"product_cat":[124,121],"product_tag":[],"class_list":{"0":"post-4687","1":"product","2":"type-product","3":"status-publish","4":"has-post-thumbnail","6":"product_cat-baterias","7":"product_cat-electricidad","8":"notblog","10":"first","11":"instock","12":"featured","13":"taxable","14":"shipping-taxable","15":"purchasable","16":"product-type-variable"},"_links":{"self":[{"href":"https:\/\/www.compumashn.net\/inicio\/wp-json\/wp\/v2\/product\/4687","targetHints":{"allow":["GET"]}}],"collection":[{"href":"https:\/\/www.compumashn.net\/inicio\/wp-json\/wp\/v2\/product"}],"about":[{"href":"https:\/\/www.compumashn.net\/inicio\/wp-json\/wp\/v2\/types\/product"}],"wp:featuredmedia":[{"embeddable":true,"href":"https:\/\/www.compumashn.net\/inicio\/wp-json\/wp\/v2\/media\/4696"}],"wp:attachment":[{"href":"https:\/\/www.compumashn.net\/inicio\/wp-json\/wp\/v2\/media?parent=4687"}],"wp:term":[{"taxonomy":"product_brand","embeddable":true,"href":"https:\/\/www.compumashn.net\/inicio\/wp-json\/wp\/v2\/product_brand?post=4687"},{"taxonomy":"product_cat","embeddable":true,"href":"https:\/\/www.compumashn.net\/inicio\/wp-json\/wp\/v2\/product_cat?post=4687"},{"taxonomy":"product_tag","embeddable":true,"href":"https:\/\/www.compumashn.net\/inicio\/wp-json\/wp\/v2\/product_tag?post=4687"}],"curies":[{"name":"wp","href":"https:\/\/api.w.org\/{rel}","templated":true}]}}