{"id":4702,"date":"2024-02-20T21:35:26","date_gmt":"2024-02-21T03:35:26","guid":{"rendered":"https:\/\/www.compumashn.net\/inicio\/?post_type=product&#038;p=4702"},"modified":"2024-02-20T21:44:32","modified_gmt":"2024-02-21T03:44:32","slug":"tenaza-crimpadora","status":"publish","type":"product","link":"https:\/\/www.compumashn.net\/inicio\/product\/tenaza-crimpadora\/","title":{"rendered":"TENAZA CRIMPADORA"},"content":{"rendered":"<ul>\n<li>&#8211; Cuchilla afilada y f\u00e1cil de cortar.<\/li>\n<li>&#8211; Cuchilla resistente al desgaste, para garantizar que el corte de la formaci\u00f3n del puerto, sin fallas.<\/li>\n<li>&#8211; Pr\u00e1ctico dise\u00f1o de pestillo, ahorra tiempo y esfuerzo, f\u00e1cil de suprimir, incorporando simple.<\/li>\n<li>&#8211; El dise\u00f1o ergon\u00f3mico del mango proporciona una mejor potencia de agarre.<\/li>\n<li>&#8211; Supresi\u00f3n profesional RG59, 58, 6 cable coaxial F, BNC, conector RCA para garantizar la calidad de la supresi\u00f3n mientras muestra una apariencia hermosa.<\/li>\n<li>&#8211; Exquisita mano de obra. Alta resistencia y dureza. F\u00e1cil de operar. Duradero en uso.<\/li>\n<\/ul>\n","protected":false},"excerpt":{"rendered":"<p>TENAZA CRIMPADORA PARA RG58, RG59, RG6<\/p>\n","protected":false},"featured_media":4703,"template":"","meta":{"_monsterinsights_skip_tracking":false,"_monsterinsights_sitenote_active":false,"_monsterinsights_sitenote_note":"","_monsterinsights_sitenote_category":0},"product_brand":[],"product_cat":[132,106],"product_tag":[],"class_list":{"0":"post-4702","1":"product","2":"type-product","3":"status-publish","4":"has-post-thumbnail","6":"product_cat-accesorios-fibra-optica","7":"product_cat-fibra-optica","8":"notblog","10":"first","11":"instock","12":"featured","13":"taxable","14":"shipping-taxable","15":"purchasable","16":"product-type-simple"},"_links":{"self":[{"href":"https:\/\/www.compumashn.net\/inicio\/wp-json\/wp\/v2\/product\/4702","targetHints":{"allow":["GET"]}}],"collection":[{"href":"https:\/\/www.compumashn.net\/inicio\/wp-json\/wp\/v2\/product"}],"about":[{"href":"https:\/\/www.compumashn.net\/inicio\/wp-json\/wp\/v2\/types\/product"}],"wp:featuredmedia":[{"embeddable":true,"href":"https:\/\/www.compumashn.net\/inicio\/wp-json\/wp\/v2\/media\/4703"}],"wp:attachment":[{"href":"https:\/\/www.compumashn.net\/inicio\/wp-json\/wp\/v2\/media?parent=4702"}],"wp:term":[{"taxonomy":"product_brand","embeddable":true,"href":"https:\/\/www.compumashn.net\/inicio\/wp-json\/wp\/v2\/product_brand?post=4702"},{"taxonomy":"product_cat","embeddable":true,"href":"https:\/\/www.compumashn.net\/inicio\/wp-json\/wp\/v2\/product_cat?post=4702"},{"taxonomy":"product_tag","embeddable":true,"href":"https:\/\/www.compumashn.net\/inicio\/wp-json\/wp\/v2\/product_tag?post=4702"}],"curies":[{"name":"wp","href":"https:\/\/api.w.org\/{rel}","templated":true}]}}