{"id":4984,"date":"2025-01-06T09:05:56","date_gmt":"2025-01-06T15:05:56","guid":{"rendered":"https:\/\/www.compumashn.net\/inicio\/?post_type=product&#038;p=4984"},"modified":"2025-07-06T11:41:45","modified_gmt":"2025-07-06T17:41:45","slug":"tuerca-de-ojo-galvanizado","status":"publish","type":"product","link":"https:\/\/www.compumashn.net\/inicio\/product\/tuerca-de-ojo-galvanizado\/","title":{"rendered":"TUERCA DE OJO GALVANIZADO"},"content":{"rendered":"<p>La tuerca de ojo galvanizada es un elemento de fijaci\u00f3n vers\u00e1til y resistente, ideal para aplicaciones que requieren una conexi\u00f3n segura y f\u00e1cil de elementos a estructuras.<\/p>\n","protected":false},"excerpt":{"rendered":"<p>Este tipo de tuerca ofrece una soluci\u00f3n segura y confiable para una amplia gama de aplicaciones.<\/p>\n","protected":false},"featured_media":4985,"template":"","meta":{"_monsterinsights_skip_tracking":false,"_monsterinsights_sitenote_active":false,"_monsterinsights_sitenote_note":"","_monsterinsights_sitenote_category":0},"product_brand":[],"product_cat":[104,110],"product_tag":[],"class_list":{"0":"post-4984","1":"product","2":"type-product","3":"status-publish","4":"has-post-thumbnail","6":"product_cat-accesorios","7":"product_cat-herrajeria","8":"notblog","10":"first","11":"instock","12":"taxable","13":"shipping-taxable","14":"purchasable","15":"product-type-simple"},"_links":{"self":[{"href":"https:\/\/www.compumashn.net\/inicio\/wp-json\/wp\/v2\/product\/4984","targetHints":{"allow":["GET"]}}],"collection":[{"href":"https:\/\/www.compumashn.net\/inicio\/wp-json\/wp\/v2\/product"}],"about":[{"href":"https:\/\/www.compumashn.net\/inicio\/wp-json\/wp\/v2\/types\/product"}],"wp:featuredmedia":[{"embeddable":true,"href":"https:\/\/www.compumashn.net\/inicio\/wp-json\/wp\/v2\/media\/4985"}],"wp:attachment":[{"href":"https:\/\/www.compumashn.net\/inicio\/wp-json\/wp\/v2\/media?parent=4984"}],"wp:term":[{"taxonomy":"product_brand","embeddable":true,"href":"https:\/\/www.compumashn.net\/inicio\/wp-json\/wp\/v2\/product_brand?post=4984"},{"taxonomy":"product_cat","embeddable":true,"href":"https:\/\/www.compumashn.net\/inicio\/wp-json\/wp\/v2\/product_cat?post=4984"},{"taxonomy":"product_tag","embeddable":true,"href":"https:\/\/www.compumashn.net\/inicio\/wp-json\/wp\/v2\/product_tag?post=4984"}],"curies":[{"name":"wp","href":"https:\/\/api.w.org\/{rel}","templated":true}]}}