{"id":5021,"date":"2025-01-27T20:58:32","date_gmt":"2025-01-28T02:58:32","guid":{"rendered":"https:\/\/www.compumashn.net\/inicio\/?post_type=product&#038;p=5021"},"modified":"2025-07-06T13:03:06","modified_gmt":"2025-07-06T19:03:06","slug":"mikrotik-crs328-24p-4srm","status":"publish","type":"product","link":"https:\/\/www.compumashn.net\/inicio\/product\/mikrotik-crs328-24p-4srm\/","title":{"rendered":"MIKROTIK CRS328-24P-4S+RM"},"content":{"rendered":"<p>CRS328-24P-4S+RM es un switch de 28 puertos independientes, cuenta con 24 puertos Gigabit Ethernet, los cuales ofrecen diferentes opciones de salida de potencia: PoE pasivo, PoE de bajo voltaje, 802.3af\/at (Tipo 1 \u201cPoE\u201d \/ Tipo 2 \u201cPoE+\u201d) con detecci\u00f3n autom\u00e1tica. La salida PoE se transmite a trav\u00e9s de pines de modo B (4,5+)(7,8-). Los cuatro puertos SFP+ brindan opciones de conectividad de hasta 10 Gbps a trav\u00e9s de fibra \u00f3ptica o m\u00f3dulos Ethernet (no incluidos).<\/p>\n<p>El CRS328-24P-4S+RM viene en un gabinete para montaje en rack de 1U con una fuente de alimentaci\u00f3n de 100-240 V CA de 500 W incorporada. El dispositivo consume hasta 44 W, lo que deja 450 W garantizados (3 x 150 W por cada 8 puertos Ethernet) para alimentar sus dispositivos PoE. Cada puerto puede proporcionar hasta 30 W de energ\u00eda con cualquier opci\u00f3n de salida de energ\u00eda que elija.<\/p>\n","protected":false},"excerpt":{"rendered":"<p>Enrutador\/conmutador Gigabit Ethernet de 24 puertos con cuatro puertos SFP+ de 10 Gbps en un chasis de montaje en rack de 1U, arranque dual y salida PoE, 500 W.<\/p>\n","protected":false},"featured_media":5022,"template":"","meta":{"_monsterinsights_skip_tracking":false,"_monsterinsights_sitenote_active":false,"_monsterinsights_sitenote_note":"","_monsterinsights_sitenote_category":0},"product_brand":[159],"product_cat":[149,150],"product_tag":[],"class_list":{"0":"post-5021","1":"product","2":"type-product","3":"status-publish","4":"has-post-thumbnail","6":"product_brand-mikrotik","7":"product_cat-mikrotik","8":"product_cat-routers-ethernet","9":"notblog","11":"first","12":"instock","13":"taxable","14":"shipping-taxable","15":"purchasable","16":"product-type-simple"},"_links":{"self":[{"href":"https:\/\/www.compumashn.net\/inicio\/wp-json\/wp\/v2\/product\/5021","targetHints":{"allow":["GET"]}}],"collection":[{"href":"https:\/\/www.compumashn.net\/inicio\/wp-json\/wp\/v2\/product"}],"about":[{"href":"https:\/\/www.compumashn.net\/inicio\/wp-json\/wp\/v2\/types\/product"}],"wp:featuredmedia":[{"embeddable":true,"href":"https:\/\/www.compumashn.net\/inicio\/wp-json\/wp\/v2\/media\/5022"}],"wp:attachment":[{"href":"https:\/\/www.compumashn.net\/inicio\/wp-json\/wp\/v2\/media?parent=5021"}],"wp:term":[{"taxonomy":"product_brand","embeddable":true,"href":"https:\/\/www.compumashn.net\/inicio\/wp-json\/wp\/v2\/product_brand?post=5021"},{"taxonomy":"product_cat","embeddable":true,"href":"https:\/\/www.compumashn.net\/inicio\/wp-json\/wp\/v2\/product_cat?post=5021"},{"taxonomy":"product_tag","embeddable":true,"href":"https:\/\/www.compumashn.net\/inicio\/wp-json\/wp\/v2\/product_tag?post=5021"}],"curies":[{"name":"wp","href":"https:\/\/api.w.org\/{rel}","templated":true}]}}